{"id":211,"date":"2017-04-26T17:04:47","date_gmt":"2017-04-26T17:04:47","guid":{"rendered":"http:\/\/sites.ipleiria.pt\/cipc2017\/?page_id=211"},"modified":"2017-07-20T13:28:12","modified_gmt":"2017-07-20T13:28:12","slug":"resumes","status":"publish","type":"page","link":"https:\/\/sites.ipleiria.pt\/cipc2017\/fr\/resumes\/","title":{"rendered":"R\u00e9sum\u00e9s"},"content":{"rendered":"<p><strong>Dates importantes:<\/strong><\/p>\n<p>30 juin 2017 &#8211; Soumission des r\u00e9sum\u00e9s (examen par les pairs) &#8211;\u00a0<strong>2\u00e8me appel &#8211; 28\/07\/2017<\/strong><br \/>\n30 juillet 2017 &#8211; R\u00e9ponse aux soumissionnaires<br \/>\n15 \u00a0ao\u00fbt 2017 &#8211; D\u00e9p\u00f4t des documents (examen par les pairs)<br \/>\n05 septembre 2017 &#8211; R\u00e9ponse aux soumissionnaires<br \/>\n10 septembre 2017 &#8211; D\u00e9p\u00f4t des articles corrig\u00e9s par les promoteurs<\/p>\n<p><strong>Formats \/ R\u00e9sum\u00e9 et r\u00e8gles Section<\/strong><\/p>\n<p><strong>R\u00e9sum\u00e9:<\/strong><br \/>\nLes propositions de communication abstraites doivent \u00eatre soumises en ligne jusqu&#8217;au 15 Juin 2017.<\/p>\n<p><a href=\"https:\/\/goo.gl\/forms\/CHTb5o5Vr428QbX52\" target=\"_blank\" rel=\"noopener noreferrer\">Rendez-vous ici au formulaire<\/a><\/p>\n<p>&nbsp;<\/p>\n<p>Pr\u00e9sentation orale: 15 minutes<br \/>\nLes \u00e9quipements disponibles: PC, projecteur, Internet sans fil<\/p>\n<p><strong>Article:<\/strong><br \/>\nLa pr\u00e9sentation des articles destin\u00e9s \u00e0 la diffusion de la recherche, des exp\u00e9riences, des projets, des outils et des mat\u00e9riaux.<br \/>\nLes articles doivent \u00eatre soumises en ligne jusqu&#8217;au jour 15 Juillet, 2017 un maximum de 15 pages, comme indiqu\u00e9 dans la section &#8220;Papers&#8221;.<br \/>\nLes textes seront soumis \u00e0 un examen par les pairs et publi\u00e9 dans le\u00a0livre.<br \/>\nApr\u00e8s \u00e9valuation, le Comit\u00e9 d&#8217;organisation du Congr\u00e8s enverra aux auteurs par e-mail, note sur l&#8217;acceptation des propositions soumises jusqu&#8217;au jour 30 Juillet, 2017<\/p>\n","protected":false},"excerpt":{"rendered":"<p>Dates importantes: 30 juin 2017 &#8211; Soumission des r\u00e9sum\u00e9s (examen par les pairs) &#8211;\u00a02\u00e8me appel &#8211; 28\/07\/2017 30 juillet 2017 &#8211; R\u00e9ponse aux soumissionnaires 15 \u00a0ao\u00fbt 2017 &#8211; D\u00e9p\u00f4t des documents (examen par les pairs) 05 septembre 2017 &#8211; R\u00e9ponse&hellip;  <\/p>\n<p class=\"more-link\"><a href=\"https:\/\/sites.ipleiria.pt\/cipc2017\/fr\/resumes\/\">Continue reading <span class=\"meta-nav\">&rarr;<\/span><\/a><\/p>\n","protected":false},"author":102,"featured_media":0,"parent":0,"menu_order":0,"comment_status":"closed","ping_status":"closed","template":"","meta":{"footnotes":""},"class_list":["post-211","page","type-page","status-publish","hentry"],"_links":{"self":[{"href":"https:\/\/sites.ipleiria.pt\/cipc2017\/wp-json\/wp\/v2\/pages\/211","targetHints":{"allow":["GET"]}}],"collection":[{"href":"https:\/\/sites.ipleiria.pt\/cipc2017\/wp-json\/wp\/v2\/pages"}],"about":[{"href":"https:\/\/sites.ipleiria.pt\/cipc2017\/wp-json\/wp\/v2\/types\/page"}],"author":[{"embeddable":true,"href":"https:\/\/sites.ipleiria.pt\/cipc2017\/wp-json\/wp\/v2\/users\/102"}],"replies":[{"embeddable":true,"href":"https:\/\/sites.ipleiria.pt\/cipc2017\/wp-json\/wp\/v2\/comments?post=211"}],"version-history":[{"count":9,"href":"https:\/\/sites.ipleiria.pt\/cipc2017\/wp-json\/wp\/v2\/pages\/211\/revisions"}],"predecessor-version":[{"id":382,"href":"https:\/\/sites.ipleiria.pt\/cipc2017\/wp-json\/wp\/v2\/pages\/211\/revisions\/382"}],"wp:attachment":[{"href":"https:\/\/sites.ipleiria.pt\/cipc2017\/wp-json\/wp\/v2\/media?parent=211"}],"curies":[{"name":"wp","href":"https:\/\/api.w.org\/{rel}","templated":true}]}}