{"id":213,"date":"2017-04-26T17:05:04","date_gmt":"2017-04-26T17:05:04","guid":{"rendered":"http:\/\/sites.ipleiria.pt\/cipc2017\/?page_id=213"},"modified":"2017-04-28T13:14:48","modified_gmt":"2017-04-28T13:14:48","slug":"papers-2","status":"publish","type":"page","link":"https:\/\/sites.ipleiria.pt\/cipc2017\/fr\/papers-2\/","title":{"rendered":"Papers"},"content":{"rendered":"<p><strong>Article<\/strong><br \/>\n1. Titre et auteur (s): alignement centr\u00e9: Titre de l&#8217;article (en majuscules gras.<br \/>\nNom (s) (s) auteur (s). Institution \/ institution Appartenance<\/p>\n<p>2. R\u00e9sum\u00e9: Times New Roman, taille 10, maximum 200 mots,<br \/>\nmarge de droite et de gauche de 3 cm; interligne simple, alignement,<br \/>\ntiret justifi\u00e9 paragraphe de 1 cm \u00e0 droite et \u00e0 gauche;<\/p>\n<p>3. Corps du texte: Times New Roman, taille 12, la marge droit et gauche, sup\u00e9rieure et inf\u00e9rieur &#8211; 3 cm, l&#8217;espacement 1,5; ne donnent pas l&#8217;espacement entre les paragraphes (0 point); alignement justifi\u00e9; faire avancer la premi\u00e8re ligne du paragraphe 1 cm; rubriques et sous-rubriques en gras. Maximum de 15 pages (bibliographie compris, tableaux, figures, tableaux ou annexes).<\/p>\n<p>4. Langue: portugais, espagnol, anglais et fran\u00e7ais.<\/p>\n<p>5. Article Extensibilit\u00e9: 10 pages minimum, maximum 15 pages.<\/p>\n<p>6. Citations bibliographiques et \/ ou r\u00e9f\u00e9renc\u00e9es dans le texte (auteur, ann\u00e9e, p.<br \/>\nPage \/ s pour ex:. (Sobral, 1992 30)).<\/p>\n<p>7. Les notes num\u00e9rot\u00e9es s\u00e9quentiellement plac\u00e9es sur la page elle-m\u00eame.<\/p>\n<p>8. R\u00e9f\u00e9rences class\u00e9es par ordre alphab\u00e9tique selon le syst\u00e8me<br \/>\nauteur \/ date \/ titre \/ ville \/ \u00e9diteur, mettre en italique le titre du livre ou le titre de<br \/>\nle magazine o\u00f9 les chapitres et articles sont publi\u00e9s respectivement. la<br \/>\nLes auteurs ne doivent pas \u00eatre \u00e9crits en lettres majuscules. L&#8217;espacement entre les lignes.<br \/>\nTaille de la police 10. (Voir normes APA, 6e \u00e9dition &#8211; obligatoire)<\/p>\n","protected":false},"excerpt":{"rendered":"<p>Article 1. Titre et auteur (s): alignement centr\u00e9: Titre de l&#8217;article (en majuscules gras. Nom (s) (s) auteur (s). Institution \/ institution Appartenance 2. R\u00e9sum\u00e9: Times New Roman, taille 10, maximum 200 mots, marge de droite et de gauche de&hellip;  <\/p>\n<p class=\"more-link\"><a href=\"https:\/\/sites.ipleiria.pt\/cipc2017\/fr\/papers-2\/\">Continue reading <span class=\"meta-nav\">&rarr;<\/span><\/a><\/p>\n","protected":false},"author":102,"featured_media":0,"parent":0,"menu_order":0,"comment_status":"closed","ping_status":"closed","template":"","meta":{"footnotes":""},"class_list":["post-213","page","type-page","status-publish","hentry"],"_links":{"self":[{"href":"https:\/\/sites.ipleiria.pt\/cipc2017\/wp-json\/wp\/v2\/pages\/213","targetHints":{"allow":["GET"]}}],"collection":[{"href":"https:\/\/sites.ipleiria.pt\/cipc2017\/wp-json\/wp\/v2\/pages"}],"about":[{"href":"https:\/\/sites.ipleiria.pt\/cipc2017\/wp-json\/wp\/v2\/types\/page"}],"author":[{"embeddable":true,"href":"https:\/\/sites.ipleiria.pt\/cipc2017\/wp-json\/wp\/v2\/users\/102"}],"replies":[{"embeddable":true,"href":"https:\/\/sites.ipleiria.pt\/cipc2017\/wp-json\/wp\/v2\/comments?post=213"}],"version-history":[{"count":3,"href":"https:\/\/sites.ipleiria.pt\/cipc2017\/wp-json\/wp\/v2\/pages\/213\/revisions"}],"predecessor-version":[{"id":268,"href":"https:\/\/sites.ipleiria.pt\/cipc2017\/wp-json\/wp\/v2\/pages\/213\/revisions\/268"}],"wp:attachment":[{"href":"https:\/\/sites.ipleiria.pt\/cipc2017\/wp-json\/wp\/v2\/media?parent=213"}],"curies":[{"name":"wp","href":"https:\/\/api.w.org\/{rel}","templated":true}]}}