{"id":63,"date":"2017-04-06T14:51:10","date_gmt":"2017-04-06T14:51:10","guid":{"rendered":"http:\/\/sites.ipleiria.pt\/cipc2017\/?page_id=63"},"modified":"2017-11-01T15:31:45","modified_gmt":"2017-11-01T15:31:45","slug":"programa","status":"publish","type":"page","link":"https:\/\/sites.ipleiria.pt\/cipc2017\/pt\/programa\/","title":{"rendered":"Programa Geral"},"content":{"rendered":"<p style=\"text-align: center\"><strong>Audit\u00f3rio 1 &#8211; Escola Superior de Educa\u00e7\u00e3o e Ci\u00eancias Sociais de Leiria<\/strong><br \/>\n<strong>Instituto Polit\u00e9cnico de Leiria<\/strong><\/p>\n<p style=\"text-align: center\"><strong>26\/10\/201<\/strong>7<\/p>\n<p><strong>8.30 \u2013 9.00: Rece\u00e7\u00e3o e entrega de pastas<\/strong><\/p>\n<p><strong>Abertura do congresso: 9.00 &#8211; 10.00<\/strong><br \/>\nCerim\u00f3nia de Abertura: Organiza\u00e7\u00e3o do Congresso; Presidente do Instituto Polit\u00e9cnico de Leiria; Diretora da Escola Superior de Educa\u00e7\u00e3o e Ci\u00eancias Sociais de Leiria; CICS-Nova (IPLeiria); NIDE (ESECS)<\/p>\n<p><strong>Oradores de abertura: 10.00 \u2013 11.00<\/strong><br \/>\n10.00 \u2013 10.30<br \/>\nGenoveva Oliveira \u2013 Curadora\/ Educadora art\u00edstica\/Investigadora<\/p>\n<p>10.30 \u2013 11.00<br \/>\nJoaquim Ruivo \u2013 Diretor do Mosteiro de Santa Maria da Vit\u00f3ria (Batalha)<\/p>\n<p><strong>Intervalo: 11.00 \u2013 11.10<\/strong><\/p>\n<p><b>Sess\u00e3o Plen\u00e1ria 1<\/b><\/p>\n<p>11.10 \u2013 12.10<br \/>\nModerador: Genoveva Oliveira<\/p>\n<p>Maria Teresa Amado &#8211; Dep. Hist\u00f3ria- Universidade de \u00c9vora, Portugal<br \/>\n<strong>Arte Judicial: Mem\u00f3ria e Identidade<\/strong><\/p>\n<p>Sara Shomalzadeh e Mohammadjavad Mahdavinejad &#8211; Tarbiat Modares University, Iran<br \/>\n<strong>Nightscape of Cultural Heritage: Learning from Best Practice of Lighting Architecture<\/strong><\/p>\n<p>Lu\u00edsa Pimentel e Sara Lopes &#8211; CICS.NOVA.IPLeiria; Esecs-IPLeiria, Portugal<br \/>\n<strong>O Patrim\u00f3nio hist\u00f3rico e cultural na forma\u00e7\u00e3o de estudantes seniores<\/strong><\/p>\n<p><strong>12.10 &#8211; 13.30 &#8211; Almo\u00e7o<\/strong><\/p>\n<p><strong>Sess\u00e3o Plen\u00e1ria 2<\/strong><br \/>\n13.30 \u2013 14.30<br \/>\nModerador: Ricardo Vieira<\/p>\n<p>Andr\u00e9a de Oliveira e Rosane Pertile \u2013 Museu Hist\u00f3rico prefeito Jos\u00e9 Schimdt de S\u00e3o Francisco do Sul e Escola B\u00e1sica Municipal Alvaro Tancredo Dipold, Brasil<br \/>\n<strong>Desvendando o patrim\u00f4nio \u2013 significados, rela\u00e7\u00f5es e pertencimentos a partir do Centro Hist\u00f3rico de S\u00e3o Francisco do Sul, estado de Santa Catarina, Brasil.<\/strong><\/p>\n<p>Patr\u00edcia Soares e Pedro Redol &#8211; Dire\u00e7\u00e3o-Geral do patrim\u00f3nio Cultural | Mosteiro da Batalha, Portugal<br \/>\n<strong>Monumentos acess\u00edveis \u2013 algumas a\u00e7\u00f5es no Mosteiro da Batalha<\/strong><\/p>\n<p><strong>Sess\u00f5es Paralelas<\/strong><br \/>\n14.40 \u2013 15.40<br \/>\nModerador: Jos\u00e9 Vicente<\/p>\n<p>Catarina Barreira &#8211; IEM FCSH UNL e CEHR UCP, Portugal<br \/>\n<strong>Conhecer e divulgar os manuscritos iluminados do Mosteiro de Alcoba\u00e7a<\/strong><\/p>\n<p>Caroline Grant &#8211; University of Western Australia, Australia<br \/>\n<strong>Cultural heritage of pome fruits in England and Australia<\/strong><\/p>\n<p>Leonardo Charr\u00e9u &#8211; Escola Superior de Educa\u00e7\u00e3o, Instituto Polit\u00e9cnico de Lisboa, Portugal<br \/>\n<strong>A experi\u00eancia vivida enquanto patrim\u00f3nio: uma fundamenta\u00e7\u00e3o e um exemplo concreto sobre o que \u00e9 poss\u00edvel fazer a partir da Etnografia e do Folclore em Portugal<\/strong><\/p>\n<p><strong>15.40 \u2013 15.50: Intervalo<\/strong><\/p>\n<p><strong>Sess\u00f5es Paralelas<\/strong><br \/>\n15.50 \u2013 17.00<br \/>\nModerador: Cristina Nobre<\/p>\n<p>Cristina Nobre &#8211; CICS.NOVA-IPL, Portugal<br \/>\n<strong>Afonso Lopes Vieira: os Ser\u00f5es de Alcoba\u00e7a como edifica\u00e7\u00e3o de um patrim\u00f3nio portugu\u00eas e do mundo<\/strong><\/p>\n<p>Mahdavinejad, Mohammadjavad; Didehban, Mohammad; Bazazzadeh, Hasan; Ghomeshi, Mohsen &#8211; Tarbiat Modares University, Iran. Jondishapour University of Technology, Iran. Tehran University, Iran<br \/>\n<strong>Study of relationship between physical conditions of entrances and users&#8217; understanding at industrial heritage sites<\/strong><\/p>\n<p>Jos\u00e9 Vicente e Cezarina Maur\u00edcio \/ IPLeiria, Portugal<br \/>\n<strong>Ateli\u00eas de arte no tratamento de toxicodependentes em Comunidade Terap\u00eautica<\/strong><\/p>\n<p><strong>Sess\u00e3o\u00a0 Plen\u00e1ria 3<\/strong><br \/>\n17.15 \u2013 18.15<br \/>\nModerador: Sandrine Milhano<\/p>\n<p>Fernando Magalh\u00e3es \u2013 CICS-Nova \/ IPLeiria, Portugal<br \/>\n<strong>Centros Hist\u00f3ricos e ecomuseus: construindo pontes entre turistas, locais e patrim\u00f3nio<\/strong><\/p>\n<p>Marco Gomes \u2013 ESECS\/IPLeiria, Portugal<br \/>\n<strong>Patrim\u00f3nio e identidade. Culturas alternativas na It\u00e1lia dos anos 70<\/strong><\/p>\n<p>Mansoor Bahadori, Mohammadjavad Mahdavinejad &#8211; Tarbiat Modares University, Iran<br \/>\n<strong>Bioclimatic approach towards touristic destinations: energy efficient architecture and planning for redesign of cultural heritage sites<\/strong><\/p>\n<p>Maryam Mokhtari afjedi , Aidin Mottahedin, Mohammadjavad Mahdavinejad &#8211; International University of Imam Khomeini, Iran. Tarbiat Modares University, Iran<br \/>\n<strong>Restructuring Redevelopment Plan of Industrial Heritage Sites and Monuments<\/strong><\/p>\n<p>Renata Coelho Sartori; Maria da Concei\u00e7\u00e3o Almeida &#8211; GRECOM\/UFRN-BRASIL, Brasil<br \/>\n<strong>Patrim\u00f3nio e Mem\u00f3ria aqu\u00e9m e al\u00e9m do mar: Vi\u00e7osa do Cear\u00e1\/BR e Vila Vi\u00e7osa\/PT<\/strong><\/p>\n<p>&nbsp;<\/p>\n<p style=\"text-align: center\"><strong>Audit\u00f3rio 2 &#8211; Escola Superior de Educa\u00e7\u00e3o e Ci\u00eancias Sociais de Leiria<\/strong><\/p>\n<p><strong>Sess\u00f5es Paralelas<\/strong><br \/>\n14.40 \u2013 15.40<\/p>\n<p>Moderador: Jos\u00e9 Trindade<br \/>\nAna David Mendes \u2013 Museu da Imagem em Movimento, Portugal<br \/>\n<strong>Lanterna M\u00e1gica, projetos e estrat\u00e9gias de comunica\u00e7\u00e3o para o m|i|mo &#8211; museu da imagem em movimento<\/strong><\/p>\n<p>Pirooz Hanachi, Mohammadjavad Mahdavinejad &#8211; Tarbiat Modares University, Iran<br \/>\n<strong>Rebranding modern movement architecture: Contemporization framework of industrial monuments of Iran<\/strong><\/p>\n<p>Sara M\u00f3nico Lopes, Joana Couto, Miguel Moreira Pinto &#8211; IPLeiria, Centro de Estudos Arnaldo Ara\u00fajo\/Escola Superior Art\u00edstica do Porto, Portugal<br \/>\n<strong>Milagres e a Coloniza\u00e7\u00e3o Interna em Portugal<\/strong><\/p>\n<p><strong>Sess\u00f5es Paralelas<\/strong><br \/>\n15.50 \u2013 17.00<\/p>\n<p>Moderador: Dina Alves<br \/>\nJos\u00e9 Teixeira, Fernanda Rodrigues, Hugo Rodrigues &#8211; RISCO, Departamento de Engenharia Civil, Universidade de Aveiro, Aveiro; RISCO, Escola Superior de Tecnologia e Gest\u00e3o, Polit\u00e9cnico de Leiria, Leiria, Portugal<br \/>\n<strong>Desenvolvimento de uma plataforma web de gest\u00e3o e dissemina\u00e7\u00e3o da informa\u00e7\u00e3o do patrim\u00f3nio constru\u00eddo<\/strong><\/p>\n<p>Nuna Fragata; Catarina Mangas \u2013 iACT\/LIDA, ESAD, IPLeiria; iACT\/NIDE, ESECS, IPLeiria, Portugal<br \/>\n<strong>A ilustra\u00e7\u00e3o como ferramenta de comunica\u00e7\u00e3o acess\u00edvel: refletir sobre o lugar do Outro<\/strong><\/p>\n<p>Mohsen Rostami, Islamic Azad University of South Tehran Branch, Tehran, Iran<br \/>\n<strong>Reconstruction and protection of the districts with historical value<\/strong><\/p>\n<p>18.30 \u2013 Inaugura\u00e7\u00e3o de uma exposi\u00e7\u00e3o (fotografia e v\u00eddeo)<\/p>\n<p>18.45 \u2013 Momento cultural Hall da ESECS &#8211; Dan\u00e7as do Mundo por Marisa Barroso<\/p>\n<p>&nbsp;<\/p>\n<p style=\"text-align: center\"><strong>27\/10\/2017<\/strong><\/p>\n<p style=\"text-align: center\"><strong>Audit\u00f3rio 2 &#8211; Escola Superior de Educa\u00e7\u00e3o e Ci\u00eancias Sociais de Leiria<\/strong><br \/>\n<strong>Instituto Polit\u00e9cnico de Leiria<\/strong><\/p>\n<p><strong>Sess\u00e3o Plen\u00e1ria 4<\/strong><br \/>\n10.00 &#8211;\u00a011.00 horas<br \/>\nModerador: L\u00facia Magueta<\/p>\n<p>Paulo Lameiro &#8211; Sociedade Art\u00edstica e Musical dos Pousos, Portugal<br \/>\n<strong>Ai t\u00e3o lindo um concerto no museu! Pois<\/strong><\/p>\n<p>Eva Navarro &#8211;\u00a0Universidad de Valladolid, Espanha<br \/>\n<strong>La Investigaci\u00f3n Art\u00edstica como herramienta pedag\u00f3gica: Huellas de la ciudad.<\/strong><\/p>\n<p>11.00 &#8211;\u00a011.30: Intervalo<\/p>\n<p><b>Sess\u00e3o Plen\u00e1ria 5<\/b><br \/>\n11.30 &#8211; 12.30<br \/>\nModerador: Sara M\u00f3nico<br \/>\nIn\u00eas Andrade \u2013 Associa\u00e7\u00e3o Renovar a Mouraria, Portugal<br \/>\n<strong>Arte e Cultura: um motor para a transforma\u00e7\u00e3o<\/strong><\/p>\n<p>Virg\u00ednia Gomes \u2013 Museu Nacional Machado de Castro, Portugal<br \/>\n<strong>Patrim\u00f3nio musealizado: arte para todos?<\/strong><\/p>\n<p><strong>12.30 \u2013 14.00: almo\u00e7o<\/strong><\/p>\n<p><strong>Sess\u00e3o Plen\u00e1ria 6<\/strong><br \/>\n14.00 &#8211;\u00a015.30<br \/>\nModerador: Maria de S\u00e3o Pedro Lopes<br \/>\nSusana Gomes da Silva e Diana Pereira \u2013 Funda\u00e7\u00e3o Calouste Gulbenkian, Portugal<br \/>\n<strong>Rela\u00e7\u00f5es de Vizinhan\u00e7a \u2013 o museu como espa\u00e7o de encontro<\/strong><\/p>\n<p>Teresa Lousa<strong> &#8211; <\/strong>CHAM &#8211; FCSH &#8211; Universidade Nova de Lisboa, Portugal<br \/>\n<strong>Capelas dos Ossos e Patrim\u00f3nio Macabro em Portugal.<\/strong><\/p>\n<p>Ricardo Romero &#8211; Projeto Matilha, Portugal<\/p>\n<p>Micael Sousa \u2013 Centro do Patrim\u00f3nio da Estremadura (CEPAE), Portugal<br \/>\n<strong>Patrim\u00f3nio urbano e desenvolvimento sustent\u00e1vel: cidade de Leiria<\/strong><\/p>\n<p>15.30 &#8211; 16.00: Intervalo<\/p>\n<p><strong>Sess\u00e3o Plen\u00e1ria 7<\/strong><br \/>\n16.00 &#8211;\u00a017.30<br \/>\nModerador: Jenny Sousa<br \/>\nEunice Gon\u00e7alves Duarte e M\u00e1rio Montez &#8211;\u00a0Artista Independente e ESEC\/Instituto Polit\u00e9cnico de Coimbra, Portugal<br \/>\n<strong>Arte e Anima\u00e7\u00e3o Sociocultural em quatro Aldeias do Xisto<\/strong><\/p>\n<p>Ana Maria Gon\u00e7alves &#8211; Faculdade de Belas-Artes da Universidade de Lisboa, Portugal<br \/>\n<strong>Patrim\u00f3nio educacional e art\u00edstico: experi\u00eancias t\u00eaxteis em contextos comunit\u00e1rios<\/strong><\/p>\n<p>S\u00edlvia Barbeiro e F\u00e1tima Ribeiro \u2013 <strong>Projeto teatral <em>Correspond\u00eancias<\/em><\/strong>, Portugal<\/p>\n<p><strong>17.30 &#8211; Balan\u00e7o dos trabalhos do dia<\/strong><br \/>\nMaria do C\u00e9u Melo &#8211; Universidade do Minho<\/p>\n","protected":false},"excerpt":{"rendered":"<p>Audit\u00f3rio 1 &#8211; Escola Superior de Educa\u00e7\u00e3o e Ci\u00eancias Sociais de Leiria Instituto Polit\u00e9cnico de Leiria 26\/10\/2017 8.30 \u2013 9.00: Rece\u00e7\u00e3o e entrega de pastas Abertura do congresso: 9.00 &#8211; 10.00 Cerim\u00f3nia de Abertura: Organiza\u00e7\u00e3o do Congresso; Presidente do Instituto&hellip;  <\/p>\n<p class=\"more-link\"><a href=\"https:\/\/sites.ipleiria.pt\/cipc2017\/pt\/programa\/\">Continue reading <span class=\"meta-nav\">&rarr;<\/span><\/a><\/p>\n","protected":false},"author":102,"featured_media":0,"parent":0,"menu_order":2,"comment_status":"closed","ping_status":"closed","template":"","meta":{"footnotes":""},"class_list":["post-63","page","type-page","status-publish","hentry"],"_links":{"self":[{"href":"https:\/\/sites.ipleiria.pt\/cipc2017\/wp-json\/wp\/v2\/pages\/63","targetHints":{"allow":["GET"]}}],"collection":[{"href":"https:\/\/sites.ipleiria.pt\/cipc2017\/wp-json\/wp\/v2\/pages"}],"about":[{"href":"https:\/\/sites.ipleiria.pt\/cipc2017\/wp-json\/wp\/v2\/types\/page"}],"author":[{"embeddable":true,"href":"https:\/\/sites.ipleiria.pt\/cipc2017\/wp-json\/wp\/v2\/users\/102"}],"replies":[{"embeddable":true,"href":"https:\/\/sites.ipleiria.pt\/cipc2017\/wp-json\/wp\/v2\/comments?post=63"}],"version-history":[{"count":45,"href":"https:\/\/sites.ipleiria.pt\/cipc2017\/wp-json\/wp\/v2\/pages\/63\/revisions"}],"predecessor-version":[{"id":444,"href":"https:\/\/sites.ipleiria.pt\/cipc2017\/wp-json\/wp\/v2\/pages\/63\/revisions\/444"}],"wp:attachment":[{"href":"https:\/\/sites.ipleiria.pt\/cipc2017\/wp-json\/wp\/v2\/media?parent=63"}],"curies":[{"name":"wp","href":"https:\/\/api.w.org\/{rel}","templated":true}]}}