{"id":66,"date":"2017-04-06T14:55:49","date_gmt":"2017-04-06T14:55:49","guid":{"rendered":"http:\/\/sites.ipleiria.pt\/cipc2017\/?page_id=66"},"modified":"2018-02-28T11:39:30","modified_gmt":"2018-02-28T11:39:30","slug":"organizacao","status":"publish","type":"page","link":"https:\/\/sites.ipleiria.pt\/cipc2017\/pt\/organizacao\/","title":{"rendered":"Organiza\u00e7\u00e3o"},"content":{"rendered":"<p><strong>Comiss\u00e3o Organizadora<\/strong><br \/>\nAlexandre Soares<br \/>\nAna Fontes<br \/>\nAna Vieira<br \/>\nDina Alves<br \/>\nFernando Magalh\u00e3es<br \/>\nJenny Sousa<br \/>\nJos\u00e9 Vicente<br \/>\nJos\u00e9 Trindade<br \/>\nMaria Adelaide Ferreira<br \/>\nMaria de S\u00e3o Pedro Lopes<br \/>\nMarisa Barroso<br \/>\nMicael Sousa<br \/>\nRicardo Vieira<\/p>\n<p><strong>Comiss\u00e3o Cient\u00edfica<\/strong><\/p>\n<p>Albertina Fortunato (Instituto Polit\u00e9cnico de Leiria &#8211; Portugal)<br \/>\nAlda Mour\u00e3o (Instituto Polit\u00e9cnico de Leiria \u2013 Portugal)<br \/>\nAlicia Mercado-Harvey (Chile<br \/>\nAna Maria Diaz Collazo (EUA)<br \/>\nAna Maria das Neves Vieira (Instituto Polit\u00e9cnico de Leiria \u2013 Portugal)<br \/>\nCarla Freire (Instituto Polit\u00e9cnico de Leiria \u2013 Portugal)<br \/>\nCatarina Mangas (Instituto Polit\u00e9cnico de Leiria \u2013 Portugal)<br \/>\nCl\u00e1udia Renault (Escola Guignard \u2013 Brasil)<br \/>\nCristina Maria Alexandre Nobre (Instituto Polit\u00e9cnico de Leiria \u2013 Portugal)<br \/>\nDavid V\u00e1squez Hurtado (Fort Lewis College \u2013 EUA)<br \/>\nDavid Harvey (New College of Florida \u2013 EUA)<br \/>\nDina Alves (Instituto Polit\u00e9cnico de Leiria \u2013 Portugal)<br \/>\nEva Navarro \u2013 (Universidad de Valladolid \u2013 Espanha)<br \/>\nFernando Magalh\u00e3es (Instituto Polit\u00e9cnico de Leiria \u2013 Portugal)<br \/>\nGenoveva Oliveira (Portugal)<br \/>\nIsabel Branco (ESTAL \u2013 Portugal)<br \/>\nJenny Sousa (Instituto Polit\u00e9cnico de Leiria \u2013 Portugal)<br \/>\nJoaquim Ruivo (Mosteiro de Santa Maria da Vit\u00f3ria \u2013 Portugal)<br \/>\nJos\u00e9 Duque Vicente (Instituto Polit\u00e9cnico de Leiria \u2013 Portugal)<br \/>\nJos\u00e9 Marques (Instituto Polit\u00e9cnico de Leiria \u2013 Portugal)<br \/>\nJos\u00e9 Trindade (Instituto Polit\u00e9cnico de Leiria \u2013 Portugal)<br \/>\nL\u00facia Magueta (Instituto Polit\u00e9cnico de Leiria \u2013 Portugal)<br \/>\nManuel Gama (Universidade do Minho \u2013 Portugal)<br \/>\nMariana Celina Fabbroni (Universidad Nacional de Quilmes \/ Universidades Argentinas \u2013 Argentina)<br \/>\nMaria do C\u00e9u Melo (Universidade do Minho \u2013 Portugal)<br \/>\nMaria de S\u00e3o Pedro Lopes (Instituto Polit\u00e9cnico de Leiria \u2013 Portugal)<br \/>\nMaria da Gra\u00e7a Po\u00e7as Santos (Instituto Polit\u00e9cnico de Leiria \u2013 Portugal)<br \/>\nM\u00e1rio Oliveira (Instituto Polit\u00e9cnico de Leiria \u2013 Portugal)<br \/>\nMarisa Barroso (Instituto Polit\u00e9cnico de Leiria \u2013 Portugal)<br \/>\nMicael Oliveira (CEPAE \u2013 Portugal)<br \/>\nOlga Santos (ESECS-Portugal)<br \/>\nSara M\u00f3nico (Instituto Polit\u00e9cnico de Leiria \u2013 Portugal)<br \/>\nRicardo Vieira (Instituto Polit\u00e9cnico de Leiria \u2013 Portugal)<br \/>\nSandrine Milhano (Instituto Polit\u00e9cnico de Leiria \u2013 Portugal)<\/p>\n<p><strong>Institui\u00e7\u00f5es Organizadoras<\/strong><br \/>\nCics-Nova \u2013 P\u00f3lo de Leiria<br \/>\nEscola Superior de Educa\u00e7\u00e3o e Ci\u00eancias Sociais \u2013 Instituto Polit\u00e9cnico de Leiria<br \/>\nNIDE \u2013 ESECS &#8211; Instituto Polit\u00e9cnico de Leiria<\/p>\n<p><strong>Parceiros Institucionais<\/strong><br \/>\nMosteiro de Santa Maria da Vit\u00f3ria (Batalha)<br \/>\nCEPAE \u2013 Centro de Patrim\u00f3nio da Estremadura<br \/>\nESTAL \u2013 Escola Superior de Tecnologias e Artes de Lisboa<br \/>\nJornal de Leiria<\/p>\n<p>(Cabe \u00e0 Comiss\u00e3o Cient\u00edfica analisar os resumos submetidos para serem apresentados nas sess\u00f5es paralelas do Congresso).<\/p>\n","protected":false},"excerpt":{"rendered":"<p>Comiss\u00e3o Organizadora Alexandre Soares Ana Fontes Ana Vieira Dina Alves Fernando Magalh\u00e3es Jenny Sousa Jos\u00e9 Vicente Jos\u00e9 Trindade Maria Adelaide Ferreira Maria de S\u00e3o Pedro Lopes Marisa Barroso Micael Sousa Ricardo Vieira Comiss\u00e3o Cient\u00edfica Albertina Fortunato (Instituto Polit\u00e9cnico de Leiria&hellip;  <\/p>\n<p class=\"more-link\"><a href=\"https:\/\/sites.ipleiria.pt\/cipc2017\/pt\/organizacao\/\">Continue reading <span class=\"meta-nav\">&rarr;<\/span><\/a><\/p>\n","protected":false},"author":102,"featured_media":0,"parent":0,"menu_order":3,"comment_status":"closed","ping_status":"closed","template":"","meta":{"footnotes":""},"class_list":["post-66","page","type-page","status-publish","hentry"],"_links":{"self":[{"href":"https:\/\/sites.ipleiria.pt\/cipc2017\/wp-json\/wp\/v2\/pages\/66","targetHints":{"allow":["GET"]}}],"collection":[{"href":"https:\/\/sites.ipleiria.pt\/cipc2017\/wp-json\/wp\/v2\/pages"}],"about":[{"href":"https:\/\/sites.ipleiria.pt\/cipc2017\/wp-json\/wp\/v2\/types\/page"}],"author":[{"embeddable":true,"href":"https:\/\/sites.ipleiria.pt\/cipc2017\/wp-json\/wp\/v2\/users\/102"}],"replies":[{"embeddable":true,"href":"https:\/\/sites.ipleiria.pt\/cipc2017\/wp-json\/wp\/v2\/comments?post=66"}],"version-history":[{"count":24,"href":"https:\/\/sites.ipleiria.pt\/cipc2017\/wp-json\/wp\/v2\/pages\/66\/revisions"}],"predecessor-version":[{"id":465,"href":"https:\/\/sites.ipleiria.pt\/cipc2017\/wp-json\/wp\/v2\/pages\/66\/revisions\/465"}],"wp:attachment":[{"href":"https:\/\/sites.ipleiria.pt\/cipc2017\/wp-json\/wp\/v2\/media?parent=66"}],"curies":[{"name":"wp","href":"https:\/\/api.w.org\/{rel}","templated":true}]}}