{"id":73,"date":"2017-04-06T15:02:14","date_gmt":"2017-04-06T15:02:14","guid":{"rendered":"http:\/\/sites.ipleiria.pt\/cipc2017\/?page_id=73"},"modified":"2017-07-20T13:24:23","modified_gmt":"2017-07-20T13:24:23","slug":"submissao-normas-e-papers","status":"publish","type":"page","link":"https:\/\/sites.ipleiria.pt\/cipc2017\/pt\/submissao-normas-e-papers\/","title":{"rendered":"Submiss\u00e3o"},"content":{"rendered":"<p><strong>Datas importantes<\/strong><\/p>\n<p>30 de junho de 2017 &#8211; Submiss\u00e3o de resumos (<em>peer review<\/em>) &#8211; <strong>2.\u00aa Chamada 28\/07\/2017<\/strong><br \/>\n30 de julho de 2017 \u2013 Resposta aos proponentes<br \/>\n15 de agosto de 2017 \u2013 Submiss\u00e3o de artigos\u00a0 (<em>peer review<\/em>)<br \/>\n05 de setembro de 2017 \u2013 Resposta aos proponentes<br \/>\n10 de setembro de 2017 \u2013 Envio dos artigos corrigidos pelos proponentes<\/p>\n<p><strong>Formatos\/Regras do Resumo e do Artigo<\/strong><\/p>\n<p><strong>Resumo<\/strong><br \/>\nAs propostas de resumo comunica\u00e7\u00e3o devem ser submetidas online at\u00e9 dia 15 de junho de 2017:<\/p>\n<p><a href=\"https:\/\/goo.gl\/forms\/Pz9bZW0owoqS5IvL2\" target=\"_blank\" rel=\"noopener noreferrer\">Aceda aqui ao formul\u00e1rio<\/a><\/p>\n<p>Apresenta\u00e7\u00e3o oral: 15 minutos<br \/>\nEquipamento dispon\u00edvel: PC, projetor, Internet wireless<\/p>\n<p><strong>Artigo<\/strong><br \/>\nA apresenta\u00e7\u00e3o de artigos visa a divulga\u00e7\u00e3o de trabalhos de investiga\u00e7\u00e3o, experi\u00eancias, projetos, ferramentas e materiais.<br \/>\nOs artigos devem ser submetidos online at\u00e9 dia 15 de julho de 2017 com o m\u00e1ximo de 15 p\u00e1ginas, segundo especificadas em \u201cPapers\u201d.<br \/>\nOs textos ser\u00e3o sujeitos a arbitragem cient\u00edfica e publicados em livro.<br \/>\nAp\u00f3s a avalia\u00e7\u00e3o, a Comiss\u00e3o Organizadora do Congresso enviar\u00e1 aos autores, por correio eletr\u00f3nico, nota sobre a aceita\u00e7\u00e3o das propostas submetidas, at\u00e9 ao dia 30 de julho de 2017<\/p>\n","protected":false},"excerpt":{"rendered":"<p>Datas importantes 30 de junho de 2017 &#8211; Submiss\u00e3o de resumos (peer review) &#8211; 2.\u00aa Chamada 28\/07\/2017 30 de julho de 2017 \u2013 Resposta aos proponentes 15 de agosto de 2017 \u2013 Submiss\u00e3o de artigos\u00a0 (peer review) 05 de setembro&hellip;  <\/p>\n<p class=\"more-link\"><a href=\"https:\/\/sites.ipleiria.pt\/cipc2017\/pt\/submissao-normas-e-papers\/\">Continue reading <span class=\"meta-nav\">&rarr;<\/span><\/a><\/p>\n","protected":false},"author":102,"featured_media":0,"parent":0,"menu_order":5,"comment_status":"closed","ping_status":"closed","template":"","meta":{"footnotes":""},"class_list":["post-73","page","type-page","status-publish","hentry"],"_links":{"self":[{"href":"https:\/\/sites.ipleiria.pt\/cipc2017\/wp-json\/wp\/v2\/pages\/73","targetHints":{"allow":["GET"]}}],"collection":[{"href":"https:\/\/sites.ipleiria.pt\/cipc2017\/wp-json\/wp\/v2\/pages"}],"about":[{"href":"https:\/\/sites.ipleiria.pt\/cipc2017\/wp-json\/wp\/v2\/types\/page"}],"author":[{"embeddable":true,"href":"https:\/\/sites.ipleiria.pt\/cipc2017\/wp-json\/wp\/v2\/users\/102"}],"replies":[{"embeddable":true,"href":"https:\/\/sites.ipleiria.pt\/cipc2017\/wp-json\/wp\/v2\/comments?post=73"}],"version-history":[{"count":21,"href":"https:\/\/sites.ipleiria.pt\/cipc2017\/wp-json\/wp\/v2\/pages\/73\/revisions"}],"predecessor-version":[{"id":379,"href":"https:\/\/sites.ipleiria.pt\/cipc2017\/wp-json\/wp\/v2\/pages\/73\/revisions\/379"}],"wp:attachment":[{"href":"https:\/\/sites.ipleiria.pt\/cipc2017\/wp-json\/wp\/v2\/media?parent=73"}],"curies":[{"name":"wp","href":"https:\/\/api.w.org\/{rel}","templated":true}]}}