{"id":77,"date":"2017-04-06T15:05:06","date_gmt":"2017-04-06T15:05:06","guid":{"rendered":"http:\/\/sites.ipleiria.pt\/cipc2017\/?page_id=77"},"modified":"2017-04-26T10:07:44","modified_gmt":"2017-04-26T10:07:44","slug":"papers-e-normas","status":"publish","type":"page","link":"https:\/\/sites.ipleiria.pt\/cipc2017\/pt\/papers-e-normas\/","title":{"rendered":"Papers e normas"},"content":{"rendered":"<p><strong>Normas para\u00a0Artigos<\/strong><\/p>\n<p><strong>Artigo<\/strong><br \/>\n1. Titulo e autor(es): Alinhamento centrado: Titulo do Artigo (mai\u00fasculas, a negrito.<br \/>\nNome (es) do(s) Autor(es). Institui\u00e7\u00e3o \/ Institui\u00e7\u00e3o de Perten\u00e7a<\/p>\n<p>2. Resumo: Tipo de letra Times New Roman, corpo 10, m\u00e1ximo de 200 palavras,<br \/>\nmargem direita e esquerda de 3 cm; espa\u00e7amento entre linhas simples, alinhamento<br \/>\njustificado, avan\u00e7o do par\u00e1grafo de 1 cm \u00e0 direita e \u00e0 esquerda;<\/p>\n<p>3. Corpo do texto: Tipo de letra Times New Roman, tamanho 12, margem direita e<br \/>\nesquerda de 3 cm, e superior e inferior de 3 cm, espa\u00e7amento entre linhas 1,5; n\u00e3o d\u00ea<br \/>\nespa\u00e7amento entre par\u00e1grafos (0 pontos); alinhamento justificado; avan\u00e7o da primeira<br \/>\nlinha do par\u00e1grafo de 1 cm; t\u00edtulos e subt\u00edtulos a negrito. M\u00e1ximo de 15 p\u00e1ginas<br \/>\n(incluindo a bibliografia, tabelas, figuras, quadros ou anexos).<\/p>\n<p>4. L\u00edngua: Portugu\u00eas, Castelhano, Ingl\u00eas e Franc\u00eas.<\/p>\n<p>5. Extens\u00e3o do artigo: m\u00ednimo 10 p\u00e1ginas, m\u00e1ximo 15 p\u00e1ginas.<\/p>\n<p>6. Cita\u00e7\u00f5es bibliogr\u00e1ficas e\/ou refer\u00eancias indicadas no corpo do texto (Autor, ano, p.<br \/>\np\u00e1gina\/s por ex.: (Sobral, 1992, p. 30).<\/p>\n<p>7. Notas de rodap\u00e9 numeradas sequencialmente, colocadas na pr\u00f3pria p\u00e1gina.<\/p>\n<p>8. Refer\u00eancias bibliogr\u00e1ficas organizadas por ordem alfab\u00e9tica segundo o sistema<br \/>\nautor\/data\/t\u00edtulo\/cidade\/editor, colocando em it\u00e1lico o t\u00edtulo do livro ou o t\u00edtulo da<br \/>\nrevista onde os cap\u00edtulos e os artigos se encontram, respetivamente, publicados. Os<br \/>\nautores n\u00e3o devem ser redigidos em mai\u00fasculas. Espa\u00e7amento entre linhas simples.<br \/>\nTamanho de letra 10. (Cf. Normas APA, 6.\u00aa edi\u00e7\u00e3o &#8211; obrigat\u00f3rio)<\/p>\n","protected":false},"excerpt":{"rendered":"<p>Normas para\u00a0Artigos Artigo 1. Titulo e autor(es): Alinhamento centrado: Titulo do Artigo (mai\u00fasculas, a negrito. Nome (es) do(s) Autor(es). Institui\u00e7\u00e3o \/ Institui\u00e7\u00e3o de Perten\u00e7a 2. Resumo: Tipo de letra Times New Roman, corpo 10, m\u00e1ximo de 200 palavras, margem direita&hellip;  <\/p>\n<p class=\"more-link\"><a href=\"https:\/\/sites.ipleiria.pt\/cipc2017\/pt\/papers-e-normas\/\">Continue reading <span class=\"meta-nav\">&rarr;<\/span><\/a><\/p>\n","protected":false},"author":102,"featured_media":0,"parent":0,"menu_order":6,"comment_status":"closed","ping_status":"closed","template":"","meta":{"footnotes":""},"class_list":["post-77","page","type-page","status-publish","hentry"],"_links":{"self":[{"href":"https:\/\/sites.ipleiria.pt\/cipc2017\/wp-json\/wp\/v2\/pages\/77","targetHints":{"allow":["GET"]}}],"collection":[{"href":"https:\/\/sites.ipleiria.pt\/cipc2017\/wp-json\/wp\/v2\/pages"}],"about":[{"href":"https:\/\/sites.ipleiria.pt\/cipc2017\/wp-json\/wp\/v2\/types\/page"}],"author":[{"embeddable":true,"href":"https:\/\/sites.ipleiria.pt\/cipc2017\/wp-json\/wp\/v2\/users\/102"}],"replies":[{"embeddable":true,"href":"https:\/\/sites.ipleiria.pt\/cipc2017\/wp-json\/wp\/v2\/comments?post=77"}],"version-history":[{"count":6,"href":"https:\/\/sites.ipleiria.pt\/cipc2017\/wp-json\/wp\/v2\/pages\/77\/revisions"}],"predecessor-version":[{"id":141,"href":"https:\/\/sites.ipleiria.pt\/cipc2017\/wp-json\/wp\/v2\/pages\/77\/revisions\/141"}],"wp:attachment":[{"href":"https:\/\/sites.ipleiria.pt\/cipc2017\/wp-json\/wp\/v2\/media?parent=77"}],"curies":[{"name":"wp","href":"https:\/\/api.w.org\/{rel}","templated":true}]}}