{"id":1028,"date":"2024-06-04T14:01:30","date_gmt":"2024-06-04T14:01:30","guid":{"rendered":"https:\/\/sites.ipleiria.pt\/ciplg\/?page_id=1028"},"modified":"2024-06-04T14:26:25","modified_gmt":"2024-06-04T14:26:25","slug":"contacts","status":"publish","type":"page","link":"https:\/\/sites.ipleiria.pt\/ciplg\/contacts\/","title":{"rendered":"Contacts"},"content":{"rendered":"\n<p><strong>Executive Comission<\/strong><br>Email:\u00a0<a href=\"mailto:congresso.plg@ipleiria.pt\">congresso.plg@ipleiria.pt<\/a><\/p>\n\n\n<\/p>\n\n\n<p><strong>Secretariat<\/strong><br>Adelaide Ferreira<br>Email:\u00a0<a href=\"mailto:eunice.almeida@ipleiria.pt\"><\/a><a href=\"mailto:adelaide.ferreira@ipleiria.pt\">adelaide.ferreira@ipleiria.pt<\/a><br>Telephone: (+351) 244 829 400<\/p>\n\n\n\n<p><strong>Escola Superior de Educa\u00e7\u00e3o e Ci\u00eancias Sociais (Leiria)<\/strong><br>Campus 1 \u2014 Polit\u00e9cnico de Leiria<br>Rua Dr. Jo\u00e3o Soares<br>Apartado 4045<br>2411-901 Leiria \u2013 Portugal<br>Tel: (+351) 244 829400 \u2022 Fax:(+351) 244 829499<br>E-mail:&nbsp;<a href=\"mailto:esecs@ipleiria.pt\">esecs@ipleiria.pt<\/a><\/p>\n\n\n\n<p>View\u00a0<a href=\"https:\/\/www.google.com\/maps\/d\/u\/0\/edit?mid=1Cpy6veZvCE6qnaPaXMBrA74XXuc&amp;msa=0&amp;ie=UTF8&amp;t=m&amp;vpsrc=0&amp;z=18&amp;source=embed&amp;ll=39.73943497653222%2C-8.811459000000013\" target=\"_blank\" rel=\"noreferrer noopener\">ESECS<\/a>\u00a0on the map<\/p>\n\n\n\n<p>The city of Leiria has fast and frequent connections to Lisbon and Porto, via the Rede Nacional de Expressos (see\u00a0<a href=\"http:\/\/www.rede-expressos.pt\/\">http:\/\/www.rede-expressos.pt\/<\/a>). ESECS is close to the bus station (10 minutes by foot).<\/p>\n\n\n\n<p><strong>Accommodation<\/strong><br>Leiria has a diverse range of hotels and hostels, located close to ESECS \u2013 where the International Congress of Portuguese as a Global Language is taking place \u2013 and the city center.<\/p>\n","protected":false},"excerpt":{"rendered":"<p>Executive ComissionEmail:\u00a0congresso.plg@ipleiria.pt SecretariatAdelaide FerreiraEmail:\u00a0adelaide.ferreira@ipleiria.ptTelephone: (+351) 244 829 400 Escola Superior de Educa\u00e7\u00e3o e Ci\u00eancias Sociais (Leiria)Campus 1 \u2014 Polit\u00e9cnico de LeiriaRua Dr. Jo\u00e3o SoaresApartado 40452411-901 Leiria \u2013 PortugalTel: (+351) 244 829400 \u2022 Fax:(+351) 244 829499E-mail:&nbsp;esecs@ipleiria.pt View\u00a0ESECS\u00a0on the map The city&hellip;  <\/p>\n<p class=\"more-link\"><a href=\"https:\/\/sites.ipleiria.pt\/ciplg\/contacts\/\">Continue reading <span class=\"meta-nav\">&rarr;<\/span><\/a><\/p>\n","protected":false},"author":5847,"featured_media":0,"parent":0,"menu_order":0,"comment_status":"closed","ping_status":"closed","template":"","meta":{"footnotes":""},"class_list":["post-1028","page","type-page","status-publish","hentry"],"_links":{"self":[{"href":"https:\/\/sites.ipleiria.pt\/ciplg\/wp-json\/wp\/v2\/pages\/1028","targetHints":{"allow":["GET"]}}],"collection":[{"href":"https:\/\/sites.ipleiria.pt\/ciplg\/wp-json\/wp\/v2\/pages"}],"about":[{"href":"https:\/\/sites.ipleiria.pt\/ciplg\/wp-json\/wp\/v2\/types\/page"}],"author":[{"embeddable":true,"href":"https:\/\/sites.ipleiria.pt\/ciplg\/wp-json\/wp\/v2\/users\/5847"}],"replies":[{"embeddable":true,"href":"https:\/\/sites.ipleiria.pt\/ciplg\/wp-json\/wp\/v2\/comments?post=1028"}],"version-history":[{"count":2,"href":"https:\/\/sites.ipleiria.pt\/ciplg\/wp-json\/wp\/v2\/pages\/1028\/revisions"}],"predecessor-version":[{"id":1058,"href":"https:\/\/sites.ipleiria.pt\/ciplg\/wp-json\/wp\/v2\/pages\/1028\/revisions\/1058"}],"wp:attachment":[{"href":"https:\/\/sites.ipleiria.pt\/ciplg\/wp-json\/wp\/v2\/media?parent=1028"}],"curies":[{"name":"wp","href":"https:\/\/api.w.org\/{rel}","templated":true}]}}