{"id":1034,"date":"2024-06-04T14:05:34","date_gmt":"2024-06-04T14:05:34","guid":{"rendered":"https:\/\/sites.ipleiria.pt\/ciplg\/?page_id=1034"},"modified":"2024-06-07T14:10:31","modified_gmt":"2024-06-07T14:10:31","slug":"organization","status":"publish","type":"page","link":"https:\/\/sites.ipleiria.pt\/ciplg\/organization\/","title":{"rendered":"Organization"},"content":{"rendered":"\n<p><strong>Executive Committee<\/strong><br>Catarina Castro (Polytechnic University of Leiria)<br>Catarina Mangas (Polytechnic University of Leiria)<br>Fausto Caels (Polytechnic University of Leiria)<\/p>\n\n\n\n<p><\/p>\n\n\n\n<p><strong>Organizing Committee<\/strong><br>Ana Barbosa (Polytechnic University of Leiria)<br>Catarina Castro (Polytechnic University of Leiria)<br>Catarina Mangas (Polytechnic University of Leiria)<br>Fausto Caels (Polytechnic University of Leiria)<br>Fl\u00e1via Coelho (Polytechnic University of Leiria)<br>In\u00eas Conde (Polytechnic University of Leiria)<br>Marta Alexandre (Polytechnic University of Leiria)<br>Pedro Sacadura (Polytechnic University ofLeiria)<br>Rita Bispo (Polytechnic University of Leiria)<br>Romain Gillain (Polytechnic University of Leiria)<br>Sandie Mour\u00e3o (Nova University Lisbon)<\/p>\n\n\n\n<p><\/p>\n\n\n\n<p><strong>Scientific Committee<\/strong><br>Adelina Castelo (Universidade Aberta)<br>Adriana Martins (Universidade Cat\u00f3lica de Lisboa)<br>Ant\u00f3nia Estrela (CLiC-IPL, ESELx)<br>Ana Madeira (Nova University Lisbon)<br>Ana Maria Martinho Gale (Nova University Lisbon)<br>Ana Rita Carrilho (University of Beira Interior)<br>Catarina Castro (Polytechnic University of  Leiria)<br>Cristina Martins (University of Coimbra)<br>Cristina Flores (University of Minho)<br>Fausto Caels (Polytechnic University of Leiria)<br>Isabel Margarida Duarte (University of Porto)<br>Isabel Pereira (University of Coimbra)<br>Isabel Santos (University of Coimbra)<br>Jorge Pinto (University of Lisboa)<br>Liliana Inverno (University of Coimbra)<br>Lu\u00eds Barbeiro (Polytechnic University of Leiria)<br>Maria Jos\u00e9 Grosso (University of Macau)<br>Maria Ramon Moreira (University of Minho)<br>N\u00e9lia Alexandre (University of Lisboa)<br>Rita Faria (Universidade Cat\u00f3lica Portuguesa)<br>Paulo Os\u00f3rio (University of Beira Interior)<\/p>\n\n\n\n<p><\/p>\n\n\n\n<p><strong>Parternships<\/strong><br>ESECS &#8211; Polytechnic University of Leiria<br>UNL (Nova University Lisbon)<br>GEPLE (Portuguese as a Foreign Language Teaching Group)<br>CETAPS (Centre for English, Translation, and Anglo-Portuguese Studies)<\/p>\n","protected":false},"excerpt":{"rendered":"<p>Executive CommitteeCatarina Castro (Polytechnic University of Leiria)Catarina Mangas (Polytechnic University of Leiria)Fausto Caels (Polytechnic University of Leiria) Organizing CommitteeAna Barbosa (Polytechnic University of Leiria)Catarina Castro (Polytechnic University of Leiria)Catarina Mangas (Polytechnic University of Leiria)Fausto Caels (Polytechnic University of Leiria)Fl\u00e1via Coelho&hellip;  <\/p>\n<p class=\"more-link\"><a href=\"https:\/\/sites.ipleiria.pt\/ciplg\/organization\/\">Continue reading <span class=\"meta-nav\">&rarr;<\/span><\/a><\/p>\n","protected":false},"author":5847,"featured_media":0,"parent":0,"menu_order":0,"comment_status":"closed","ping_status":"closed","template":"","meta":{"footnotes":""},"class_list":["post-1034","page","type-page","status-publish","hentry"],"_links":{"self":[{"href":"https:\/\/sites.ipleiria.pt\/ciplg\/wp-json\/wp\/v2\/pages\/1034","targetHints":{"allow":["GET"]}}],"collection":[{"href":"https:\/\/sites.ipleiria.pt\/ciplg\/wp-json\/wp\/v2\/pages"}],"about":[{"href":"https:\/\/sites.ipleiria.pt\/ciplg\/wp-json\/wp\/v2\/types\/page"}],"author":[{"embeddable":true,"href":"https:\/\/sites.ipleiria.pt\/ciplg\/wp-json\/wp\/v2\/users\/5847"}],"replies":[{"embeddable":true,"href":"https:\/\/sites.ipleiria.pt\/ciplg\/wp-json\/wp\/v2\/comments?post=1034"}],"version-history":[{"count":4,"href":"https:\/\/sites.ipleiria.pt\/ciplg\/wp-json\/wp\/v2\/pages\/1034\/revisions"}],"predecessor-version":[{"id":1080,"href":"https:\/\/sites.ipleiria.pt\/ciplg\/wp-json\/wp\/v2\/pages\/1034\/revisions\/1080"}],"wp:attachment":[{"href":"https:\/\/sites.ipleiria.pt\/ciplg\/wp-json\/wp\/v2\/media?parent=1034"}],"curies":[{"name":"wp","href":"https:\/\/api.w.org\/{rel}","templated":true}]}}