{"id":1124,"date":"2024-07-11T16:02:34","date_gmt":"2024-07-11T16:02:34","guid":{"rendered":"https:\/\/sites.ipleiria.pt\/ciplg\/?page_id=1124"},"modified":"2024-12-31T15:26:39","modified_gmt":"2024-12-31T15:26:39","slug":"inscricao-no-congresso","status":"publish","type":"page","link":"https:\/\/sites.ipleiria.pt\/ciplg\/pt\/inscricao-no-congresso\/","title":{"rendered":"Inscri\u00e7\u00e3o no Congresso"},"content":{"rendered":"\n<ul class=\"wp-block-list\">\n<li>Inscri\u00e7\u00e3o antecipada (early bird); pelo menos um autor por comunica\u00e7\u00e3o (<mark style=\"background-color:#ffffff\" class=\"has-inline-color has-luminous-vivid-orange-color\">at\u00e9 30-11-2024<\/mark>)\n<ul class=\"wp-block-list\">\n<li>Autores externos ao IPLeiria e \u00e0 Uni. Nova de Lisboa&nbsp;\u2013&nbsp;<strong>60 euros<\/strong><\/li>\n\n\n\n<li>Autores do IPLeiria e da Univ. Nova de Lisboa \u2013&nbsp;<strong>40 euros<\/strong><\/li>\n\n\n\n<li>Mestrandos e doutorandos &#8211;&nbsp;<strong>20 euros<\/strong><\/li>\n<\/ul>\n<\/li>\n<\/ul>\n\n\n\n<ul class=\"wp-block-list\">\n<li>Inscri\u00e7\u00e3o normal; pelo menos um autor por comunica\u00e7\u00e3o (<mark style=\"background-color:#ffffff\" class=\"has-inline-color has-luminous-vivid-orange-color\">at\u00e9 15-01-2025<\/mark>)<strong>\u00a0<\/strong>\n<ul class=\"wp-block-list\">\n<li>Autores externos ao IPLeiria e \u00e0 Univ. Nova de Lisboa&nbsp;\u2013&nbsp;<strong>80 euros<\/strong><\/li>\n\n\n\n<li>Autores do IPLeiria e da Univ. Nova de Lisboa \u2013&nbsp;<strong>60 euros<\/strong><\/li>\n\n\n\n<li>Mestrandos e doutorandos &#8211;&nbsp;<strong>40 euros<\/strong><\/li>\n<\/ul>\n<\/li>\n<\/ul>\n\n\n\n<ul class=\"wp-block-list\">\n<li>Inscri\u00e7\u00e3o de participantes no congresso sem comunica\u00e7\u00e3o (<mark style=\"background-color:#ffffff\" class=\"has-inline-color has-luminous-vivid-orange-color\">at\u00e9 15-01-2025<\/mark>)\n<ul class=\"wp-block-list\">\n<li>Com acesso aos materiais do congresso, certificado e&nbsp;<em>coffee break<\/em> &#8211;&nbsp;<strong>15 euros<\/strong><\/li>\n\n\n\n<li>Apenas assistir \u2013&nbsp;<strong>gratuito&nbsp;<\/strong><\/li>\n<\/ul>\n<\/li>\n\n\n\n<li><\/li>\n<\/ul>\n\n\n\n<h2 class=\"wp-block-heading\"><\/h2>\n\n\n\n<div class=\"wp-block-buttons is-layout-flex wp-block-buttons-is-layout-flex\">\n<div class=\"wp-block-button\"><a class=\"wp-block-button__link wp-element-button\" href=\"https:\/\/eventos.ipleiria.pt\/portal\/eventos?p_id=28236\">Preencher formul\u00e1rio de inscri\u00e7\u00e3o AQUI&nbsp;<\/a><\/div>\n<\/div>\n\n\n\n<h2 class=\"wp-block-heading\"><\/h2>\n","protected":false},"excerpt":{"rendered":"","protected":false},"author":3099,"featured_media":0,"parent":0,"menu_order":0,"comment_status":"closed","ping_status":"closed","template":"","meta":{"footnotes":""},"class_list":["post-1124","page","type-page","status-publish","hentry"],"_links":{"self":[{"href":"https:\/\/sites.ipleiria.pt\/ciplg\/wp-json\/wp\/v2\/pages\/1124","targetHints":{"allow":["GET"]}}],"collection":[{"href":"https:\/\/sites.ipleiria.pt\/ciplg\/wp-json\/wp\/v2\/pages"}],"about":[{"href":"https:\/\/sites.ipleiria.pt\/ciplg\/wp-json\/wp\/v2\/types\/page"}],"author":[{"embeddable":true,"href":"https:\/\/sites.ipleiria.pt\/ciplg\/wp-json\/wp\/v2\/users\/3099"}],"replies":[{"embeddable":true,"href":"https:\/\/sites.ipleiria.pt\/ciplg\/wp-json\/wp\/v2\/comments?post=1124"}],"version-history":[{"count":11,"href":"https:\/\/sites.ipleiria.pt\/ciplg\/wp-json\/wp\/v2\/pages\/1124\/revisions"}],"predecessor-version":[{"id":1286,"href":"https:\/\/sites.ipleiria.pt\/ciplg\/wp-json\/wp\/v2\/pages\/1124\/revisions\/1286"}],"wp:attachment":[{"href":"https:\/\/sites.ipleiria.pt\/ciplg\/wp-json\/wp\/v2\/media?parent=1124"}],"curies":[{"name":"wp","href":"https:\/\/api.w.org\/{rel}","templated":true}]}}