{"id":1126,"date":"2024-07-11T16:03:22","date_gmt":"2024-07-11T16:03:22","guid":{"rendered":"https:\/\/sites.ipleiria.pt\/ciplg\/?page_id=1126"},"modified":"2025-01-20T21:24:06","modified_gmt":"2025-01-20T21:24:06","slug":"inscricao-formacao-acreditada","status":"publish","type":"page","link":"https:\/\/sites.ipleiria.pt\/ciplg\/pt\/inscricao-formacao-acreditada\/","title":{"rendered":"Inscri\u00e7\u00e3o na Forma\u00e7\u00e3o Acreditada"},"content":{"rendered":"\n<p>Integrada no Congresso, realiza-se, na tarde do dia 25 de janeiro, uma oficina presencial de constru\u00e7\u00e3o de recursos para o PLNM, destinada a <mark style=\"background-color:#ffffff\" class=\"has-inline-color has-vivid-cyan-blue-color\"><strong>Professores dos Ensino B\u00e1sico e Secund\u00e1rio<\/strong><\/mark> (todas as \u00e1reas). <\/p>\n\n\n\n<p><strong>Acredita\u00e7\u00e3o<\/strong>: A\u00e7\u00e3o reconhecida como curta dura\u00e7\u00e3o de 4 horas (Despacho n\u00ba 5741\/2015) e acreditada pela entidade formadora ESECS-IPLeiria, para efei<mark style=\"background-color:#ffffff\" class=\"has-inline-color\">tos da progress\u00e3o na carreira <\/mark>d<mark style=\"background-color:#ffffff\" class=\"has-inline-color\">e Professores dos Ensinos B\u00e1sico e Secund\u00e1rio (Art. 8.\u00ba do RJFC).<\/mark><\/p>\n\n\n\n<p><strong>Avalia\u00e7\u00e3o<\/strong>: Frequ\u00eancia da totalidade da forma\u00e7\u00e3o (oficina de constru\u00e7\u00e3o de recursos) e registo de assiduidade obrigat\u00f3rio.<\/p>\n\n\n\n<p><strong>Inscri\u00e7\u00e3o<\/strong>: gratuita, com acesso aos materiais da forma\u00e7\u00e3o e certifica\u00e7\u00e3o (<mark style=\"background-color:#ffffff\" class=\"has-inline-color has-luminous-vivid-orange-color\">at\u00e9 15-01-2025<\/mark>)<\/p>\n\n\n\n<div class=\"wp-block-group\"><div class=\"wp-block-group__inner-container is-layout-constrained wp-block-group-is-layout-constrained\">\n<p><mark class=\"has-inline-color has-vivid-cyan-blue-color\"><strong>A lota\u00e7\u00e3o da oficina encontra-se esgotada (50 inscritos). Gostaria de participar, mas n\u00e3o conseguiu vaga? Deixe aqui a sua manifesta\u00e7\u00e3o de interesse. Ser\u00e1 informado\/a de eventuais desist\u00eancias (por ordem de inscri\u00e7\u00e3o) e edi\u00e7\u00f5es futuras da oficina.  <\/strong><\/mark><\/p>\n\n\n\n<p class=\"has-text-align-right\"><mark class=\"has-inline-color has-vivid-cyan-blue-color\"><strong>(Comiss\u00e3o Organizadora; 19-11-2024)<\/strong><\/mark><\/p>\n<\/div><\/div>\n\n\n\n<p><\/p>\n\n\n\n<div class=\"wp-block-buttons is-layout-flex wp-block-buttons-is-layout-flex\">\n<div class=\"wp-block-button\"><a class=\"wp-block-button__link has-vivid-green-cyan-background-color has-background wp-element-button\" href=\"https:\/\/forms.gle\/T2JyDGn13kZ5c2odA\">Registar manifesta\u00e7\u00e3o de interesse AQUI <\/a><\/div>\n<\/div>\n","protected":false},"excerpt":{"rendered":"<p>Integrada no Congresso, realiza-se, na tarde do dia 25 de janeiro, uma oficina presencial de constru\u00e7\u00e3o de recursos para o PLNM, destinada a Professores dos Ensino B\u00e1sico e Secund\u00e1rio (todas as \u00e1reas). Acredita\u00e7\u00e3o: A\u00e7\u00e3o reconhecida como curta dura\u00e7\u00e3o de 4&hellip;  <\/p>\n<p class=\"more-link\"><a href=\"https:\/\/sites.ipleiria.pt\/ciplg\/pt\/inscricao-formacao-acreditada\/\">Continue reading <span class=\"meta-nav\">&rarr;<\/span><\/a><\/p>\n","protected":false},"author":3099,"featured_media":0,"parent":0,"menu_order":0,"comment_status":"closed","ping_status":"closed","template":"","meta":{"footnotes":""},"class_list":["post-1126","page","type-page","status-publish","hentry"],"_links":{"self":[{"href":"https:\/\/sites.ipleiria.pt\/ciplg\/wp-json\/wp\/v2\/pages\/1126","targetHints":{"allow":["GET"]}}],"collection":[{"href":"https:\/\/sites.ipleiria.pt\/ciplg\/wp-json\/wp\/v2\/pages"}],"about":[{"href":"https:\/\/sites.ipleiria.pt\/ciplg\/wp-json\/wp\/v2\/types\/page"}],"author":[{"embeddable":true,"href":"https:\/\/sites.ipleiria.pt\/ciplg\/wp-json\/wp\/v2\/users\/3099"}],"replies":[{"embeddable":true,"href":"https:\/\/sites.ipleiria.pt\/ciplg\/wp-json\/wp\/v2\/comments?post=1126"}],"version-history":[{"count":17,"href":"https:\/\/sites.ipleiria.pt\/ciplg\/wp-json\/wp\/v2\/pages\/1126\/revisions"}],"predecessor-version":[{"id":1291,"href":"https:\/\/sites.ipleiria.pt\/ciplg\/wp-json\/wp\/v2\/pages\/1126\/revisions\/1291"}],"wp:attachment":[{"href":"https:\/\/sites.ipleiria.pt\/ciplg\/wp-json\/wp\/v2\/media?parent=1126"}],"curies":[{"name":"wp","href":"https:\/\/api.w.org\/{rel}","templated":true}]}}