{"id":1178,"date":"2024-07-19T11:13:14","date_gmt":"2024-07-19T11:13:14","guid":{"rendered":"https:\/\/sites.ipleiria.pt\/ciplg\/?page_id=1178"},"modified":"2024-10-29T09:02:39","modified_gmt":"2024-10-29T09:02:39","slug":"convidados","status":"publish","type":"page","link":"https:\/\/sites.ipleiria.pt\/ciplg\/pt\/convidados\/","title":{"rendered":"Oradores"},"content":{"rendered":"\n<p><strong>Lu\u00eds Filipe Barbeiro<\/strong><\/p>\n\n\n\n<figure class=\"wp-block-image size-thumbnail\"><img loading=\"lazy\" decoding=\"async\" width=\"150\" height=\"150\" src=\"https:\/\/sites.ipleiria.pt\/ciplg\/files\/2024\/07\/image-1-150x150.jpeg\" alt=\"\" class=\"wp-image-1186\" \/><\/figure>\n\n\n\n<p>Lu\u00eds Filipe Barbeiro \u00e9 Professor Coordenador Principal da Escola Superior de Educa\u00e7\u00e3o e Ci\u00eancias Sociais, Polit\u00e9cnico de Leiria; doutor e agregado em Educa\u00e7\u00e3o, respetivamente nas especialidades de Metodologia do Ensino do Portugu\u00eas e Literacias e Ensino do Portugu\u00eas.&nbsp;&nbsp;Tem focado a sua investiga\u00e7\u00e3o na did\u00e1tica da escrita, l\u00edngua materna e n\u00e3o materna. Participou em v\u00e1rios projetos cient\u00edfico-pedag\u00f3gicos, de \u00e2mbito nacional e internacional, no dom\u00ednio da literacia, do ensino-aprendizagem de Portugu\u00eas L\u00edngua N\u00e3o Materna e da diversidade lingu\u00edstica. Na \u00e1rea da did\u00e1tica da escrita, publicou artigos em revistas nacionais e internacionais e diversos livros.<\/p>\n\n\n\n<p><strong>Carlos Ceia<\/strong>&nbsp;<\/p>\n\n\n\n<figure class=\"wp-block-image size-thumbnail\"><img loading=\"lazy\" decoding=\"async\" width=\"150\" height=\"150\" src=\"https:\/\/sites.ipleiria.pt\/ciplg\/files\/2024\/07\/image-150x150.jpeg\" alt=\"\" class=\"wp-image-1179\" srcset=\"https:\/\/sites.ipleiria.pt\/ciplg\/files\/2024\/07\/image-150x150.jpeg 150w, https:\/\/sites.ipleiria.pt\/ciplg\/files\/2024\/07\/image-300x300.jpeg 300w, https:\/\/sites.ipleiria.pt\/ciplg\/files\/2024\/07\/image.jpeg 554w\" sizes=\"auto, (max-width: 150px) 100vw, 150px\" \/><\/figure>\n\n\n\n<p>Carlos Ceia \u00e9 Professor Catedr\u00e1tico de Estudos Ingleses da Universidade Nova de Lisboa, Faculdade de Ci\u00eancias Sociais e Humanas. Titular da C\u00e1tedra CIPSH <em>Chair on Digital Humanities in Education<\/em>. Fundador e director do ILNOVA (Instituto de L\u00ednguas da Universidade Nova de Lisboa), em 2006. Director do <em>Centre for English, Translation and Anglo-Portuguese Studies<\/em> (CETAPS), desde 2014, classificado como excelente, onde dirige o grupo de investiga\u00e7\u00e3o <em>Translation, Teacher Education and Applied Language Studies <\/em>(TEALS). \u00c9 membro do Conselho de Faculdade da NOVA FCSH.&nbsp;<\/p>\n\n\n\n<p><\/p>\n\n\n\n<p><strong>Jos\u00e9 Pascoal<\/strong><\/p>\n\n\n\n<figure class=\"wp-block-image size-large is-resized\"><img loading=\"lazy\" decoding=\"async\" width=\"890\" height=\"1024\" src=\"https:\/\/sites.ipleiria.pt\/ciplg\/files\/2024\/10\/Jose-Pascoal-890x1024.jpg\" alt=\"\" class=\"wp-image-1214\" style=\"width:149px;height:auto\" srcset=\"https:\/\/sites.ipleiria.pt\/ciplg\/files\/2024\/10\/Jose-Pascoal-890x1024.jpg 890w, https:\/\/sites.ipleiria.pt\/ciplg\/files\/2024\/10\/Jose-Pascoal-261x300.jpg 261w, https:\/\/sites.ipleiria.pt\/ciplg\/files\/2024\/10\/Jose-Pascoal-768x883.jpg 768w, https:\/\/sites.ipleiria.pt\/ciplg\/files\/2024\/10\/Jose-Pascoal-1335x1536.jpg 1335w, https:\/\/sites.ipleiria.pt\/ciplg\/files\/2024\/10\/Jose-Pascoal-1781x2048.jpg 1781w\" sizes=\"auto, (max-width: 890px) 100vw, 890px\" \/><\/figure>\n\n\n\n<p>Forma\u00e7\u00e3o acad\u00e9mica na ULisboa e na UNL, e\u00a0profissional na ALTE e nas Universidades de Reading e\u00a0de Cambridge.\u00a0Doc\u00eancia na ULisboa e, actualmente, na Universidade de Macau.\u00a0Adido para a Educa\u00e7\u00e3o na Embaixada de Portugal no Reino Unido. Co-fundador, diretor e membro das comiss\u00f5es cient\u00edfica, consultiva e executiva do CAPLE-ULisboa. Conceptor dos exames de PLE. Formador de profissionais em ensino e avalia\u00e7\u00e3o do PLE. Subdirector do Centro de Ensino e Forma\u00e7\u00e3o Bilingue Chin\u00eas-Portugu\u00eas da UM. Redator de documentos para o ensino, a aprendizagem e a avalia\u00e7\u00e3o do PLE.\u00a0Auditor, membro especialista e das comiss\u00f5es\u00a0<em>Standing Committee\u00a0<\/em>e\u00a0<em>Board of Trustees<\/em>\u00a0da ALTE<em>.\u00a0<\/em>Co-autor de publica\u00e7\u00f5es no ECML,\u00a0no Conselho da Europa, na Lidel, na ALTE, no ME, no Instituto Cam\u00f5es e no ACM.\u00a0<\/p>\n\n\n\n<p><strong>Adelina Castelo<\/strong>&nbsp;<\/p>\n\n\n\n<figure class=\"wp-block-image size-thumbnail\"><img loading=\"lazy\" decoding=\"async\" width=\"150\" height=\"150\" src=\"https:\/\/sites.ipleiria.pt\/ciplg\/files\/2024\/07\/image-150x150.png\" alt=\"\" class=\"wp-image-1180\" \/><\/figure>\n\n\n\n<p>Adelina Castelo \u00e9 Doutorada em Lingu\u00edstica Educacional (2012), Mestre em Lingu\u00edstica Portuguesa (2004) e Licenciada em Estudos Portugueses e Franceses (1999), pela Universidade de Lisboa. Atualmente \u00e9 Professora Auxiliar da Universidade Aberta, investigadora integrada do CLUL e investigadora colaboradora do LE@D. As suas \u00e1reas de investiga\u00e7\u00e3o e doc\u00eancia abarcam a Lingu\u00edstica Educacional (Did\u00e1tica da L\u00edngua, Desenvolvimento de Materiais Did\u00e1ticos, Aprendizagem de l\u00ednguas assistida por tecnologias, Ensino da Pron\u00fancia), a Aquisi\u00e7\u00e3o de L2 e a Fonologia.&nbsp;<\/p>\n\n\n\n<p><strong>Ana Madeira<\/strong><\/p>\n\n\n\n<figure class=\"wp-block-image size-thumbnail\"><img loading=\"lazy\" decoding=\"async\" width=\"150\" height=\"150\" src=\"https:\/\/sites.ipleiria.pt\/ciplg\/files\/2024\/07\/foto-150x150.jpg\" alt=\"\" class=\"wp-image-1189\" \/><\/figure>\n\n\n\n<p>Ana Madeira \u00e9 Professora Associada no Departamento de Lingu\u00edstica da Faculdade de Ci\u00eancias Sociais e Humanas da Universidade Nova de Lisboa e investigadora do Centro de Lingu\u00edstica da Universidade Nova de Lisboa. Desenvolve investiga\u00e7\u00e3o, e.o., em aquisi\u00e7\u00e3o de l\u00edngua n\u00e3o materna e lingu\u00edstica aplicada ao ensino de l\u00ednguas. Tem participado em projetos nacionais e internacionais nos dom\u00ednios da aquisi\u00e7\u00e3o de portugu\u00eas l\u00edngua n\u00e3o materna, bi\/multilinguismo, pol\u00edticas lingu\u00edsticas na educa\u00e7\u00e3o, e desenvolvimento de materiais did\u00e1ticos e ferramentas de avalia\u00e7\u00e3o para o portugu\u00eas l\u00edngua segunda\/estrangeira.<\/p>\n\n\n\n<p><strong>Cristina Martins<\/strong>&nbsp;<\/p>\n\n\n\n<figure class=\"wp-block-image size-thumbnail\"><img loading=\"lazy\" decoding=\"async\" width=\"150\" height=\"150\" src=\"https:\/\/sites.ipleiria.pt\/ciplg\/files\/2024\/07\/image-1-150x150.png\" alt=\"\" class=\"wp-image-1181\" \/><\/figure>\n\n\n\n<p>Cristina Martins \u00e9 Professora Associada (FLUC) e doutorada em Lingu\u00edstica Aplicada (UC). Coordenadora das equipas da UC nos projetos E-LENGUA, XCELING, INCLUDEED, COMMUNIKITE. Coordenadora do Corpus de Produ\u00e7\u00f5es Escritas de Aprendentes de PL2 (PEAPL2) e dos manuais Em Portugu\u00eas (IUC), e respons\u00e1vel pelo curso de forma\u00e7\u00e3o, em e-learning, Aprendizagem e Ensino de PLNM (UC_D\/Cam\u00f5es). Cocoordena os cursos online PLE A1, A2, B1, B2 e C1, tendo sido diretora do Mestrado em Portugu\u00eas como L\u00edngua Segunda e L\u00edngua Estrangeira (2007-2023) e codiretora dos Cursos de PLE (2015-2018) na FLUC. Foi coordenadora cient\u00edfica do CELGA (2007-2009) e coordena, atualmente, o grupo Portugu\u00eas em Contacto do CELGA-ILTEC.&nbsp;<\/p>\n\n\n\n<p><strong>Rita Annes<\/strong><strong><\/strong><\/p>\n\n\n\n<figure class=\"wp-block-image size-thumbnail\"><img loading=\"lazy\" decoding=\"async\" width=\"150\" height=\"150\" src=\"https:\/\/sites.ipleiria.pt\/ciplg\/files\/2024\/07\/Foto-Oficial-Rita-Annes-1-1-150x150.jpg\" alt=\"\" class=\"wp-image-1195\" \/><\/figure>\n\n\n\n<p>Diretora Executiva da LIDEL. Nos \u00faltimos 14 anos tem acompanhado ativamente a atividade internacional da LIDEL, com especial incid\u00eancia no PLE\/PL2\/PLNM\/PLH\/PLA, \u00e1rea a que a editora se dedica h\u00e1 35 anos. O contacto permanente com autores, professores e leitores de todo o mundo tem permitido a dinamiza\u00e7\u00e3o do j\u00e1 vasto cat\u00e1logo editorial, bem como de solu\u00e7\u00f5es para o ensino digital interativo, que t\u00eam permitido \u00e0 LIDEL manter a sua lideran\u00e7a como editora de Portugu\u00eas para todo o mundo.<\/p>\n","protected":false},"excerpt":{"rendered":"<p>Lu\u00eds Filipe Barbeiro Lu\u00eds Filipe Barbeiro \u00e9 Professor Coordenador Principal da Escola Superior de Educa\u00e7\u00e3o e Ci\u00eancias Sociais, Polit\u00e9cnico de Leiria; doutor e agregado em Educa\u00e7\u00e3o, respetivamente nas especialidades de Metodologia do Ensino do Portugu\u00eas e Literacias e Ensino do&hellip;  <\/p>\n<p class=\"more-link\"><a href=\"https:\/\/sites.ipleiria.pt\/ciplg\/pt\/convidados\/\">Continue reading <span class=\"meta-nav\">&rarr;<\/span><\/a><\/p>\n","protected":false},"author":3099,"featured_media":0,"parent":0,"menu_order":0,"comment_status":"closed","ping_status":"closed","template":"","meta":{"footnotes":""},"class_list":["post-1178","page","type-page","status-publish","hentry"],"_links":{"self":[{"href":"https:\/\/sites.ipleiria.pt\/ciplg\/wp-json\/wp\/v2\/pages\/1178","targetHints":{"allow":["GET"]}}],"collection":[{"href":"https:\/\/sites.ipleiria.pt\/ciplg\/wp-json\/wp\/v2\/pages"}],"about":[{"href":"https:\/\/sites.ipleiria.pt\/ciplg\/wp-json\/wp\/v2\/types\/page"}],"author":[{"embeddable":true,"href":"https:\/\/sites.ipleiria.pt\/ciplg\/wp-json\/wp\/v2\/users\/3099"}],"replies":[{"embeddable":true,"href":"https:\/\/sites.ipleiria.pt\/ciplg\/wp-json\/wp\/v2\/comments?post=1178"}],"version-history":[{"count":8,"href":"https:\/\/sites.ipleiria.pt\/ciplg\/wp-json\/wp\/v2\/pages\/1178\/revisions"}],"predecessor-version":[{"id":1216,"href":"https:\/\/sites.ipleiria.pt\/ciplg\/wp-json\/wp\/v2\/pages\/1178\/revisions\/1216"}],"wp:attachment":[{"href":"https:\/\/sites.ipleiria.pt\/ciplg\/wp-json\/wp\/v2\/media?parent=1178"}],"curies":[{"name":"wp","href":"https:\/\/api.w.org\/{rel}","templated":true}]}}