{"id":14,"date":"2019-12-12T11:51:38","date_gmt":"2019-12-12T11:51:38","guid":{"rendered":"https:\/\/sites.ipleiria.pt\/4ciead\/?page_id=14"},"modified":"2025-02-04T13:06:28","modified_gmt":"2025-02-04T13:06:28","slug":"programa-geral","status":"publish","type":"page","link":"https:\/\/sites.ipleiria.pt\/ciplg\/pt\/programa-geral\/","title":{"rendered":"Programa"},"content":{"rendered":"\n<p><mark class=\"has-inline-color has-black-color\">Reveja aqui as sess\u00f5es plen\u00e1rias: <a href=\"https:\/\/eur02.safelinks.protection.outlook.com\/?url=https%3A%2F%2Fwww.youtube.com%2Fplaylist%3Flist%3DPLqGXHmmJZCZldsZWRWEv8xyg_CViRHfw-&amp;data=05%7C02%7Cfausto.caels%40ipleiria.pt%7C4721e81b432c4800434608dd450b92f1%7C536b85ada4484186a9afe3ccad3302c5%7C0%7C0%7C638742638182946454%7CUnknown%7CTWFpbGZsb3d8eyJFbXB0eU1hcGkiOnRydWUsIlYiOiIwLjAuMDAwMCIsIlAiOiJXaW4zMiIsIkFOIjoiTWFpbCIsIldUIjoyfQ%3D%3D%7C0%7C%7C%7C&amp;sdata=rtJfiSjz2hYYclldJh%2BUI%2FyNfdLcwCf67HKheOL2jIk%3D&amp;reserved=0\" target=\"_blank\" rel=\"noreferrer noopener\">https:\/\/www.youtube.com\/playlist?list=PLqGXHmmJZCZldsZWRWEv8xyg_CViRHfw-<\/a><\/mark><\/p>\n\n\n\n<p><strong>24 de janeiro (presencial; ESECS-IPLeiria, Edif\u00edcio B)<\/strong><\/p>\n\n\n\n<p>9h00 &#8211; Sess\u00e3o de abertura (Pedro Morou\u00e7o, Diretor da ESECS-IPLeiria; Sandie Mour\u00e3o, CETAPS-Nova FCSH; Fausto Caels, Comiss\u00e3o Organizadora, GEPLE-IPLeiria) <strong>(Audit\u00f3rio 2)<\/strong><\/p>\n\n\n\n<p>9h30 &#8211; Sess\u00e3o Plen\u00e1ria I (Lu\u00eds Barbeiro, ESECS-IPLeiria) <strong>(Audit\u00f3rio 2)<\/strong><\/p>\n\n\n\n<p>10h30 &#8211; Intervalo para caf\u00e9<\/p>\n\n\n\n<p>10h45 &#8211; Sess\u00e3o paralela I  <strong>(Salas 1-4)<\/strong><\/p>\n\n\n\n<p>12h45 &#8211; Almo\u00e7o<\/p>\n\n\n\n<p>14h00 &#8211; Sess\u00e3o Plen\u00e1ria II (Carlos Ceia, CETAPS-Nova FCSH) (Audit\u00f3rio 2)<\/p>\n\n\n\n<p>15h00 &#8211; Sess\u00e3o paralela II <strong>(Salas 1-4)<\/strong><\/p>\n\n\n\n<p>16h30 &#8211; Intervalo para caf\u00e9<\/p>\n\n\n\n<p>16h45 &#8211; Mesa redonda&nbsp;(Adelina Castelo, Universidade Aberta, CLUL; Ana Madeira, Nova FCSH, CLUNL; Cristina Martins, CELGA-ILTEC, FLUC; Rita Annes, Editora Lidel) <strong>(Audit\u00f3rio 2)<\/strong><\/p>\n\n\n\n<p><\/p>\n\n\n\n<p><strong>25 de janeiro<\/strong><\/p>\n\n\n\n<p>9h00 &#8211; Sess\u00e3o paralela III <strong> (online)<\/strong><\/p>\n\n\n\n<p class=\"has-small-font-size\"><strong>Sala 1:&nbsp;<\/strong><a href=\"https:\/\/videoconf-colibri.zoom.us\/j\/97076678502?pwd=uRvLfWddgHI48cmKKJ09twb2n3gqki.1\">https:\/\/videoconf-colibri.zoom.us\/j\/97076678502?pwd=uRvLfWddgHI48cmKKJ09twb2n3gqki.1<\/a><\/p>\n\n\n\n<p class=\"has-small-font-size\"><strong>Sala 2:&nbsp;<\/strong><a href=\"https:\/\/videoconf-colibri.zoom.us\/j\/95203897430?pwd=DIhh8LvAK73mkVDZzObbRMcEtbgY9R.1\">https:\/\/videoconf-colibri.zoom.us\/j\/95203897430?pwd=DIhh8LvAK73mkVDZzObbRMcEtbgY9R.1<\/a><\/p>\n\n\n\n<p class=\"has-small-font-size\"><strong>Sala 3:&nbsp;<\/strong><a href=\"https:\/\/videoconf-colibri.zoom.us\/j\/96861002478?pwd=ThKMXop2HhBKZ0ab7vgjv23h2uOgr8.1\">https:\/\/videoconf-colibri.zoom.us\/j\/96861002478?pwd=ThKMXop2HhBKZ0ab7vgjv23h2uOgr8.1<\/a><strong>&nbsp;&nbsp;&nbsp;<\/strong><\/p>\n\n\n\n<p class=\"has-small-font-size\"><strong>Sala 4:&nbsp;&nbsp;<\/strong><a href=\"https:\/\/eur02.safelinks.protection.outlook.com\/?url=https%3A%2F%2Fvideoconf-colibri.zoom.us%2Fj%2F92845459734%3Fpwd%3DoPOmFxbVdBxtB5iozsK2khhPtHsdui.1&amp;data=05%7C02%7Ccongresso.plg%40ipleiria.pt%7C8cd1cd14bb114a74de2e08dd37457bf1%7C536b85ada4484186a9afe3ccad3302c5%7C0%7C0%7C638727493809386803%7CUnknown%7CTWFpbGZsb3d8eyJFbXB0eU1hcGkiOnRydWUsIlYiOiIwLjAuMDAwMCIsIlAiOiJXaW4zMiIsIkFOIjoiTWFpbCIsIldUIjoyfQ%3D%3D%7C0%7C%7C%7C&amp;sdata=APHPvPleXS%2FWmBUpB4bal2E62DnQOhnnAH5PxFIj4aA%3D&amp;reserved=0\" target=\"_blank\" rel=\"noreferrer noopener\">https:\/\/videoconf-colibri.zoom.us\/j\/92845459734?pwd=oPOmFxbVdBxtB5iozsK2khhPtHsdui.1<\/a><strong>&nbsp;&nbsp;&nbsp;&nbsp;&nbsp;&nbsp;&nbsp;&nbsp;&nbsp;&nbsp;&nbsp;&nbsp;<\/strong><\/p>\n\n\n\n<p>11h00 &#8211; Pausa<\/p>\n\n\n\n<p>11h15 &#8211; Sess\u00e3o plen\u00e1ria III (Jos\u00e9 Pascoal, Universidade de Macau)&nbsp;<strong> (online)<\/strong><\/p>\n\n\n\n<p><a href=\"https:\/\/videoconf-colibri.zoom.us\/j\/7494774816\">https:\/\/videoconf-colibri.zoom.us\/j\/7494774816<\/a><\/p>\n\n\n\n<p>12h15 &#8211; Sess\u00e3o de encerramento <strong> (online)<\/strong><\/p>\n\n\n\n<p><a href=\"https:\/\/videoconf-colibri.zoom.us\/j\/7494774816\">https:\/\/videoconf-colibri.zoom.us\/j\/7494774816<\/a><\/p>\n\n\n\n<p>12h30 &#8211; Almo\u00e7o<\/p>\n\n\n\n<p>14h00 &#8211; A\u00e7\u00e3o de curta dura\u00e7\u00e3o (4h) para professores do ensino b\u00e1sico e secund\u00e1rio (oficina de constru\u00e7\u00e3o de recursos de PLNM) <strong> (presencial; ESECS-IPLeiria, Audit\u00f3rio 2<\/strong>)<\/p>\n\n\n\n<div class=\"wp-block-buttons is-layout-flex wp-block-buttons-is-layout-flex\">\n<div class=\"wp-block-button\"><a class=\"wp-block-button__link has-vivid-green-cyan-background-color has-background wp-element-button\" href=\"http:\/\/sites.ipleiria.pt\/ciplg\/files\/2025\/01\/Programa_PT-GLOBAL_geral.pdf\">Programa Geral<\/a><\/div>\n\n\n\n<div class=\"wp-block-button\"><a class=\"wp-block-button__link has-vivid-red-background-color has-background wp-element-button\" href=\"http:\/\/sites.ipleiria.pt\/ciplg\/files\/2025\/01\/Sessoes-paralelas_1-2-3.pdf\">Programa Sess\u00f5es Paralelas<\/a><\/div>\n<\/div>\n\n\n\n<p><\/p>\n","protected":false},"excerpt":{"rendered":"<p>Reveja aqui as sess\u00f5es plen\u00e1rias: https:\/\/www.youtube.com\/playlist?list=PLqGXHmmJZCZldsZWRWEv8xyg_CViRHfw- 24 de janeiro (presencial; ESECS-IPLeiria, Edif\u00edcio B) 9h00 &#8211; Sess\u00e3o de abertura (Pedro Morou\u00e7o, Diretor da ESECS-IPLeiria; Sandie Mour\u00e3o, CETAPS-Nova FCSH; Fausto Caels, Comiss\u00e3o Organizadora, GEPLE-IPLeiria) (Audit\u00f3rio 2) 9h30 &#8211; Sess\u00e3o Plen\u00e1ria I (Lu\u00eds&hellip;  <\/p>\n<p class=\"more-link\"><a href=\"https:\/\/sites.ipleiria.pt\/ciplg\/pt\/programa-geral\/\">Continue reading <span class=\"meta-nav\">&rarr;<\/span><\/a><\/p>\n","protected":false},"author":102,"featured_media":0,"parent":0,"menu_order":0,"comment_status":"closed","ping_status":"closed","template":"","meta":{"footnotes":""},"class_list":["post-14","page","type-page","status-publish","hentry"],"_links":{"self":[{"href":"https:\/\/sites.ipleiria.pt\/ciplg\/wp-json\/wp\/v2\/pages\/14","targetHints":{"allow":["GET"]}}],"collection":[{"href":"https:\/\/sites.ipleiria.pt\/ciplg\/wp-json\/wp\/v2\/pages"}],"about":[{"href":"https:\/\/sites.ipleiria.pt\/ciplg\/wp-json\/wp\/v2\/types\/page"}],"author":[{"embeddable":true,"href":"https:\/\/sites.ipleiria.pt\/ciplg\/wp-json\/wp\/v2\/users\/102"}],"replies":[{"embeddable":true,"href":"https:\/\/sites.ipleiria.pt\/ciplg\/wp-json\/wp\/v2\/comments?post=14"}],"version-history":[{"count":29,"href":"https:\/\/sites.ipleiria.pt\/ciplg\/wp-json\/wp\/v2\/pages\/14\/revisions"}],"predecessor-version":[{"id":1356,"href":"https:\/\/sites.ipleiria.pt\/ciplg\/wp-json\/wp\/v2\/pages\/14\/revisions\/1356"}],"wp:attachment":[{"href":"https:\/\/sites.ipleiria.pt\/ciplg\/wp-json\/wp\/v2\/media?parent=14"}],"curies":[{"name":"wp","href":"https:\/\/api.w.org\/{rel}","templated":true}]}}