{"id":26,"date":"2019-12-12T11:54:14","date_gmt":"2019-12-12T11:54:14","guid":{"rendered":"https:\/\/sites.ipleiria.pt\/4ciead\/?page_id=26"},"modified":"2025-01-08T09:33:33","modified_gmt":"2025-01-08T09:33:33","slug":"inscricao","status":"publish","type":"page","link":"https:\/\/sites.ipleiria.pt\/ciplg\/pt\/inscricao\/","title":{"rendered":"Inscri\u00e7\u00e3o"},"content":{"rendered":"\n<ul class=\"wp-block-list\">\n<li><a href=\"https:\/\/sites.ipleiria.pt\/ciplg\/inscricao-no-congresso\/\">Inscri\u00e7\u00e3o no Congresso <\/a><\/li>\n\n\n\n<li><a href=\"https:\/\/sites.ipleiria.pt\/ciplg\/pt\/inscricao-formacao-acreditada\/\">Inscri\u00e7\u00e3o na Forma\u00e7\u00e3o Acreditada<\/a><\/li>\n<\/ul>\n\n\n\n<p>A Forma\u00e7\u00e3o Acreditada destina-se a professores dos Ensinos B\u00e1sico e Secund\u00e1rio. Pressup\u00f5e a frequ\u00eancia da oficina de constru\u00e7\u00e3o de recursos de PLNM, na tarde do dia 25 de janeiro (presencial).  <\/p>\n","protected":false},"excerpt":{"rendered":"<p>A Forma\u00e7\u00e3o Acreditada destina-se a professores dos Ensinos B\u00e1sico e Secund\u00e1rio. Pressup\u00f5e a frequ\u00eancia da oficina de constru\u00e7\u00e3o de recursos de PLNM, na tarde do dia 25 de janeiro (presencial).<\/p>\n","protected":false},"author":102,"featured_media":0,"parent":0,"menu_order":0,"comment_status":"closed","ping_status":"closed","template":"","meta":{"footnotes":""},"class_list":["post-26","page","type-page","status-publish","hentry"],"_links":{"self":[{"href":"https:\/\/sites.ipleiria.pt\/ciplg\/wp-json\/wp\/v2\/pages\/26","targetHints":{"allow":["GET"]}}],"collection":[{"href":"https:\/\/sites.ipleiria.pt\/ciplg\/wp-json\/wp\/v2\/pages"}],"about":[{"href":"https:\/\/sites.ipleiria.pt\/ciplg\/wp-json\/wp\/v2\/types\/page"}],"author":[{"embeddable":true,"href":"https:\/\/sites.ipleiria.pt\/ciplg\/wp-json\/wp\/v2\/users\/102"}],"replies":[{"embeddable":true,"href":"https:\/\/sites.ipleiria.pt\/ciplg\/wp-json\/wp\/v2\/comments?post=26"}],"version-history":[{"count":23,"href":"https:\/\/sites.ipleiria.pt\/ciplg\/wp-json\/wp\/v2\/pages\/26\/revisions"}],"predecessor-version":[{"id":1289,"href":"https:\/\/sites.ipleiria.pt\/ciplg\/wp-json\/wp\/v2\/pages\/26\/revisions\/1289"}],"wp:attachment":[{"href":"https:\/\/sites.ipleiria.pt\/ciplg\/wp-json\/wp\/v2\/media?parent=26"}],"curies":[{"name":"wp","href":"https:\/\/api.w.org\/{rel}","templated":true}]}}