{"id":30,"date":"2019-12-12T11:54:59","date_gmt":"2019-12-12T11:54:59","guid":{"rendered":"https:\/\/sites.ipleiria.pt\/4ciead\/?page_id=30"},"modified":"2024-12-18T22:26:11","modified_gmt":"2024-12-18T22:26:11","slug":"contactos","status":"publish","type":"page","link":"https:\/\/sites.ipleiria.pt\/ciplg\/pt\/contactos\/","title":{"rendered":"Contactos"},"content":{"rendered":"\n<p><strong>Comiss\u00e3o Executiva <\/strong><br>Email:&nbsp;<a href=\"mailto:congresso.plg@ipleiria.pt\">congresso.plg@ipleiria.pt<\/a><\/p>\n\n\n<\/p>\n\n\n<p><strong>Secretariado<\/strong><br>Adelaide Ferreira<br>Email:\u00a0<a href=\"mailto:eunice.almeida@ipleiria.pt\"><\/a><a href=\"mailto:adelaide.ferreira@ipleiria.pt\">adelaide.ferreira@ipleiria.pt<\/a><br>Telefone: (+351) 244 829 400<\/p>\n\n\n\n<p><strong>Escola Superior de Educa\u00e7\u00e3o e Ci\u00eancias Sociais (Leiria)<\/strong><br>Campus 1 \u2014 Polit\u00e9cnico de Leiria<br>Rua Dr. Jo\u00e3o Soares<br>Apartado 4045<br>2411-901 Leiria \u2013 Portugal<br>Tel: (+351) 244 829400 \u2022 Fax:(+351) 244 829499<br>E-mail:&nbsp;<a href=\"mailto:esecs@ipleiria.pt\">esecs@ipleiria.pt<\/a><\/p>\n\n\n\n<p>Ver&nbsp;<a href=\"https:\/\/www.google.com\/maps\/d\/u\/0\/edit?mid=1Cpy6veZvCE6qnaPaXMBrA74XXuc&amp;msa=0&amp;ie=UTF8&amp;t=m&amp;vpsrc=0&amp;z=18&amp;source=embed&amp;ll=39.73943497653222%2C-8.811459000000013\" target=\"_blank\" rel=\"noreferrer noopener\">ESECS<\/a>&nbsp;no mapa<\/p>\n\n\n\n<p>A cidade de Leiria possui liga\u00e7\u00f5es r\u00e1pidas e frequentes a Lisboa e Porto, atrav\u00e9s da Rede Nacional de Expressos (consulte&nbsp;<a href=\"http:\/\/www.rede-expressos.pt\/\">http:\/\/www.rede-expressos.pt\/<\/a>). A ESECS fica pr\u00f3xima da esta\u00e7\u00e3o da rodovi\u00e1ria (10 minutos a p\u00e9).<\/p>\n\n\n\n<p><strong>Alojamento<\/strong><br>Leiria possui uma diversificada gama de hot\u00e9is e hostels, localizados pr\u00f3ximo da ESECS \u2013 onde decorre o Congresso Internacional de Portugu\u00eas como L\u00edngua Global \u2013 e do centro da cidade, como:<\/p>\n\n\n\n<p><\/p>\n\n\n\n<p><strong>Hotel Eurosol Leiria ***&nbsp;<\/strong>\u2014&nbsp;<a href=\"https:\/\/www.eurosol.pt\/pt\/hotel\/eurosol-leiria-jardim-2\">Aqui<\/a><br><em>(Localizado pr\u00f3ximo da Escola Superior de Educa\u00e7\u00e3o e Ci\u00eancias Sociais \u2013 7 minutos a p\u00e9)<\/em><\/p>\n\n\n\n<p><strong>Hotel S\u00e3o Lu\u00eds ***&nbsp;<\/strong>\u2014&nbsp;<a href=\"http:\/\/www.saoluishotel.com\/\" target=\"_blank\" rel=\"noreferrer noopener\">Aqui<\/a><br><em>(Localizado pr\u00f3ximo do centro da cidade de Leiria e a 12 minutos a p\u00e9 da Escola Superior de Educa\u00e7\u00e3o e Ci\u00eancias Sociais)<\/em><\/p>\n\n\n\n<p><strong>Hotel Ibis **&nbsp;<\/strong>\u2014&nbsp;<a rel=\"noreferrer noopener\" href=\"http:\/\/www.accorhotels.com\/pt\/hotel-3340-ibis-leiria\/index.shtml\" target=\"_blank\">Aqui<\/a>&nbsp;(Localizado a 20 minutos a p\u00e9 da Escola Superior de Educa\u00e7\u00e3o e Ci\u00eancias Sociais)<\/p>\n\n\n\n<p><strong>Hotel Leiria Classic \u2014&nbsp;<\/strong><a rel=\"noreferrer noopener\" href=\"http:\/\/www.hotelleiriaclassic.pt\/\" target=\"_blank\">Aqui<\/a><em>&nbsp;<\/em><em>(Localizado no centro da cidade de Leiria e a 10 minutos a p\u00e9 da Escola Superior de Educa\u00e7\u00e3o e Ci\u00eancias Sociais)<\/em><\/p>\n\n\n\n<p><em>(Localizado no centro da cidade de Leiria e a 10 minutos a p\u00e9 da Escola Superior de Educa\u00e7\u00e3o e Ci\u00eancias Sociais)<\/em><\/p>\n\n\n\n<p><strong>Atlas Hostel Leiria<\/strong>&nbsp;\u2014&nbsp;<a href=\"http:\/\/www.atlashostel-leiria.com\/\" target=\"_blank\" rel=\"noreferrer noopener\">Aqui<\/a><br><em>(Localizado no centro hist\u00f3rico da cidade de Leiria e a 10 minutos a p\u00e9 da Escola Superior de Educa\u00e7\u00e3o e Ci\u00eancias Sociais)<\/em><\/p>\n\n\n\n<p><strong>Hotel D. Dinis&nbsp;<\/strong>\u2014&nbsp;<a href=\"http:\/\/www.hotelddinis.pt\/\" target=\"_blank\" rel=\"noreferrer noopener\">Aqui<\/a><br><em>(Localizado no centro hist\u00f3rico da cidade de Leiria e a 10 minutos a p\u00e9 da Escola Superior de Educa\u00e7\u00e3o e Ci\u00eancias Sociais)<\/em><\/p>\n","protected":false},"excerpt":{"rendered":"<p>Comiss\u00e3o Executiva Email:&nbsp;congresso.plg@ipleiria.pt SecretariadoAdelaide FerreiraEmail:\u00a0adelaide.ferreira@ipleiria.ptTelefone: (+351) 244 829 400 Escola Superior de Educa\u00e7\u00e3o e Ci\u00eancias Sociais (Leiria)Campus 1 \u2014 Polit\u00e9cnico de LeiriaRua Dr. Jo\u00e3o SoaresApartado 40452411-901 Leiria \u2013 PortugalTel: (+351) 244 829400 \u2022 Fax:(+351) 244 829499E-mail:&nbsp;esecs@ipleiria.pt Ver&nbsp;ESECS&nbsp;no mapa A cidade&hellip;  <\/p>\n<p class=\"more-link\"><a href=\"https:\/\/sites.ipleiria.pt\/ciplg\/pt\/contactos\/\">Continue reading <span class=\"meta-nav\">&rarr;<\/span><\/a><\/p>\n","protected":false},"author":102,"featured_media":0,"parent":0,"menu_order":0,"comment_status":"closed","ping_status":"closed","template":"","meta":{"footnotes":""},"class_list":["post-30","page","type-page","status-publish","hentry"],"_links":{"self":[{"href":"https:\/\/sites.ipleiria.pt\/ciplg\/wp-json\/wp\/v2\/pages\/30","targetHints":{"allow":["GET"]}}],"collection":[{"href":"https:\/\/sites.ipleiria.pt\/ciplg\/wp-json\/wp\/v2\/pages"}],"about":[{"href":"https:\/\/sites.ipleiria.pt\/ciplg\/wp-json\/wp\/v2\/types\/page"}],"author":[{"embeddable":true,"href":"https:\/\/sites.ipleiria.pt\/ciplg\/wp-json\/wp\/v2\/users\/102"}],"replies":[{"embeddable":true,"href":"https:\/\/sites.ipleiria.pt\/ciplg\/wp-json\/wp\/v2\/comments?post=30"}],"version-history":[{"count":11,"href":"https:\/\/sites.ipleiria.pt\/ciplg\/wp-json\/wp\/v2\/pages\/30\/revisions"}],"predecessor-version":[{"id":1279,"href":"https:\/\/sites.ipleiria.pt\/ciplg\/wp-json\/wp\/v2\/pages\/30\/revisions\/1279"}],"wp:attachment":[{"href":"https:\/\/sites.ipleiria.pt\/ciplg\/wp-json\/wp\/v2\/media?parent=30"}],"curies":[{"name":"wp","href":"https:\/\/api.w.org\/{rel}","templated":true}]}}