{"id":866,"date":"2024-05-03T14:28:46","date_gmt":"2024-05-03T14:28:46","guid":{"rendered":"https:\/\/sites.ipleiria.pt\/ciplg\/?page_id=866"},"modified":"2024-09-30T15:29:54","modified_gmt":"2024-09-30T15:29:54","slug":"sumbmissoes","status":"publish","type":"page","link":"https:\/\/sites.ipleiria.pt\/ciplg\/pt\/sumbmissoes\/","title":{"rendered":"Submiss\u00e3o de propostas"},"content":{"rendered":"\n<p>As propostas de comunica\u00e7\u00e3o devem ser submetidas <mark style=\"background-color:#ffffff\" class=\"has-inline-color has-luminous-vivid-orange-color\">entre 15 de julho<s> e 30 de setembro de 2024<\/s><\/mark> <mark class=\"has-inline-color has-luminous-vivid-orange-color\">20 de outubro de 2024<\/mark>. As propostas dever\u00e3o ser redigidas em portugu\u00eas, a l\u00edngua de trabalho do Congresso. De forma a garantir a diversidade, cada autor(a) poder\u00e1 submeter no m\u00e1ximo duas propostas (individualmente ou em co-autoria).<\/p>\n\n\n\n<p>As propostas de comunica\u00e7\u00e3o devem incluir:<\/p>\n\n\n\n<ul class=\"wp-block-list\">\n<li>T\u00edtulo<\/li>\n\n\n\n<li>5 palavras-chave<\/li>\n\n\n\n<li>Resumo com explicita\u00e7\u00e3o dos objetivos, quadro te\u00f3rico-metodol\u00f3gico e resultados (previstos)<\/li>\n\n\n\n<li>(m\u00e1ximo de) 10 refer\u00eancias bibliogr\u00e1ficas &#8211; Normas APA, 7.\u00aa edi\u00e7\u00e3o<\/li>\n\n\n\n<li>Formato pretendido (presencial ou virtual)*<\/li>\n<\/ul>\n\n\n\n<p>As propostas devem ter entre 1000 e 1500 palavras, considerando todos os elementos acima indicados. As comunica\u00e7\u00f5es ter\u00e3o a dura\u00e7\u00e3o de 15 minutos, seguidas de 5 minutos de discuss\u00e3o. <\/p>\n\n\n\n<p><strong>* FORMATO<\/strong><\/p>\n\n\n\n<p>Prev\u00ea-se a possibilidade de haver comunica\u00e7\u00f5es em formato virtual. Os participantes que pretendam este formato, dever\u00e3o explicit\u00e1-lo no final da sua proposta. A apresenta\u00e7\u00e3o em formato virtual ser\u00e1 restrita a um dos dias do Encontro. O Encontro presencial n\u00e3o ser\u00e1 difundido virtualmente.&nbsp;<\/p>\n\n\n\n<p><strong>Link para modelo de proposta de comunica\u00e7\u00e3o \u2013 (<\/strong><a href=\"http:\/\/sites.ipleiria.pt\/ciplg\/files\/2024\/07\/Artigo-Tipo-2.docx\">clique aqui \u2013&nbsp;Modelo de proposta de comunica\u00e7\u00e3o<\/a><strong>)<\/strong><\/p>\n\n\n\n<p><strong>PLATAFORMA DE SUBMISS\u00c3O<\/strong><\/p>\n\n\n\n<div class=\"wp-block-buttons is-layout-flex wp-block-buttons-is-layout-flex\">\n<div class=\"wp-block-button\"><a class=\"wp-block-button__link has-vivid-green-cyan-background-color has-background wp-element-button\" href=\"https:\/\/cmt3.research.microsoft.com\/CIPLG2025\/Submission\/Index\">Submeter proposta de comunica\u00e7\u00e3o AQUI<\/a><\/div>\n<\/div>\n\n\n\n<h2 class=\"wp-block-heading\"><\/h2>\n\n\n\n<p><strong>REVIS\u00c3O CIENT\u00cdFICA<\/strong><\/p>\n\n\n\n<p>Os resumos ser\u00e3o alvo de aprecia\u00e7\u00e3o por parte da Comiss\u00e3o Cient\u00edfica, atrav\u00e9s de um processo de revis\u00e3o cega por pares.&nbsp;Na avalia\u00e7\u00e3o dos resumos ser\u00e3o tidos em conta os seguintes crit\u00e9rios:<\/p>\n\n\n\n<ul class=\"wp-block-list\">\n<li>Cumprimento das orienta\u00e7\u00f5es<\/li>\n\n\n\n<li>Relev\u00e2ncia do estudo para a \u00e1rea e tema do Congresso<\/li>\n\n\n\n<li>Qualidade da reda\u00e7\u00e3o e organiza\u00e7\u00e3o do texto<\/li>\n\n\n\n<li>Rigor cient\u00edfico<\/li>\n\n\n\n<li>Aplicabilidade de resultados e impacto pedag\u00f3gico<\/li>\n<\/ul>\n\n\n\n<p>\u200d\u00c9 reservado \u00e0 Comiss\u00e3o Cient\u00edfica o direito de n\u00e3o aceitar propostas, em caso de incumprimento das regras indicadas. Da decis\u00e3o da Comiss\u00e3o Cient\u00edfica n\u00e3o haver\u00e1 lugar a recurso.<\/p>\n\n\n\n<h2 class=\"wp-block-heading\"><\/h2>\n\n\n\n<p><\/p>\n\n\n\n<p><\/p>\n\n\n\n<p><\/p>\n","protected":false},"excerpt":{"rendered":"<p>As propostas de comunica\u00e7\u00e3o devem ser submetidas entre 15 de julho e 30 de setembro de 2024 20 de outubro de 2024. As propostas dever\u00e3o ser redigidas em portugu\u00eas, a l\u00edngua de trabalho do Congresso. De forma a garantir a&hellip;  <\/p>\n<p class=\"more-link\"><a href=\"https:\/\/sites.ipleiria.pt\/ciplg\/pt\/sumbmissoes\/\">Continue reading <span class=\"meta-nav\">&rarr;<\/span><\/a><\/p>\n","protected":false},"author":102,"featured_media":0,"parent":0,"menu_order":0,"comment_status":"closed","ping_status":"closed","template":"","meta":{"footnotes":""},"class_list":["post-866","page","type-page","status-publish","hentry"],"_links":{"self":[{"href":"https:\/\/sites.ipleiria.pt\/ciplg\/wp-json\/wp\/v2\/pages\/866","targetHints":{"allow":["GET"]}}],"collection":[{"href":"https:\/\/sites.ipleiria.pt\/ciplg\/wp-json\/wp\/v2\/pages"}],"about":[{"href":"https:\/\/sites.ipleiria.pt\/ciplg\/wp-json\/wp\/v2\/types\/page"}],"author":[{"embeddable":true,"href":"https:\/\/sites.ipleiria.pt\/ciplg\/wp-json\/wp\/v2\/users\/102"}],"replies":[{"embeddable":true,"href":"https:\/\/sites.ipleiria.pt\/ciplg\/wp-json\/wp\/v2\/comments?post=866"}],"version-history":[{"count":24,"href":"https:\/\/sites.ipleiria.pt\/ciplg\/wp-json\/wp\/v2\/pages\/866\/revisions"}],"predecessor-version":[{"id":1201,"href":"https:\/\/sites.ipleiria.pt\/ciplg\/wp-json\/wp\/v2\/pages\/866\/revisions\/1201"}],"wp:attachment":[{"href":"https:\/\/sites.ipleiria.pt\/ciplg\/wp-json\/wp\/v2\/media?parent=866"}],"curies":[{"name":"wp","href":"https:\/\/api.w.org\/{rel}","templated":true}]}}