{"id":12,"date":"2013-05-24T15:32:30","date_gmt":"2013-05-24T15:32:30","guid":{"rendered":"http:\/\/sites.ipleiria.pt\/coerenciacv\/?page_id=12"},"modified":"2013-07-23T16:13:22","modified_gmt":"2013-07-23T16:13:22","slug":"cabo-verde","status":"publish","type":"page","link":"https:\/\/sites.ipleiria.pt\/coerenciacv\/cpd\/cabo-verde\/","title":{"rendered":"Cabo Verde"},"content":{"rendered":"<p style=\"text-align: justify\">Diversos pa\u00edses doadores encontram-se numa fase de sensibiliza\u00e7\u00e3o, e alguns j\u00e1 de implementa\u00e7\u00e3o, de um compromisso pol\u00edtico e mecanismos institucionais que promovam a <em>Coer\u00eancia das Pol\u00edticas para o Desenvolvimento<\/em> (CPD). Especificamente em Cabo Verde tal compromisso ou mecanismo \u00e9 ainda inexistente tornando-se pertinente e essencial abordar a CPD na medida em que o impacto positivo das pol\u00edticas dos doadores depende, tamb\u00e9m, de esfor\u00e7os paralelos envidados pelo pa\u00eds parceiro e benefici\u00e1rio e, acima de tudo, de um acompanhamento e monitoriza\u00e7\u00e3o no terreno por parte daqueles que delas usufruem.<\/p>\n<p style=\"text-align: justify\">\u00c0 CPD, como instrumento, em Cabo Verde falta tanto divulga\u00e7\u00e3o como empreendedores. Aos cidad\u00e3os falta, por sua vez, tanto informa\u00e7\u00e3o como instrumentos e mecanismos de ac\u00e7\u00e3o. A constata\u00e7\u00e3o geral de que a CPD consiste num mecanismo essencial para um desenvolvimento sustent\u00e1vel poder\u00e1 despertar nos cidad\u00e3os o seu potencial de actores para a mudan\u00e7a. Da mesma forma, a consciencializa\u00e7\u00e3o cr\u00edtica dos mesmos poder\u00e1 levar \u00e0 promo\u00e7\u00e3o da CPD como mecanismo de consulta e de di\u00e1logo.<\/p>\n","protected":false},"excerpt":{"rendered":"<p>Diversos pa\u00edses doadores encontram-se numa fase de sensibiliza\u00e7\u00e3o, e alguns j\u00e1 de implementa\u00e7\u00e3o, de um compromisso pol\u00edtico e mecanismos institucionais que promovam a Coer\u00eancia das Pol\u00edticas para o Desenvolvimento (CPD). Especificamente em Cabo Verde tal compromisso ou mecanismo \u00e9 ainda inexistente tornando-se pertinente e essencial abordar a CPD na medida em que o impacto positivo [&hellip;]<\/p>\n","protected":false},"author":102,"featured_media":0,"parent":2,"menu_order":1,"comment_status":"closed","ping_status":"open","template":"","meta":{"footnotes":""},"class_list":["post-12","page","type-page","status-publish","hentry"],"_links":{"self":[{"href":"https:\/\/sites.ipleiria.pt\/coerenciacv\/wp-json\/wp\/v2\/pages\/12","targetHints":{"allow":["GET"]}}],"collection":[{"href":"https:\/\/sites.ipleiria.pt\/coerenciacv\/wp-json\/wp\/v2\/pages"}],"about":[{"href":"https:\/\/sites.ipleiria.pt\/coerenciacv\/wp-json\/wp\/v2\/types\/page"}],"author":[{"embeddable":true,"href":"https:\/\/sites.ipleiria.pt\/coerenciacv\/wp-json\/wp\/v2\/users\/102"}],"replies":[{"embeddable":true,"href":"https:\/\/sites.ipleiria.pt\/coerenciacv\/wp-json\/wp\/v2\/comments?post=12"}],"version-history":[{"count":6,"href":"https:\/\/sites.ipleiria.pt\/coerenciacv\/wp-json\/wp\/v2\/pages\/12\/revisions"}],"predecessor-version":[{"id":183,"href":"https:\/\/sites.ipleiria.pt\/coerenciacv\/wp-json\/wp\/v2\/pages\/12\/revisions\/183"}],"up":[{"embeddable":true,"href":"https:\/\/sites.ipleiria.pt\/coerenciacv\/wp-json\/wp\/v2\/pages\/2"}],"wp:attachment":[{"href":"https:\/\/sites.ipleiria.pt\/coerenciacv\/wp-json\/wp\/v2\/media?parent=12"}],"curies":[{"name":"wp","href":"https:\/\/api.w.org\/{rel}","templated":true}]}}