{"id":14,"date":"2013-05-24T15:33:02","date_gmt":"2013-05-24T15:33:02","guid":{"rendered":"http:\/\/sites.ipleiria.pt\/coerenciacv\/?page_id=14"},"modified":"2013-07-24T17:13:00","modified_gmt":"2013-07-24T17:13:00","slug":"portugal","status":"publish","type":"page","link":"https:\/\/sites.ipleiria.pt\/coerenciacv\/cpd\/portugal\/","title":{"rendered":"Portugal"},"content":{"rendered":"<p style=\"text-align: justify\">Em Portugal, um dos principais parceiros de Cabo Verde, t\u00eam sido conduzidas diversas medidas de sensibiliza\u00e7\u00e3o do executivo pol\u00edtico para a quest\u00e3o da<em> Coer\u00eancia das Pol\u00edticas para o Desenvolvimento.\u00a0<\/em>Destaca-se a adop\u00e7\u00e3o da\u00a0<a href=\"http:\/\/sites.ipleiria.pt\/coerenciacv\/files\/2013\/05\/Di\u00e1rio-da-Rep\u00fablica-CPD.pdf\">Resolu\u00e7\u00e3o do Conselho de Ministros m\u00ba82\/2010<\/a>\u00a0que reconhece a coer\u00eancia das pol\u00edticas para o desenvolvimento &#8220;como um instrumento essencial para a melhoria da efic\u00e1cia da pol\u00edtica externa portuguesa&#8221; estabelecendo &#8220;mecanismos formais de coordena\u00e7\u00e3o e refor\u00e7o dos di\u00e1logo interministerial nesta \u00e1rea&#8221;.<\/p>\n","protected":false},"excerpt":{"rendered":"<p>Em Portugal, um dos principais parceiros de Cabo Verde, t\u00eam sido conduzidas diversas medidas de sensibiliza\u00e7\u00e3o do executivo pol\u00edtico para a quest\u00e3o da Coer\u00eancia das Pol\u00edticas para o Desenvolvimento.\u00a0Destaca-se a adop\u00e7\u00e3o da\u00a0Resolu\u00e7\u00e3o do Conselho de Ministros m\u00ba82\/2010\u00a0que reconhece a coer\u00eancia das pol\u00edticas para o desenvolvimento &#8220;como um instrumento essencial para a melhoria da efic\u00e1cia da [&hellip;]<\/p>\n","protected":false},"author":102,"featured_media":0,"parent":2,"menu_order":2,"comment_status":"closed","ping_status":"open","template":"","meta":{"footnotes":""},"class_list":["post-14","page","type-page","status-publish","hentry"],"_links":{"self":[{"href":"https:\/\/sites.ipleiria.pt\/coerenciacv\/wp-json\/wp\/v2\/pages\/14","targetHints":{"allow":["GET"]}}],"collection":[{"href":"https:\/\/sites.ipleiria.pt\/coerenciacv\/wp-json\/wp\/v2\/pages"}],"about":[{"href":"https:\/\/sites.ipleiria.pt\/coerenciacv\/wp-json\/wp\/v2\/types\/page"}],"author":[{"embeddable":true,"href":"https:\/\/sites.ipleiria.pt\/coerenciacv\/wp-json\/wp\/v2\/users\/102"}],"replies":[{"embeddable":true,"href":"https:\/\/sites.ipleiria.pt\/coerenciacv\/wp-json\/wp\/v2\/comments?post=14"}],"version-history":[{"count":3,"href":"https:\/\/sites.ipleiria.pt\/coerenciacv\/wp-json\/wp\/v2\/pages\/14\/revisions"}],"predecessor-version":[{"id":201,"href":"https:\/\/sites.ipleiria.pt\/coerenciacv\/wp-json\/wp\/v2\/pages\/14\/revisions\/201"}],"up":[{"embeddable":true,"href":"https:\/\/sites.ipleiria.pt\/coerenciacv\/wp-json\/wp\/v2\/pages\/2"}],"wp:attachment":[{"href":"https:\/\/sites.ipleiria.pt\/coerenciacv\/wp-json\/wp\/v2\/media?parent=14"}],"curies":[{"name":"wp","href":"https:\/\/api.w.org\/{rel}","templated":true}]}}