{"id":2,"date":"2013-05-23T10:53:18","date_gmt":"2013-05-23T10:53:18","guid":{"rendered":"http:\/\/sites.ipleiria.pt\/coerenciacv\/?page_id=2"},"modified":"2013-07-24T17:08:05","modified_gmt":"2013-07-24T17:08:05","slug":"cpd","status":"publish","type":"page","link":"https:\/\/sites.ipleiria.pt\/coerenciacv\/cpd\/","title":{"rendered":"CPD"},"content":{"rendered":"<div align=\"justify\">\n<p><span style=\"font-size: 1rem;line-height: 1.714285714\">Partindo da premissa que as pol\u00edticas para o desenvolvimento n\u00e3o ser\u00e3o eficientes \u2013 ou ser\u00e3o em v\u00e3o \u2013 se outras pol\u00edticas que n\u00e3o dizem respeito \u00e0 Coopera\u00e7\u00e3o para o Desenvolvimento conduzirem a impactos negativos nos pa\u00edses em desenvolvimento a <\/span><em style=\"font-size: 1rem;line-height: 1.714285714\">Coer\u00eancia das Pol\u00edticas para o Desenvolvimento<\/em><span style=\"font-size: 1rem;line-height: 1.714285714\">\u00a0procura interligar pol\u00edticas sectoriais diversas para que os programas de cada \u00e1rea sejam concebidos de forma a responderem tanto \u00e0s respectivas preocupa\u00e7\u00f5es sectoriais como \u00e0s de redu\u00e7\u00e3o da pobreza e do desenvolvimento. A CPD surge como\u00a0<\/span><span style=\"font-size: 1rem;line-height: 1.714285714\">um mecanismo de monitoriza\u00e7\u00e3o a ser utilizado por parte da sociedade civil e dos cidad\u00e3os tanto em pa\u00edses doadores como em pa\u00edses receptores.<\/span><\/p>\n<p><a href=\"http:\/\/sites.ipleiria.pt\/coerenciacv\/files\/2013\/05\/CPD1.png\"><img loading=\"lazy\" decoding=\"async\" class=\"size-medium wp-image-207 alignright\" alt=\"CPD\" src=\"http:\/\/sites.ipleiria.pt\/coerenciacv\/files\/2013\/05\/CPD1-300x252.png\" width=\"300\" height=\"252\" srcset=\"https:\/\/sites.ipleiria.pt\/coerenciacv\/files\/2013\/05\/CPD1-300x252.png 300w, https:\/\/sites.ipleiria.pt\/coerenciacv\/files\/2013\/05\/CPD1-1024x860.png 1024w, https:\/\/sites.ipleiria.pt\/coerenciacv\/files\/2013\/05\/CPD1-624x524.png 624w, https:\/\/sites.ipleiria.pt\/coerenciacv\/files\/2013\/05\/CPD1.png 1671w\" sizes=\"auto, (max-width: 300px) 100vw, 300px\" \/><\/a><\/p>\n<p>O principal problema parte da falta de comunica\u00e7\u00e3o e de troca de informa\u00e7\u00e3o sobre as diversas pol\u00edticas sectoriais em geral e sobre as quest\u00f5es do desenvolvimento em particular, entre os v\u00e1rios sectores pol\u00edticos dos pa\u00edses doadores, o que conduz \u00e0 concep\u00e7\u00e3o e implementa\u00e7\u00e3o de pol\u00edticas isoladas e passiveis de se tornarem incoerentes entre si. Pol\u00edticas p\u00fablicas incoerentes representam um desperd\u00edcio de esfor\u00e7os e recursos.<\/p>\n<p>A CPD \u00e9 um instrumento inovador que tem assumido visibilidade quer na pol\u00edtica de Coopera\u00e7\u00e3o para o Desenvolvimento da Uni\u00e3o Europeia, quer no seio do CAD-OCDE, quer em diversas organiza\u00e7\u00f5es multilaterais. A UE procura\u00a0alinhar, de forma coerente e coordenada, as suas diferentes \u00e1reas pol\u00edticas de trabalho com as 12 \u00e1reas priorit\u00e1rias aprovadas em 2005 pelo Conselho Europeu, de forma a evitar que estas se contrariem entre si. Apresentam-se, de seguida, as \u00e1reas consideradas priorit\u00e1rias para a observ\u00e2ncia da CPD:<\/p>\n<ul>\n<li><span style=\"line-height: 14px\">Agricultura<\/span><\/li>\n<li>Altera\u00e7\u00f5es Clim\u00e1ticas<\/li>\n<li>Ambiente<\/li>\n<li>Com\u00e9rcio<\/li>\n<li>Dimens\u00e3o Social da Globaliza\u00e7\u00e3o<\/li>\n<li>Energia<\/li>\n<li>Inova\u00e7\u00e3o e Pesquisa<\/li>\n<li>Migra\u00e7\u00f5es<\/li>\n<li>Pescas<\/li>\n<li>Seguran\u00e7a<\/li>\n<li>Sociedade de Informa\u00e7\u00e3o<\/li>\n<li>Transportes<\/li>\n<\/ul>\n<\/div>\n","protected":false},"excerpt":{"rendered":"<p>Partindo da premissa que as pol\u00edticas para o desenvolvimento n\u00e3o ser\u00e3o eficientes \u2013 ou ser\u00e3o em v\u00e3o \u2013 se outras pol\u00edticas que n\u00e3o dizem respeito \u00e0 Coopera\u00e7\u00e3o para o Desenvolvimento conduzirem a impactos negativos nos pa\u00edses em desenvolvimento a Coer\u00eancia das Pol\u00edticas para o Desenvolvimento\u00a0procura interligar pol\u00edticas sectoriais diversas para que os programas de cada [&hellip;]<\/p>\n","protected":false},"author":64,"featured_media":0,"parent":0,"menu_order":1,"comment_status":"closed","ping_status":"open","template":"","meta":{"footnotes":""},"class_list":["post-2","page","type-page","status-publish","hentry"],"_links":{"self":[{"href":"https:\/\/sites.ipleiria.pt\/coerenciacv\/wp-json\/wp\/v2\/pages\/2","targetHints":{"allow":["GET"]}}],"collection":[{"href":"https:\/\/sites.ipleiria.pt\/coerenciacv\/wp-json\/wp\/v2\/pages"}],"about":[{"href":"https:\/\/sites.ipleiria.pt\/coerenciacv\/wp-json\/wp\/v2\/types\/page"}],"author":[{"embeddable":true,"href":"https:\/\/sites.ipleiria.pt\/coerenciacv\/wp-json\/wp\/v2\/users\/64"}],"replies":[{"embeddable":true,"href":"https:\/\/sites.ipleiria.pt\/coerenciacv\/wp-json\/wp\/v2\/comments?post=2"}],"version-history":[{"count":13,"href":"https:\/\/sites.ipleiria.pt\/coerenciacv\/wp-json\/wp\/v2\/pages\/2\/revisions"}],"predecessor-version":[{"id":208,"href":"https:\/\/sites.ipleiria.pt\/coerenciacv\/wp-json\/wp\/v2\/pages\/2\/revisions\/208"}],"wp:attachment":[{"href":"https:\/\/sites.ipleiria.pt\/coerenciacv\/wp-json\/wp\/v2\/media?parent=2"}],"curies":[{"name":"wp","href":"https:\/\/api.w.org\/{rel}","templated":true}]}}