{"id":24,"date":"2013-05-24T15:34:54","date_gmt":"2013-05-24T15:34:54","guid":{"rendered":"http:\/\/sites.ipleiria.pt\/coerenciacv\/?page_id=24"},"modified":"2013-07-23T16:37:27","modified_gmt":"2013-07-23T16:37:27","slug":"nucleos-de-trabalho","status":"publish","type":"page","link":"https:\/\/sites.ipleiria.pt\/coerenciacv\/monitorizacao\/nucleos-de-trabalho\/","title":{"rendered":"Grupos de Trabalho"},"content":{"rendered":"<p style=\"text-align: justify\">Para um trabalho integrado e estrat\u00e9gico mostrou-se essencial a cria\u00e7\u00e3o de um n\u00facleo de trabalho que envolvesse as diversas organiza\u00e7\u00f5es da sociedade civil Cabo-Verdianas interessadas e dispostas a trabalhar as quest\u00f5es da Coer\u00eancia das Pol\u00edticas para o Desenvolvimento. Os t\u00e9cnicos das organiza\u00e7\u00f5es envolvidas t\u00eam sido alvo de forma\u00e7\u00e3o e capacita\u00e7\u00e3o a utiliza\u00e7\u00e3o da CPD enquanto instrumento de monitoriza\u00e7\u00e3o.<\/p>\n<p style=\"text-align: justify\">Reunindo diferentes t\u00e9cnicos dentro das organiza\u00e7\u00f5es envolvidas foram criados 3 n\u00facleos de trabalho tem\u00e1ticos para reflex\u00e3o e elabora\u00e7\u00e3o de documentos de posicionamento nas \u00e1reas da Agricultura, Ambiente e Pesca. Os mesmos ser\u00e3o respons\u00e1veis pela partilha de experi\u00eancia, integrando a evid\u00eancia da pr\u00e1tica, das suas comunidades locais &#8211; essencialmente das ilhas perif\u00e9ricas.<\/p>\n","protected":false},"excerpt":{"rendered":"<p>Para um trabalho integrado e estrat\u00e9gico mostrou-se essencial a cria\u00e7\u00e3o de um n\u00facleo de trabalho que envolvesse as diversas organiza\u00e7\u00f5es da sociedade civil Cabo-Verdianas interessadas e dispostas a trabalhar as quest\u00f5es da Coer\u00eancia das Pol\u00edticas para o Desenvolvimento. Os t\u00e9cnicos das organiza\u00e7\u00f5es envolvidas t\u00eam sido alvo de forma\u00e7\u00e3o e capacita\u00e7\u00e3o a utiliza\u00e7\u00e3o da CPD enquanto [&hellip;]<\/p>\n","protected":false},"author":102,"featured_media":0,"parent":18,"menu_order":3,"comment_status":"closed","ping_status":"open","template":"","meta":{"footnotes":""},"class_list":["post-24","page","type-page","status-publish","hentry"],"_links":{"self":[{"href":"https:\/\/sites.ipleiria.pt\/coerenciacv\/wp-json\/wp\/v2\/pages\/24","targetHints":{"allow":["GET"]}}],"collection":[{"href":"https:\/\/sites.ipleiria.pt\/coerenciacv\/wp-json\/wp\/v2\/pages"}],"about":[{"href":"https:\/\/sites.ipleiria.pt\/coerenciacv\/wp-json\/wp\/v2\/types\/page"}],"author":[{"embeddable":true,"href":"https:\/\/sites.ipleiria.pt\/coerenciacv\/wp-json\/wp\/v2\/users\/102"}],"replies":[{"embeddable":true,"href":"https:\/\/sites.ipleiria.pt\/coerenciacv\/wp-json\/wp\/v2\/comments?post=24"}],"version-history":[{"count":5,"href":"https:\/\/sites.ipleiria.pt\/coerenciacv\/wp-json\/wp\/v2\/pages\/24\/revisions"}],"predecessor-version":[{"id":188,"href":"https:\/\/sites.ipleiria.pt\/coerenciacv\/wp-json\/wp\/v2\/pages\/24\/revisions\/188"}],"up":[{"embeddable":true,"href":"https:\/\/sites.ipleiria.pt\/coerenciacv\/wp-json\/wp\/v2\/pages\/18"}],"wp:attachment":[{"href":"https:\/\/sites.ipleiria.pt\/coerenciacv\/wp-json\/wp\/v2\/media?parent=24"}],"curies":[{"name":"wp","href":"https:\/\/api.w.org\/{rel}","templated":true}]}}