{"id":26,"date":"2013-05-24T15:35:16","date_gmt":"2013-05-24T15:35:16","guid":{"rendered":"http:\/\/sites.ipleiria.pt\/coerenciacv\/?page_id=26"},"modified":"2013-07-25T11:23:42","modified_gmt":"2013-07-25T11:23:42","slug":"agricultura","status":"publish","type":"page","link":"https:\/\/sites.ipleiria.pt\/coerenciacv\/monitorizacao\/nucleos-de-trabalho\/agricultura\/","title":{"rendered":"Agricultura"},"content":{"rendered":"<p style=\"text-align: justify\">O grupo de trabalho dedicado \u00e0 Agricultura \u00e9 constitu\u00eddo pelos seguintes elementos [<em><strong>Respons\u00e1vel:<\/strong><\/em>\u00a0Domingos Jesus, Federa\u00e7\u00e3o das Associa\u00e7\u00f5es para o Desenvolvimento de Porto Novo]:<\/p>\n<table width=\"593\" border=\"0\" cellspacing=\"0\" cellpadding=\"0\">\n<tbody>\n<tr>\n<td style=\"text-align: center\" width=\"113\"><b>Nome<\/b><\/td>\n<td style=\"text-align: center\" width=\"348\"><b>Organiza\u00e7\u00e3o<\/b><\/td>\n<td style=\"text-align: center\" width=\"132\"><b>Ilha\/Concelho<\/b><\/td>\n<\/tr>\n<tr>\n<td style=\"text-align: center\" width=\"113\">Nasolino Miranda<\/td>\n<td style=\"text-align: center\" width=\"348\">Associa\u00e7\u00e3o Agro Hortel\u00e3o<\/td>\n<td style=\"text-align: center\" width=\"132\">Calheta de S\u00e3o Miguel<\/td>\n<\/tr>\n<tr>\n<td style=\"text-align: center\" width=\"113\">Ivone Varela<\/td>\n<td style=\"text-align: center\" width=\"348\">Associa\u00e7\u00e3o C\u00edvica de Ch\u00e3o Bom<\/td>\n<td style=\"text-align: center\" width=\"132\">Tarrafal de Santiago<\/td>\n<\/tr>\n<tr>\n<td style=\"text-align: center\" width=\"113\">Ernedi Monteiro<\/td>\n<td style=\"text-align: center\" width=\"348\">Ass. Comunit\u00e1ria para o Desenvolvimento de Fragata<\/td>\n<td style=\"text-align: center\" width=\"132\">Tarrafal de S\u00e3o Nicolau<\/td>\n<\/tr>\n<tr>\n<td style=\"text-align: center\" width=\"113\">Ilizia Neves<\/td>\n<td style=\"text-align: center\" width=\"348\">Ass. Comunit\u00e1ria para o Desenvolvimento de Morrinho<\/td>\n<td style=\"text-align: center\" width=\"132\">Maio<\/td>\n<\/tr>\n<tr>\n<td style=\"text-align: center\" width=\"113\">Manuel Barreto<\/td>\n<td style=\"text-align: center\" width=\"348\">Associa\u00e7\u00e3o dos Jovens empreendedores de Santa Cruz<\/td>\n<td style=\"text-align: center\" width=\"132\">Santa Cruz<\/td>\n<\/tr>\n<tr>\n<td style=\"text-align: center\" width=\"113\">Ivanildo Cabral<\/td>\n<td style=\"text-align: center\" width=\"348\">Associa\u00e7\u00e3o dos Amigos de Achada de S\u00e3o Filipe<\/td>\n<td style=\"text-align: center\" width=\"132\">Praia<\/td>\n<\/tr>\n<tr>\n<td style=\"text-align: center\" width=\"113\">Domingos Jesus<\/td>\n<td style=\"text-align: center\" width=\"348\">Federa\u00e7\u00e3o das Ass. p\/ o Desenvolvimento de Porto Novo<\/td>\n<td style=\"text-align: center\" width=\"132\">Porto Novo<\/td>\n<\/tr>\n<\/tbody>\n<\/table>\n","protected":false},"excerpt":{"rendered":"<p>O grupo de trabalho dedicado \u00e0 Agricultura \u00e9 constitu\u00eddo pelos seguintes elementos [Respons\u00e1vel:\u00a0Domingos Jesus, Federa\u00e7\u00e3o das Associa\u00e7\u00f5es para o Desenvolvimento de Porto Novo]: Nome Organiza\u00e7\u00e3o Ilha\/Concelho Nasolino Miranda Associa\u00e7\u00e3o Agro Hortel\u00e3o Calheta de S\u00e3o Miguel Ivone Varela Associa\u00e7\u00e3o C\u00edvica de Ch\u00e3o Bom Tarrafal de Santiago Ernedi Monteiro Ass. Comunit\u00e1ria para o Desenvolvimento de Fragata Tarrafal [&hellip;]<\/p>\n","protected":false},"author":102,"featured_media":0,"parent":24,"menu_order":1,"comment_status":"closed","ping_status":"open","template":"","meta":{"footnotes":""},"class_list":["post-26","page","type-page","status-publish","hentry"],"_links":{"self":[{"href":"https:\/\/sites.ipleiria.pt\/coerenciacv\/wp-json\/wp\/v2\/pages\/26","targetHints":{"allow":["GET"]}}],"collection":[{"href":"https:\/\/sites.ipleiria.pt\/coerenciacv\/wp-json\/wp\/v2\/pages"}],"about":[{"href":"https:\/\/sites.ipleiria.pt\/coerenciacv\/wp-json\/wp\/v2\/types\/page"}],"author":[{"embeddable":true,"href":"https:\/\/sites.ipleiria.pt\/coerenciacv\/wp-json\/wp\/v2\/users\/102"}],"replies":[{"embeddable":true,"href":"https:\/\/sites.ipleiria.pt\/coerenciacv\/wp-json\/wp\/v2\/comments?post=26"}],"version-history":[{"count":9,"href":"https:\/\/sites.ipleiria.pt\/coerenciacv\/wp-json\/wp\/v2\/pages\/26\/revisions"}],"predecessor-version":[{"id":214,"href":"https:\/\/sites.ipleiria.pt\/coerenciacv\/wp-json\/wp\/v2\/pages\/26\/revisions\/214"}],"up":[{"embeddable":true,"href":"https:\/\/sites.ipleiria.pt\/coerenciacv\/wp-json\/wp\/v2\/pages\/24"}],"wp:attachment":[{"href":"https:\/\/sites.ipleiria.pt\/coerenciacv\/wp-json\/wp\/v2\/media?parent=26"}],"curies":[{"name":"wp","href":"https:\/\/api.w.org\/{rel}","templated":true}]}}