{"id":28,"date":"2013-05-24T15:35:31","date_gmt":"2013-05-24T15:35:31","guid":{"rendered":"http:\/\/sites.ipleiria.pt\/coerenciacv\/?page_id=28"},"modified":"2013-07-25T13:51:04","modified_gmt":"2013-07-25T13:51:04","slug":"pesca","status":"publish","type":"page","link":"https:\/\/sites.ipleiria.pt\/coerenciacv\/monitorizacao\/nucleos-de-trabalho\/pesca\/","title":{"rendered":"Pesca"},"content":{"rendered":"<p style=\"text-align: justify\">O grupo de trabalho dedicado \u00e0 Pesca \u00e9 constitu\u00eddo pelos seguintes elementos [<em><strong>Respons\u00e1vel:<\/strong><\/em>\u00a0Ana Silva]:<\/p>\n<table width=\"593\" border=\"0\" cellspacing=\"0\" cellpadding=\"0\">\n<tbody>\n<tr>\n<td style=\"text-align: center\" width=\"113\"><b>Nome<\/b><\/td>\n<td style=\"text-align: center\" width=\"348\"><b>Organiza\u00e7\u00e3o<\/b><\/td>\n<td style=\"text-align: center\" width=\"132\"><b>Ilha\/Concelho<\/b><\/td>\n<\/tr>\n<tr>\n<td style=\"text-align: center\" width=\"113\">Ana Silva<\/td>\n<td style=\"text-align: center\" width=\"348\">Associa\u00e7\u00e3o Ami Figueiral<\/td>\n<td style=\"text-align: center\" width=\"132\">Paul<\/td>\n<\/tr>\n<tr>\n<td style=\"text-align: center\" width=\"113\">Ivanilda Silva<\/td>\n<td style=\"text-align: center\" width=\"348\">Associa\u00e7\u00e3o AMI PAUL<\/td>\n<td style=\"text-align: center\" width=\"132\">Paul<\/td>\n<\/tr>\n<tr>\n<td style=\"text-align: center\" width=\"113\">Claudino Silva<\/td>\n<td style=\"text-align: center\" width=\"348\">Associa\u00e7\u00e3o Comunit\u00e1ria Avan\u00e7ar para Frente<\/td>\n<td style=\"text-align: center\" width=\"132\">Santa Catarina de Fogo<\/td>\n<\/tr>\n<tr>\n<td style=\"text-align: center\" width=\"113\">Carlina Pires<\/td>\n<td style=\"text-align: center\" width=\"348\">Ass. Comunit\u00e1ria dos Habitantes e Amigos de Berlim<\/td>\n<td style=\"text-align: center\" width=\"132\"><\/td>\n<\/tr>\n<tr>\n<td style=\"text-align: center\" width=\"113\">N\u00eddia Gomes<\/td>\n<td style=\"text-align: center\" width=\"348\">Ass. Comunit\u00e1ria p\/ Desenv. de Fundo, Raiz, Bel\u00e9m e Matinho<\/td>\n<td style=\"text-align: center\" width=\"132\">Brava<\/td>\n<\/tr>\n<tr>\n<td style=\"text-align: center\" width=\"113\">Daniel Gomes<\/td>\n<td style=\"text-align: center\" width=\"348\">Ass. Comunit\u00e1ria p\/ Desenv. de Fundo, Raiz, Bel\u00e9m e Matinho<\/td>\n<td style=\"text-align: center\" width=\"132\">Brava<\/td>\n<\/tr>\n<tr>\n<td style=\"text-align: center\" width=\"113\">Agostinha Silva<\/td>\n<td style=\"text-align: center\" valign=\"top\" width=\"348\">Ass. Comunit\u00e1ria para o Desenvolvimento de Morro<\/td>\n<td style=\"text-align: center\" width=\"132\">Maio<\/td>\n<\/tr>\n<tr>\n<td style=\"text-align: center\" width=\"113\">Jos\u00e9 Andrade<\/td>\n<td style=\"text-align: center\" width=\"348\">Ass. Comunit\u00e1ria para o Desenvolvimento de Relva<\/td>\n<td style=\"text-align: center\" width=\"132\">Mosteiros<\/td>\n<\/tr>\n<tr>\n<td style=\"text-align: center\" width=\"113\">Ana Silva<\/td>\n<td style=\"text-align: center\" width=\"348\">Plataforma das ONG<\/td>\n<td style=\"text-align: center\" width=\"132\">Praia<\/td>\n<\/tr>\n<\/tbody>\n<\/table>\n<p>&nbsp;<\/p>\n","protected":false},"excerpt":{"rendered":"<p>O grupo de trabalho dedicado \u00e0 Pesca \u00e9 constitu\u00eddo pelos seguintes elementos [Respons\u00e1vel:\u00a0Ana Silva]: Nome Organiza\u00e7\u00e3o Ilha\/Concelho Ana Silva Associa\u00e7\u00e3o Ami Figueiral Paul Ivanilda Silva Associa\u00e7\u00e3o AMI PAUL Paul Claudino Silva Associa\u00e7\u00e3o Comunit\u00e1ria Avan\u00e7ar para Frente Santa Catarina de Fogo Carlina Pires Ass. Comunit\u00e1ria dos Habitantes e Amigos de Berlim N\u00eddia Gomes Ass. Comunit\u00e1ria p\/ [&hellip;]<\/p>\n","protected":false},"author":102,"featured_media":0,"parent":24,"menu_order":3,"comment_status":"closed","ping_status":"open","template":"","meta":{"footnotes":""},"class_list":["post-28","page","type-page","status-publish","hentry"],"_links":{"self":[{"href":"https:\/\/sites.ipleiria.pt\/coerenciacv\/wp-json\/wp\/v2\/pages\/28","targetHints":{"allow":["GET"]}}],"collection":[{"href":"https:\/\/sites.ipleiria.pt\/coerenciacv\/wp-json\/wp\/v2\/pages"}],"about":[{"href":"https:\/\/sites.ipleiria.pt\/coerenciacv\/wp-json\/wp\/v2\/types\/page"}],"author":[{"embeddable":true,"href":"https:\/\/sites.ipleiria.pt\/coerenciacv\/wp-json\/wp\/v2\/users\/102"}],"replies":[{"embeddable":true,"href":"https:\/\/sites.ipleiria.pt\/coerenciacv\/wp-json\/wp\/v2\/comments?post=28"}],"version-history":[{"count":9,"href":"https:\/\/sites.ipleiria.pt\/coerenciacv\/wp-json\/wp\/v2\/pages\/28\/revisions"}],"predecessor-version":[{"id":223,"href":"https:\/\/sites.ipleiria.pt\/coerenciacv\/wp-json\/wp\/v2\/pages\/28\/revisions\/223"}],"up":[{"embeddable":true,"href":"https:\/\/sites.ipleiria.pt\/coerenciacv\/wp-json\/wp\/v2\/pages\/24"}],"wp:attachment":[{"href":"https:\/\/sites.ipleiria.pt\/coerenciacv\/wp-json\/wp\/v2\/media?parent=28"}],"curies":[{"name":"wp","href":"https:\/\/api.w.org\/{rel}","templated":true}]}}