{"id":30,"date":"2013-05-24T15:35:48","date_gmt":"2013-05-24T15:35:48","guid":{"rendered":"http:\/\/sites.ipleiria.pt\/coerenciacv\/?page_id=30"},"modified":"2013-07-25T14:12:36","modified_gmt":"2013-07-25T14:12:36","slug":"ambiente","status":"publish","type":"page","link":"https:\/\/sites.ipleiria.pt\/coerenciacv\/monitorizacao\/nucleos-de-trabalho\/ambiente\/","title":{"rendered":"Ambiente"},"content":{"rendered":"<p style=\"text-align: justify\">O grupo de trabalho dedicado ao <em>Ambiente<\/em> \u00e9 constitu\u00eddo pelos seguintes elementos [<em><strong>Respons\u00e1vel:<\/strong><\/em>\u00a0Celina Santos, Plataforma das ONG&#8217;s de Cabo Verde]:<\/p>\n<table width=\"593\" border=\"0\" cellspacing=\"0\" cellpadding=\"0\">\n<tbody>\n<tr>\n<td style=\"text-align: center\" width=\"113\"><b>Nome<\/b><\/td>\n<td style=\"text-align: center\" width=\"348\"><b>Organiza\u00e7\u00e3o<\/b><\/td>\n<td style=\"text-align: center\" width=\"132\"><b>Ilha\/Concelho<\/b><\/td>\n<\/tr>\n<tr>\n<td style=\"text-align: center\" width=\"113\">J\u00falio Medina<\/td>\n<td style=\"text-align: center\" width=\"348\">Associa\u00e7\u00e3o 14 Mais<\/td>\n<td style=\"text-align: center\" width=\"132\">Rib. Grande &#8211; Santiago<\/td>\n<\/tr>\n<tr>\n<td style=\"text-align: center\" width=\"113\">Amilcar Martins<\/td>\n<td style=\"text-align: center\" width=\"348\">Ass. Comunit\u00e1ria para o Desenvolvimento de Achada L\u00e9m<\/td>\n<td style=\"text-align: center\" width=\"132\">S. Catarina de Santiago<\/td>\n<\/tr>\n<tr>\n<td style=\"text-align: center\" width=\"113\">Boaventura Moreira<\/td>\n<td style=\"text-align: center\" valign=\"top\" width=\"348\">Ass. Comunit\u00e1ria para o Desenvolvimento de Achada L\u00e9m<\/td>\n<td style=\"text-align: center\" width=\"132\">S. Catarina de Santiago<\/td>\n<\/tr>\n<tr>\n<td style=\"text-align: center\" width=\"113\">Florinda Delgado<\/td>\n<td style=\"text-align: center\" valign=\"top\" width=\"348\">Ass. dos Jovens Empreendedores de Santa Cruz<\/td>\n<td style=\"text-align: center\" width=\"132\">Santa Cruz<\/td>\n<\/tr>\n<tr>\n<td style=\"text-align: center\" width=\"113\">Romilton de Oliveira<\/td>\n<td style=\"text-align: center\" valign=\"top\" width=\"348\">Ass. Jovens Solid\u00e1rios de Ribeira Brava<\/td>\n<td style=\"text-align: center\" width=\"132\">Ribeira Brava<\/td>\n<\/tr>\n<tr>\n<td style=\"text-align: center\" width=\"113\">Leonel Brito<\/td>\n<td style=\"text-align: center\" width=\"348\">Ass. Jovens Solid\u00e1rios de Tarrafal de S\u00e3o Nicolau<\/td>\n<td style=\"text-align: center\" width=\"132\">Tarrafal de S\u00e3o Nicolau<\/td>\n<\/tr>\n<tr>\n<td style=\"text-align: center\" width=\"113\">Nelson Ramos<\/td>\n<td style=\"text-align: center\" width=\"348\">Organiza\u00e7\u00e3o das Associa\u00e7\u00f5es de S\u00e3o Nicolau<\/td>\n<td style=\"text-align: center\" width=\"132\">Ribeira Brava<\/td>\n<\/tr>\n<tr>\n<td style=\"text-align: center\" width=\"113\">Irani Pereira<\/td>\n<td style=\"text-align: center\" width=\"348\">Plataforma das ONG&#8217;s de Cabo Verde<\/td>\n<td style=\"text-align: center\" width=\"132\">Praia<\/td>\n<\/tr>\n<tr>\n<td style=\"text-align: center\" width=\"113\">Celina Santos<\/td>\n<td style=\"text-align: center\" width=\"348\">Plataforma das ONG&#8217;s de Cabo Verde<\/td>\n<td style=\"text-align: center\" width=\"132\">Praia<\/td>\n<\/tr>\n<\/tbody>\n<\/table>\n","protected":false},"excerpt":{"rendered":"<p>O grupo de trabalho dedicado ao Ambiente \u00e9 constitu\u00eddo pelos seguintes elementos [Respons\u00e1vel:\u00a0Celina Santos, Plataforma das ONG&#8217;s de Cabo Verde]: Nome Organiza\u00e7\u00e3o Ilha\/Concelho J\u00falio Medina Associa\u00e7\u00e3o 14 Mais Rib. Grande &#8211; Santiago Amilcar Martins Ass. Comunit\u00e1ria para o Desenvolvimento de Achada L\u00e9m S. Catarina de Santiago Boaventura Moreira Ass. Comunit\u00e1ria para o Desenvolvimento de Achada [&hellip;]<\/p>\n","protected":false},"author":102,"featured_media":0,"parent":24,"menu_order":3,"comment_status":"closed","ping_status":"open","template":"","meta":{"footnotes":""},"class_list":["post-30","page","type-page","status-publish","hentry"],"_links":{"self":[{"href":"https:\/\/sites.ipleiria.pt\/coerenciacv\/wp-json\/wp\/v2\/pages\/30","targetHints":{"allow":["GET"]}}],"collection":[{"href":"https:\/\/sites.ipleiria.pt\/coerenciacv\/wp-json\/wp\/v2\/pages"}],"about":[{"href":"https:\/\/sites.ipleiria.pt\/coerenciacv\/wp-json\/wp\/v2\/types\/page"}],"author":[{"embeddable":true,"href":"https:\/\/sites.ipleiria.pt\/coerenciacv\/wp-json\/wp\/v2\/users\/102"}],"replies":[{"embeddable":true,"href":"https:\/\/sites.ipleiria.pt\/coerenciacv\/wp-json\/wp\/v2\/comments?post=30"}],"version-history":[{"count":6,"href":"https:\/\/sites.ipleiria.pt\/coerenciacv\/wp-json\/wp\/v2\/pages\/30\/revisions"}],"predecessor-version":[{"id":235,"href":"https:\/\/sites.ipleiria.pt\/coerenciacv\/wp-json\/wp\/v2\/pages\/30\/revisions\/235"}],"up":[{"embeddable":true,"href":"https:\/\/sites.ipleiria.pt\/coerenciacv\/wp-json\/wp\/v2\/pages\/24"}],"wp:attachment":[{"href":"https:\/\/sites.ipleiria.pt\/coerenciacv\/wp-json\/wp\/v2\/media?parent=30"}],"curies":[{"name":"wp","href":"https:\/\/api.w.org\/{rel}","templated":true}]}}