{"id":32,"date":"2013-05-24T15:36:10","date_gmt":"2013-05-24T15:36:10","guid":{"rendered":"http:\/\/sites.ipleiria.pt\/coerenciacv\/?page_id=32"},"modified":"2013-07-23T16:37:53","modified_gmt":"2013-07-23T16:37:53","slug":"recursos","status":"publish","type":"page","link":"https:\/\/sites.ipleiria.pt\/coerenciacv\/recursos\/","title":{"rendered":"Recursos"},"content":{"rendered":"<p style=\"text-align: justify\">Nesta p\u00e1gina ser\u00e3o disponibilizados os diversos materiais produzidos no \u00e2mbito do projecto.<\/p>\n","protected":false},"excerpt":{"rendered":"<p>Nesta p\u00e1gina ser\u00e3o disponibilizados os diversos materiais produzidos no \u00e2mbito do projecto.<\/p>\n","protected":false},"author":102,"featured_media":0,"parent":0,"menu_order":3,"comment_status":"closed","ping_status":"open","template":"","meta":{"footnotes":""},"class_list":["post-32","page","type-page","status-publish","hentry"],"_links":{"self":[{"href":"https:\/\/sites.ipleiria.pt\/coerenciacv\/wp-json\/wp\/v2\/pages\/32","targetHints":{"allow":["GET"]}}],"collection":[{"href":"https:\/\/sites.ipleiria.pt\/coerenciacv\/wp-json\/wp\/v2\/pages"}],"about":[{"href":"https:\/\/sites.ipleiria.pt\/coerenciacv\/wp-json\/wp\/v2\/types\/page"}],"author":[{"embeddable":true,"href":"https:\/\/sites.ipleiria.pt\/coerenciacv\/wp-json\/wp\/v2\/users\/102"}],"replies":[{"embeddable":true,"href":"https:\/\/sites.ipleiria.pt\/coerenciacv\/wp-json\/wp\/v2\/comments?post=32"}],"version-history":[{"count":4,"href":"https:\/\/sites.ipleiria.pt\/coerenciacv\/wp-json\/wp\/v2\/pages\/32\/revisions"}],"predecessor-version":[{"id":189,"href":"https:\/\/sites.ipleiria.pt\/coerenciacv\/wp-json\/wp\/v2\/pages\/32\/revisions\/189"}],"wp:attachment":[{"href":"https:\/\/sites.ipleiria.pt\/coerenciacv\/wp-json\/wp\/v2\/media?parent=32"}],"curies":[{"name":"wp","href":"https:\/\/api.w.org\/{rel}","templated":true}]}}