{"id":34,"date":"2013-05-24T15:36:25","date_gmt":"2013-05-24T15:36:25","guid":{"rendered":"http:\/\/sites.ipleiria.pt\/coerenciacv\/?page_id=34"},"modified":"2015-03-26T18:20:39","modified_gmt":"2015-03-26T18:20:39","slug":"estudos-de-caso","status":"publish","type":"page","link":"https:\/\/sites.ipleiria.pt\/coerenciacv\/recursos\/estudos-de-caso\/","title":{"rendered":"Estudos de Caso"},"content":{"rendered":"<p style=\"text-align: justify\">No \u00e2mbito do projeto <em>Coer\u00eancia das Pol\u00edticas para o Desenvolvimento: O desafio para uma cidadania ativa em Cabo Verde<\/em> est\u00e1\u00a0prevista a elabora\u00e7\u00e3o de 3 Estudos de Caso nas \u00e1reas espec\u00edficas seleccionadas conforme os grupos de trabalho criados: Agricultura, Ambiente e Pescas, produzidos com o apoio da Federa\u00e7\u00e3o Nacional da Juventude (FNJ) e da Associa\u00e7\u00e3o dos Jornalistas de Cabo Verde (AJOC) e que ser\u00e3o oportunamente disponibilizados neste espa\u00e7o.<\/p>\n<p style=\"text-align: justify\"><strong>ESTUDO DE CASO: PESCAS<\/strong><\/p>\n<p style=\"text-align: justify\">Est\u00e1 j\u00e1 dispon\u00edvel o Estudo de Caso <em>Coer\u00eancia das Pol\u00edticas para o Desenvolvimento no \u00e2mbito das pescas em Cabo-Verde\u00a0<\/em>elaborado por Damaris Rosabal Lopes da Silva, licenciada em Ci\u00eancias do Mar, pela ULPGC e Mestre em An\u00e1lise de Pol\u00edticas para a Sustentabilidade, pela UPC e cofinanciado pela Uni\u00e3o Europeia e pelo Cam\u00f5es &#8211; Instituto da Coopera\u00e7\u00e3o e da L\u00edngua, I.P.<\/p>\n<p style=\"text-align: justify\">Este Estudo de Caso analisa as <strong>implica\u00e7\u00f5es das pol\u00edticas promovidas em Cabo-Verde na \u00faltima d\u00e9cada no dom\u00ednio das pescas, bem como o impacto deste setor na sociedade cabo-verdiana, dando enfoque tanto \u00e0s boas-pr\u00e1ticas, como \u00e0s incoer\u00eancias surgidas na implementa\u00e7\u00e3o das pol\u00edticas p\u00fablicas.\u00a0<\/strong><\/p>\n<p style=\"text-align: justify\">Est\u00e1 dispon\u00edvel atrav\u00e9s do<a href=\"http:\/\/issuu.com\/imvf\/docs\/estudo_de_caso_-_setor_da_pesca_fin\"> link\u00a0<\/a><\/p>\n<p style=\"text-align: justify\"><strong>ESTUDO DE CASO: Agricultura<\/strong><\/p>\n<p style=\"text-align: justify\">Est\u00e1 j\u00e1 dispon\u00edvel o Estudo de Caso <em>Coer\u00eancia das Pol\u00edticas para o Desenvolvimento no \u00e2mbito do setor Agricola em Cabo-Verde\u00a0<\/em>elaborado por Jos\u00e9 Maria Semedo, \u00a0cofinanciado pela Uni\u00e3o Europeia e pelo Cam\u00f5es &#8211; Instituto da Coopera\u00e7\u00e3o e da L\u00edngua, I.P., dispon\u00edvel atrav\u00e9s do link<\/p>\n<p><iframe title=\"Estudo de caso agricultura\" src=\"https:\/\/e.issuu.com\/embed.html?u=scastanheira&#038;d=estudo_de_caso_agricultura_revisto.\" style=\"border:none; width: 625px; height: 479px;\" allow=\"clipboard-write,allow-top-navigation,allow-top-navigation-by-user-activation,allow-downloads,allow-scripts,allow-same-origin,allow-popups,allow-modals,allow-popups-to-escape-sandbox,allow-forms\"  allowfullscreen=\"true\"><\/iframe><\/p>\n<p style=\"text-align: justify\">\n<p style=\"text-align: justify\">\n","protected":false},"excerpt":{"rendered":"<p>No \u00e2mbito do projeto Coer\u00eancia das Pol\u00edticas para o Desenvolvimento: O desafio para uma cidadania ativa em Cabo Verde est\u00e1\u00a0prevista a elabora\u00e7\u00e3o de 3 Estudos de Caso nas \u00e1reas espec\u00edficas seleccionadas conforme os grupos de trabalho criados: Agricultura, Ambiente e Pescas, produzidos com o apoio da Federa\u00e7\u00e3o Nacional da Juventude (FNJ) e da Associa\u00e7\u00e3o dos [&hellip;]<\/p>\n","protected":false},"author":102,"featured_media":0,"parent":32,"menu_order":1,"comment_status":"closed","ping_status":"open","template":"","meta":{"footnotes":""},"class_list":["post-34","page","type-page","status-publish","hentry"],"_links":{"self":[{"href":"https:\/\/sites.ipleiria.pt\/coerenciacv\/wp-json\/wp\/v2\/pages\/34","targetHints":{"allow":["GET"]}}],"collection":[{"href":"https:\/\/sites.ipleiria.pt\/coerenciacv\/wp-json\/wp\/v2\/pages"}],"about":[{"href":"https:\/\/sites.ipleiria.pt\/coerenciacv\/wp-json\/wp\/v2\/types\/page"}],"author":[{"embeddable":true,"href":"https:\/\/sites.ipleiria.pt\/coerenciacv\/wp-json\/wp\/v2\/users\/102"}],"replies":[{"embeddable":true,"href":"https:\/\/sites.ipleiria.pt\/coerenciacv\/wp-json\/wp\/v2\/comments?post=34"}],"version-history":[{"count":12,"href":"https:\/\/sites.ipleiria.pt\/coerenciacv\/wp-json\/wp\/v2\/pages\/34\/revisions"}],"predecessor-version":[{"id":530,"href":"https:\/\/sites.ipleiria.pt\/coerenciacv\/wp-json\/wp\/v2\/pages\/34\/revisions\/530"}],"up":[{"embeddable":true,"href":"https:\/\/sites.ipleiria.pt\/coerenciacv\/wp-json\/wp\/v2\/pages\/32"}],"wp:attachment":[{"href":"https:\/\/sites.ipleiria.pt\/coerenciacv\/wp-json\/wp\/v2\/media?parent=34"}],"curies":[{"name":"wp","href":"https:\/\/api.w.org\/{rel}","templated":true}]}}