{"id":39,"date":"2013-05-24T15:37:19","date_gmt":"2013-05-24T15:37:19","guid":{"rendered":"http:\/\/sites.ipleiria.pt\/coerenciacv\/?page_id=39"},"modified":"2014-11-20T15:18:14","modified_gmt":"2014-11-20T15:18:14","slug":"newsletter","status":"publish","type":"page","link":"https:\/\/sites.ipleiria.pt\/coerenciacv\/recursos\/newsletter\/","title":{"rendered":"Newsletter"},"content":{"rendered":"<p style=\"text-align: justify\">Est\u00e1 prevista a elabora\u00e7\u00e3o e divulga\u00e7\u00e3o de uma Newsletter mensal com apresenta\u00e7\u00e3o das diversas actividades conduzidas e materiais produzidos. Consulte as seguintes edi\u00e7\u00f5es:<\/p>\n<p style=\"text-align: center\">Lan\u00e7amento ::\u00a0<a href=\"http:\/\/sites.ipleiria.pt\/coerenciacv\/files\/2013\/05\/Newsletter-Coer\u00eancia-CV.pdf\">Janeiro 2013<\/a><\/p>\n<p style=\"text-align: center\"><a href=\"http:\/\/sites.ipleiria.pt\/coerenciacv\/files\/2013\/05\/newsletter-2.pdf\">Fevereiro :: Mar\u00e7o 2013<\/a><\/p>\n<p style=\"text-align: center\"><a href=\"http:\/\/sites.ipleiria.pt\/coerenciacv\/files\/2013\/05\/newsletter-3.pdf\">Abril :: Maio 2013<\/a><\/p>\n<p style=\"text-align: center\"><a href=\"http:\/\/sites.ipleiria.pt\/coerenciacv\/files\/2013\/05\/newsletter-4.pdf\">Junho :: Julho 2013<\/a><\/p>\n<p style=\"text-align: center\"><a href=\"http:\/\/sites.ipleiria.pt\/coerenciacv\/files\/2013\/05\/newsletter-5.pdf\">Agosto :: Setembro 2013<\/a><\/p>\n<p style=\"text-align: center\"><a href=\"http:\/\/sites.ipleiria.pt\/coerenciacv\/files\/2013\/05\/Newsletter-6-numero-especial.pdf\">Newsletter Edi\u00e7\u00e3o Especial<\/a><\/p>\n<p style=\"text-align: center\"><a href=\"http:\/\/sites.ipleiria.pt\/coerenciacv\/files\/2013\/05\/newsletter-7-CV.pdf\">Outubro :: 2013<\/a><\/p>\n<p style=\"text-align: center\"><a href=\"http:\/\/sites.ipleiria.pt\/coerenciacv\/files\/2013\/05\/8.pdf\">Novembro :: 2013<\/a><\/p>\n<p style=\"text-align: center\"><a href=\"http:\/\/sites.ipleiria.pt\/coerenciacv\/files\/2013\/05\/9.pdf\">Dezembro :: 2013<\/a><\/p>\n<p style=\"text-align: center\"><a href=\"http:\/\/sites.ipleiria.pt\/coerenciacv\/files\/2014\/02\/newsletter-10-Janeiro-2014.pdf\">Janeiro :: 2014<\/a><\/p>\n<p style=\"text-align: center\"><a href=\"http:\/\/sites.ipleiria.pt\/coerenciacv\/files\/2013\/05\/newsletter-11-Fevereiro-2014.pdf\">Fevereiro :: 2014<\/a><\/p>\n<p style=\"text-align: center\"><a href=\"http:\/\/sites.ipleiria.pt\/coerenciacv\/files\/2014\/04\/newsletter-12-mar\u00e7o-2014.pdf\">Mar\u00e7o :: 2014<\/a><\/p>\n<p style=\"text-align: center\"><a href=\"http:\/\/sites.ipleiria.pt\/coerenciacv\/files\/2013\/05\/newsletter-13-Abril-2014.pdf\">Abril :: 2014<\/a><\/p>\n<p style=\"text-align: center\"><a href=\"http:\/\/sites.ipleiria.pt\/coerenciacv\/files\/2013\/05\/newsletter-14-numero-especial.pdf\">N\u00famero Especial :: Parceria entre a Uni\u00e3o Europeia e Cabo Verde<\/a><\/p>\n<p style=\"text-align: center\"><a href=\"http:\/\/sites.ipleiria.pt\/coerenciacv\/files\/2013\/05\/15.pdf\">Junho :: 2014<\/a><\/p>\n<p style=\"text-align: center\"><a href=\"http:\/\/sites.ipleiria.pt\/coerenciacv\/files\/2013\/05\/newsletter-15-Julho-2014.pdf\">Julho :: 2014<\/a><\/p>\n<p style=\"text-align: center\"><a href=\"http:\/\/sites.ipleiria.pt\/coerenciacv\/files\/2013\/05\/newsletter-16-Agosto-2014.pdf\">Agosto :: 2014<\/a><\/p>\n<p style=\"text-align: center\"><a href=\"http:\/\/sites.ipleiria.pt\/coerenciacv\/files\/2013\/05\/1-18.pdf\">Setembro :: 2014<\/a><\/p>\n<p style=\"text-align: center\"><a href=\"http:\/\/sites.ipleiria.pt\/coerenciacv\/files\/2013\/05\/1-19.pdf\">Outubro :: 2014<\/a><\/p>\n<p style=\"text-align: center\"><a href=\"http:\/\/sites.ipleiria.pt\/coerenciacv\/files\/2013\/05\/N\u00famero-Especial-20.pdf\">N\u00famero Especial :: Atividades Locais<\/a><\/p>\n<p style=\"text-align: center\"><a href=\"http:\/\/sites.ipleiria.pt\/coerenciacv\/files\/2013\/05\/1-21.pdf\">Novembro :: 2014<\/a><\/p>\n","protected":false},"excerpt":{"rendered":"<p>Est\u00e1 prevista a elabora\u00e7\u00e3o e divulga\u00e7\u00e3o de uma Newsletter mensal com apresenta\u00e7\u00e3o das diversas actividades conduzidas e materiais produzidos. Consulte as seguintes edi\u00e7\u00f5es: Lan\u00e7amento ::\u00a0Janeiro 2013 Fevereiro :: Mar\u00e7o 2013 Abril :: Maio 2013 Junho :: Julho 2013 Agosto :: Setembro 2013 Newsletter Edi\u00e7\u00e3o Especial Outubro :: 2013 Novembro :: 2013 Dezembro :: 2013 Janeiro [&hellip;]<\/p>\n","protected":false},"author":102,"featured_media":0,"parent":32,"menu_order":3,"comment_status":"closed","ping_status":"open","template":"","meta":{"footnotes":""},"class_list":["post-39","page","type-page","status-publish","hentry"],"_links":{"self":[{"href":"https:\/\/sites.ipleiria.pt\/coerenciacv\/wp-json\/wp\/v2\/pages\/39","targetHints":{"allow":["GET"]}}],"collection":[{"href":"https:\/\/sites.ipleiria.pt\/coerenciacv\/wp-json\/wp\/v2\/pages"}],"about":[{"href":"https:\/\/sites.ipleiria.pt\/coerenciacv\/wp-json\/wp\/v2\/types\/page"}],"author":[{"embeddable":true,"href":"https:\/\/sites.ipleiria.pt\/coerenciacv\/wp-json\/wp\/v2\/users\/102"}],"replies":[{"embeddable":true,"href":"https:\/\/sites.ipleiria.pt\/coerenciacv\/wp-json\/wp\/v2\/comments?post=39"}],"version-history":[{"count":29,"href":"https:\/\/sites.ipleiria.pt\/coerenciacv\/wp-json\/wp\/v2\/pages\/39\/revisions"}],"predecessor-version":[{"id":432,"href":"https:\/\/sites.ipleiria.pt\/coerenciacv\/wp-json\/wp\/v2\/pages\/39\/revisions\/432"}],"up":[{"embeddable":true,"href":"https:\/\/sites.ipleiria.pt\/coerenciacv\/wp-json\/wp\/v2\/pages\/32"}],"wp:attachment":[{"href":"https:\/\/sites.ipleiria.pt\/coerenciacv\/wp-json\/wp\/v2\/media?parent=39"}],"curies":[{"name":"wp","href":"https:\/\/api.w.org\/{rel}","templated":true}]}}