{"id":44,"date":"2013-05-24T15:38:38","date_gmt":"2013-05-24T15:38:38","guid":{"rendered":"http:\/\/sites.ipleiria.pt\/coerenciacv\/?page_id=44"},"modified":"2013-07-23T16:39:28","modified_gmt":"2013-07-23T16:39:28","slug":"estudo-de-impacto","status":"publish","type":"page","link":"https:\/\/sites.ipleiria.pt\/coerenciacv\/recursos\/estudo-de-impacto\/","title":{"rendered":"Estudo de Impacto"},"content":{"rendered":"<p style=\"text-align: justify\">Est\u00e1 prevista a elabora\u00e7\u00e3o de um Estudo de Impacto que documente os efeitos concretos que as pol\u00edticas dos pa\u00edses doadores t\u00eam numa determinada situa\u00e7\u00e3o &#8211; a definir &#8211; em Cabo Verde. O Estudo dever\u00e1 trabalhar a Coer\u00eancia das Pol\u00edticas para o Desenvolvimento como abordagem pol\u00edtica e como instrumento de monitoriza\u00e7\u00e3o, analisando o conte\u00fado das pol\u00edticas incoerentes, o processo nacional de tomada de decis\u00e3o do pa\u00eds doador em an\u00e1lise e o papel do governo e sociedade civil Cabo-Verdiana. Ser\u00e1 conclu\u00eddo com recomenda\u00e7\u00f5es, publicado e distribu\u00eddo por entidades-chave dos pa\u00edses doadores e de Cabo Verde e oportunamente disponibilizado neste espa\u00e7o.<\/p>\n<h6 style=\"text-align: justify\">Elabora\u00e7\u00e3o e publica\u00e7\u00e3o prevista para: 2014<\/h6>\n","protected":false},"excerpt":{"rendered":"<p>Est\u00e1 prevista a elabora\u00e7\u00e3o de um Estudo de Impacto que documente os efeitos concretos que as pol\u00edticas dos pa\u00edses doadores t\u00eam numa determinada situa\u00e7\u00e3o &#8211; a definir &#8211; em Cabo Verde. O Estudo dever\u00e1 trabalhar a Coer\u00eancia das Pol\u00edticas para o Desenvolvimento como abordagem pol\u00edtica e como instrumento de monitoriza\u00e7\u00e3o, analisando o conte\u00fado das pol\u00edticas [&hellip;]<\/p>\n","protected":false},"author":102,"featured_media":0,"parent":32,"menu_order":4,"comment_status":"closed","ping_status":"open","template":"","meta":{"footnotes":""},"class_list":["post-44","page","type-page","status-publish","hentry"],"_links":{"self":[{"href":"https:\/\/sites.ipleiria.pt\/coerenciacv\/wp-json\/wp\/v2\/pages\/44","targetHints":{"allow":["GET"]}}],"collection":[{"href":"https:\/\/sites.ipleiria.pt\/coerenciacv\/wp-json\/wp\/v2\/pages"}],"about":[{"href":"https:\/\/sites.ipleiria.pt\/coerenciacv\/wp-json\/wp\/v2\/types\/page"}],"author":[{"embeddable":true,"href":"https:\/\/sites.ipleiria.pt\/coerenciacv\/wp-json\/wp\/v2\/users\/102"}],"replies":[{"embeddable":true,"href":"https:\/\/sites.ipleiria.pt\/coerenciacv\/wp-json\/wp\/v2\/comments?post=44"}],"version-history":[{"count":4,"href":"https:\/\/sites.ipleiria.pt\/coerenciacv\/wp-json\/wp\/v2\/pages\/44\/revisions"}],"predecessor-version":[{"id":193,"href":"https:\/\/sites.ipleiria.pt\/coerenciacv\/wp-json\/wp\/v2\/pages\/44\/revisions\/193"}],"up":[{"embeddable":true,"href":"https:\/\/sites.ipleiria.pt\/coerenciacv\/wp-json\/wp\/v2\/pages\/32"}],"wp:attachment":[{"href":"https:\/\/sites.ipleiria.pt\/coerenciacv\/wp-json\/wp\/v2\/media?parent=44"}],"curies":[{"name":"wp","href":"https:\/\/api.w.org\/{rel}","templated":true}]}}