{"id":46,"date":"2013-05-24T15:38:59","date_gmt":"2013-05-24T15:38:59","guid":{"rendered":"http:\/\/sites.ipleiria.pt\/coerenciacv\/?page_id=46"},"modified":"2014-11-24T17:26:42","modified_gmt":"2014-11-24T17:26:42","slug":"noticias","status":"publish","type":"page","link":"https:\/\/sites.ipleiria.pt\/coerenciacv\/recursos\/noticias\/","title":{"rendered":"Not\u00edcias"},"content":{"rendered":"<p style=\"text-align: justify\"><strong>AT\u00c9 AGORA&#8230;<\/strong><\/p>\n<p style=\"text-align: justify\">Durante o passado m\u00eas de outubro, decorreram <strong>tr\u00eas <em>workshops<\/em> de sensibiliza\u00e7\u00e3o<\/strong> dos deputados municipais e l\u00edderes comunit\u00e1rios sobre a <strong>import\u00e2ncia da monitoriza\u00e7\u00e3o da Coer\u00eancia das Pol\u00edticas para o Desenvolvimento<\/strong>. Durante os <em>workshops<\/em>\u00a0foram divulgados:<\/p>\n<ul>\n<li style=\"text-align: justify\">os objetivos do projeto <em>Coer\u00eancia das Pol\u00edticas para o Desenvolvimento: o desafio para uma cidadania ativa em Cabo-Verde<\/em>;<\/li>\n<li style=\"text-align: justify\">as atividades realizadas deste outubro de 2012;<\/li>\n<li style=\"text-align: justify\">os resultados alcan\u00e7ados;<\/li>\n<li style=\"text-align: justify\">as atividades por realizar; e<\/li>\n<li style=\"text-align: justify\">os desafios para o futuro.<\/li>\n<\/ul>\n<p><strong>SAIBA MAIS<\/strong>\u00a0na Edi\u00e7\u00e3o Especial das Newsletters mensais <strong>N\u00famero Especial :: Atividades Locais<\/strong><\/p>\n<p style=\"text-align: justify\">\n<p style=\"text-align: justify\">\n<p style=\"text-align: justify\"><strong>AT\u00c9 AGORA&#8230;<\/strong><\/p>\n<p style=\"text-align: justify\"><strong>IMVF e Plataforma das ONG de Cabo Verde promoveram encontro entre deputados cabo-verdianos e especialistas europeus para discuss\u00e3o da Coer\u00eancia das Pol\u00edticas para o Desenvolvimento<\/strong><\/p>\n<p style=\"text-align: justify\">Foi no passado dia 19 de junho, na Assembleia Nacional de Cabo-Verde que M\u00f3nica Ferro, deputada da Assembleia da Rep\u00fablica Portuguesa e Ebba Dohlman, Conselheira S\u00e9nior do Secret\u00e1rio Geral da OCDE e chefe da Unidade de Coer\u00eancia das Pol\u00edticas para o Desenvolvimento se encontraram com deputados cabo-verdianos para partilhar experi\u00eancias e boas-pr\u00e1ticas de implementa\u00e7\u00e3o da Coer\u00eancia das Pol\u00edticas para o Desenvolvimento. Ademais, o encontro tinha em vista a cria\u00e7\u00e3o de uma comiss\u00e3o de trabalho para o acompanhamento da tem\u00e1tica a n\u00edvel nacional.<\/p>\n<p style=\"text-align: justify\">A discuss\u00e3o, em mesa-redonda, procurou evidenciar que os esfor\u00e7os de Desenvolvimento conduzidos ser\u00e3o &#8220;em v\u00e3o&#8221; se esfor\u00e7os noutras \u00e1reas, como no com\u00e9rcio, pol\u00edtica externa e finan\u00e7as, n\u00e3o tiverem em aten\u00e7\u00e3o as suas implica\u00e7\u00f5es nas pol\u00edticas de Desenvolvimento. Coordena\u00e7\u00e3o \u00e9 fundamental, como reiterado por M\u00f3nica Ferro que partilhou o trabalho dos deputados portugueses nesta \u00e1rea nomeadamente a Resolu\u00e7\u00e3o do Conselho de Ministros n\u00ba82\/2010, que reconhece a import\u00e2ncia de assegurar a coer\u00eancia das pol\u00edticas e prev\u00ea \u201cuma estreita coordena\u00e7\u00e3o entre as diversas pol\u00edticas p\u00fablicas que concorrem para este objetivo, como a pol\u00edtica comercial, o combate \u00e0s altera\u00e7\u00f5es clim\u00e1ticas ou a pol\u00edtica migrat\u00f3ria\u201d.<\/p>\n<p style=\"text-align: justify\">o enquadramento da dinamiza\u00e7\u00e3o da Coer\u00eancia das Pol\u00edticas no mundo ficou a cargo da Conselheira S\u00e9nior do Secret\u00e1rio-geral da OCDE e chefe da Unidade de Coer\u00eancia das Politicas para o Desenvolvimento, Ebba Dohlman.<\/p>\n<p style=\"text-align: justify\">Destaque para a participa\u00e7\u00e3o do Presidente da Plataforma das ONG de Cabo Verde, Dion\u00edsio Sim\u00f5es Pereira, do Embaixador de Portugal em Cabo Verde, Bernardo Lucena, do Chefe de Delega\u00e7\u00e3o da Uni\u00e3o Europeia em Cabo Verde, Embaixador Jos\u00e9 Manuel Pinto Teixeira, e do Presidente da Assembleia Nacional de Cabo Verde, Bas\u00edlio Mosso Ramos na cerim\u00f3nia de abertura.<\/p>\n<p style=\"text-align: justify\"><strong>AT\u00c9 AGORA&#8230;<\/strong><\/p>\n<p style=\"text-align: justify\"><strong>Workshop sensibiliza deputados cabo-verdianos para a import\u00e2ncia da Coer\u00eancia das Pol\u00edticas para o Desenvolvimento<\/strong><\/p>\n<p style=\"text-align: justify\"><strong>\u00a0<\/strong><\/p>\n<p style=\"text-align: justify\">Cerca de 50 deputados nacionais e municipais estiveram presentes num <em>workshop<\/em> que teve como objetivo sensibilizar para a import\u00e2ncia da monitoriza\u00e7\u00e3o da Coer\u00eancia das Pol\u00edticas para o Desenvolvimento. A iniciativa, que decorreu no dia 4 de abril de 2014, no sal\u00e3o da Assembleia Municipal de S\u00e3o Vicente, foi promovida pelo projeto Coer\u00eancia das Pol\u00edticas para o Desenvolvimento &#8211; o desafio para uma cidadania ativa em Cabo Verde, implementado pelo IMVF e pela Plataforma das ONG de Cabo Verde.<\/p>\n<p style=\"text-align: justify\">Durante o <em>workshop<\/em> &#8211; que contou com a presen\u00e7a de cerca de 50 deputados nacionais e municipais das ilhas de Santo Ant\u00e3o, S\u00e3o Vicente, S\u00e3o Nicolau, Sal, Boa\u00a0 Vista, Santiago, Fogo e Brava &#8211; foi feita uma abordagem metodol\u00f3gica sobre a Coer\u00eancia das Pol\u00edticas e foram apresentadas algumas linhas orientadoras de estudos de caso realizados no dom\u00ednio da pesca e da agricultura.<\/p>\n<p style=\"text-align: justify\">Partilhar informa\u00e7\u00f5es sobre os objetivos e resultados preconizados pelo projeto e refor\u00e7ar o conhecimento dos deputados sobre a Coer\u00eancia das Pol\u00edticas para o Desenvolvimento \u2013 no quadro da Ajuda P\u00fablica ao Desenvolvimento foram tamb\u00e9m prop\u00f3sitos subjacentes \u00e0 realiza\u00e7\u00e3o deste encontro.<\/p>\n<p style=\"text-align: justify\">A abertura do evento ficou a cargo do presidente da C\u00e2mara Municipal de S\u00e3o Vicente, Augusto Neves, tendo tamb\u00e9m estado presente na cerim\u00f3nia de abertura um dos membros do Conselho de Dire\u00e7\u00e3o da Plataforma das ONG de Cabo Verde, Aguinaldo David, e a presidente de Assembleia Municipal de S\u00e3o Vicente, Maria Celeste Fonseca.<\/p>\n<p style=\"text-align: justify\">Esta a\u00e7\u00e3o integra-se no conjunto de atividades programadas no \u00e2mbito do projeto Coer\u00eancia das Pol\u00edticas para o Desenvolvimento &#8211; o desafio para uma cidadania ativa em Cabo Verde, implementado pelo Instituto Marqu\u00eas de Valle Fl\u00f4r em parceria com a Plataforma das ONG de Cabo Verde, com o financiamento da Uni\u00e3o Europeia e o apoio do Cam\u00f5es \u2013 Instituto da Coopera\u00e7\u00e3o e da L\u00edngua, I.P.<\/p>\n<p style=\"text-align: justify\"><strong>AT\u00c9 AGORA&#8230;<\/strong><\/p>\n<p style=\"text-align: justify\"><strong>13 de Fevereiro :: Dia Mundial da R\u00e1dio R\u00e1dio :: ferramenta de \u201cconhecer para agir\u201d Uma Sociedade Civil Ativa e Empoderada<\/strong><\/p>\n<p style=\"text-align: justify\">A r\u00e1dio deve ser vista como um instrumento de participa\u00e7\u00e3o c\u00edvica, um m\u00e9dium fundamental na transmiss\u00e3o de informa\u00e7\u00e3o, constituindo uma \u201cpassaporte para a educa\u00e7\u00e3o n\u00e3o-formal\u201d, que deve ser aproveitado no Sul Global dado o seu potencial enquanto promotor de uma sociedade civil informada, conscientizada e ativa.<\/p>\n<p style=\"text-align: justify\">A r\u00e1dio permite a comunica\u00e7\u00e3o glocal, \u00e9 um instrumento importante na integra\u00e7\u00e3o das regi\u00f5es e comunidades deixadas \u2018\u00e0 margem\u2019 do processo de globaliza\u00e7\u00e3o, a r\u00e1dio \u2018d\u00e1 voz\u2019, encurta dist\u00e2ncias, permite o di\u00e1logo entre e dentro das comunidades e d\u00e1 express\u00e3o \u00e0s tem\u00e1ticas que mais as preocupam.<\/p>\n<p style=\"text-align: justify\">Realiz\u00e1mos, no \u00e2mbito do projeto <em>Coer\u00eancia das Pol\u00edticas de Desenvolvimento \u2013 o desafio para uma cidadania ativa em Cabo-Verde<\/em>, em Outubro de 2013, nas Ilhas do Fogo, Santiago e Santo Ant\u00e3o, uma a\u00e7\u00e3o de capacita\u00e7\u00e3o e sensibiliza\u00e7\u00e3o dos animadores radiof\u00f3nicos e agentes comunit\u00e1rios para a import\u00e2ncia do papel dos meios de comunica\u00e7\u00e3o social no sentido de se promovera melhoria da efici\u00eancia, da coer\u00eancia e da visibilidade das Pol\u00edticas para Desenvolvimento.<\/p>\n<p style=\"text-align: justify\"><strong>AT\u00c9 AGORA&#8230;<\/strong><\/p>\n<p style=\"text-align: justify\"><strong>\u201cSensibiliza\u00e7\u00e3o dos Deputados para a import\u00e2ncia da Monitoriza\u00e7\u00e3o da Coer\u00eancia das Pol\u00edticas para o Desenvolvimento\u201d<\/strong> decorreu no dia 19 de dezembro na Cidade da Praia e teve 23 participantes, dos quais 9 deputados e 14 participantes da Sociedade Civil.<\/p>\n<p style=\"text-align: justify\"><a href=\"http:\/\/sites.ipleiria.pt\/coerenciacv\/files\/2013\/05\/Workshop-com-deputados.jpg\"><img loading=\"lazy\" decoding=\"async\" class=\"alignnone  wp-image-326\" src=\"http:\/\/sites.ipleiria.pt\/coerenciacv\/files\/2013\/05\/Workshop-com-deputados-1024x768.jpg\" alt=\"OLYMPUS DIGITAL CAMERA\" width=\"316\" height=\"237\" srcset=\"https:\/\/sites.ipleiria.pt\/coerenciacv\/files\/2013\/05\/Workshop-com-deputados-1024x768.jpg 1024w, https:\/\/sites.ipleiria.pt\/coerenciacv\/files\/2013\/05\/Workshop-com-deputados-300x225.jpg 300w, https:\/\/sites.ipleiria.pt\/coerenciacv\/files\/2013\/05\/Workshop-com-deputados-624x467.jpg 624w\" sizes=\"auto, (max-width: 316px) 100vw, 316px\" \/><\/a><\/p>\n<p style=\"text-align: justify\">O <em>workshop<\/em> focou-se nos temas que se seguem:<\/p>\n<p style=\"text-align: justify\">Tema I: Apresenta\u00e7\u00e3o do projeto \u201cA Coer\u00eancia das Pol\u00edticas Para o Desenvolvimento \u2013 O desafio para uma Cidadania ativa em Cabo Verde\u201d (os seus objetivos, resultados e desafios);<\/p>\n<p style=\"text-align: justify\">Tema II: O conceito da Coer\u00eancia das Pol\u00edticas Para o Desenvolvimento e a import\u00e2ncia da sua ado\u00e7\u00e3o e implementa\u00e7\u00e3o no contexto cabo-verdiano;<\/p>\n<p style=\"text-align: justify\">Tema III: Apresenta\u00e7\u00e3o do primeiro <i>draft<\/i> do estudo de caso sobre a Coer\u00eancia das Pol\u00edticas para o Desenvolvimento no dom\u00ednio da pesca (a ser publicado no 3\u00ba ano do projeto);<\/p>\n<p style=\"text-align: justify\">Tema IV: Apresenta\u00e7\u00e3o do primeiro <i>draft<\/i> do estudo de caso sobre a Coer\u00eancia das Pol\u00edticas para o Desenvolvimento no dom\u00ednio da Agricultura (a ser publicado no 3\u00ba ano do projeto).<\/p>\n<p style=\"text-align: justify\"><a href=\"http:\/\/sites.ipleiria.pt\/coerenciacv\/files\/2013\/05\/Workshop-com-deputados-2.jpg\"><img loading=\"lazy\" decoding=\"async\" src=\"http:\/\/sites.ipleiria.pt\/coerenciacv\/files\/2013\/05\/Workshop-com-deputados-2.jpg\" alt=\"Workshop com deputados 2\" width=\"388\" height=\"218\" \/><\/a><\/p>\n<p style=\"text-align: justify\"><strong>AT\u00c9 AGORA&#8230;<\/strong><\/p>\n<p style=\"text-align: justify\"><strong>Foram realizados 3 encontros descentralizados ao longo do segundo ano do projeto, com o objetivo de formar jornalistas e animadores das r\u00e1dios comunit\u00e1rias sobre como melhor desempenhar as suas fun\u00e7\u00f5es e comunicar a tem\u00e1tica da Coer\u00eancia para o Desenvolvimento.<\/strong><\/p>\n<p style=\"text-align: justify\"><a href=\"http:\/\/sites.ipleiria.pt\/coerenciacv\/files\/2013\/05\/Apresenta\u00e7\u00e3o-Projecto-aos-Jornalistas.jpg\"><img loading=\"lazy\" decoding=\"async\" class=\"alignnone  wp-image-325\" src=\"http:\/\/sites.ipleiria.pt\/coerenciacv\/files\/2013\/05\/Apresenta\u00e7\u00e3o-Projecto-aos-Jornalistas.jpg\" alt=\"Apresenta\u00e7\u00e3o Projecto aos Jornalistas\" width=\"334\" height=\"188\" srcset=\"https:\/\/sites.ipleiria.pt\/coerenciacv\/files\/2013\/05\/Apresenta\u00e7\u00e3o-Projecto-aos-Jornalistas.jpg 960w, https:\/\/sites.ipleiria.pt\/coerenciacv\/files\/2013\/05\/Apresenta\u00e7\u00e3o-Projecto-aos-Jornalistas-300x168.jpg 300w, https:\/\/sites.ipleiria.pt\/coerenciacv\/files\/2013\/05\/Apresenta\u00e7\u00e3o-Projecto-aos-Jornalistas-624x351.jpg 624w\" sizes=\"auto, (max-width: 334px) 100vw, 334px\" \/><\/a><\/p>\n<p style=\"text-align: justify\">1-\u00a0\u00a0\u00a0\u00a0 Forma\u00e7\u00e3o de Jornalistas, S\u00e3o Filipe, Ilha do Fogo de 17 a 19 de outubro, com 9 participantes;<\/p>\n<p style=\"text-align: justify\">2-\u00a0\u00a0\u00a0\u00a0 Forma\u00e7\u00e3o de Jornalistas, Cidade da Praia de 25 a 27 de outubro, com 11 participantes;<\/p>\n<p style=\"text-align: justify\">3-\u00a0\u00a0\u00a0\u00a0 Forma\u00e7\u00e3o de Rep\u00f3rteres e Correspondentes dos meios de comunica\u00e7\u00e3o social, Ribeira Grande, Santo Ant\u00e3o, 26 e 27 de outubro, com 12 participantes.<\/p>\n<p style=\"text-align: justify\"><strong>AT\u00c9 AGORA&#8230;<\/strong><\/p>\n<p style=\"text-align: justify\"><strong>O Encontro de Refor\u00e7o de Capacidades do Grupo de Trabalho do projeto &#8220;Coer\u00eancia das Pol\u00edticas para o Desenvolvimento&#8221; decorreu entre 18 e 20 de dezembro de 2013.<\/strong> Nos 2 dias do Encontro foram abordados os seguintes temas, num total de 14 horas de trabalho:<\/p>\n<p style=\"text-align: justify\">Tema I: Aprofundamento das reflex\u00f5es sobre a Coer\u00eancia das Pol\u00edticas para o Desenvolvimento e a an\u00e1lise do contexto cabo-verdiano e proposta metodol\u00f3gica para a identifica\u00e7\u00e3o e monitoriza\u00e7\u00e3o dessas pol\u00edticas;<\/p>\n<p style=\"text-align: justify\">Tema II: Trabalho em Rede: necessidades e desafios;<\/p>\n<p style=\"text-align: justify\">Tema III: Planifica\u00e7\u00e3o e Comunica\u00e7\u00e3o como fatores de sucesso do trabalho em rede.<\/p>\n<p style=\"text-align: justify\">No Encontro, que contou com a participa\u00e7\u00e3o de 21 t\u00e9cnicos, procedeu-se tamb\u00e9m \u00e0 planifica\u00e7\u00e3o dos trabalhos do 3\u00ba ano do projeto.<\/p>\n<p style=\"text-align: justify\"><strong>AT\u00c9 AGORA&#8230;<\/strong><\/p>\n<p style=\"text-align: justify\"><strong>De 17 a 18 de abril do ano 2012, na sede da Plataforma das ONG, em Achada de S\u00e3o Filipe, Ilha de Santiago, realizou-se um encontro de trabalho\/capacita\u00e7\u00e3o com 28 participantes<\/strong> (t\u00e9cnicos\u00a0 das ilhas de Fogo, Brava, Maio, S\u00e3o Nicolau, Santo Ant\u00e3o e Santiago, membros da Plataforma das ONG de Cabo Verde, e representantes da AJOC e da Federa\u00e7\u00e3o Cabo-Verdiana da Juventude).<\/p>\n<p style=\"text-align: justify\">O encontro, que se estendeu por 2 dias, abordou 3 tem\u00e1ticas:<\/p>\n<p style=\"text-align: justify\">Tema I: Aprofundamento do conhecimento do conte\u00fado e dos prop\u00f3sitos do projeto<b>: <\/b>\u201cA Coer\u00eancia das Pol\u00edticas para o Desenvolvimento &#8211; O desafio para uma cidadania ativa em Cabo Verde\u201d<i>;<\/i><\/p>\n<p style=\"text-align: justify\">Tema II: Aprofundamento das reflex\u00f5es e dos trabalhos realizados no primeiro <em>workshop<\/em> sobre a Coer\u00eancia das Pol\u00edticas, constitui\u00e7\u00e3o dos grupos tem\u00e1ticos e elabora\u00e7\u00e3o de um plano de trabalho para cada grupo;<\/p>\n<p style=\"text-align: justify\">Tema III: Apresenta\u00e7\u00e3o e discuss\u00e3o da proposta de plano de a\u00e7\u00e3o para o ano II, identifica\u00e7\u00e3o das melhores estrat\u00e9gias para a sua implementa\u00e7\u00e3o e a distribui\u00e7\u00e3o de atividades e responsabilidades entre os parceiros.<\/p>\n<p style=\"text-align: justify\"><strong>AT\u00c9 AGORA&#8230;<\/strong><\/p>\n<p style=\"text-align: justify\"><strong>&#8220;Forma\u00e7\u00e3o, sensibiliza\u00e7\u00e3o e capacita\u00e7\u00e3o de t\u00e9cnicos e membros da Plataforma das ONG de Cabo Verde, na \u00e1rea da Coer\u00eancia das Pol\u00edticas para o Desenvolvimento&#8221;, decorreu entre 2 e 11 de outubro de 2012<\/strong> (primeiro ano do projeto).<\/p>\n<p style=\"text-align: justify\">Um total de 23 t\u00e9cnicos (20 t\u00e9cnicos das ONG e 3 t\u00e9cnicos da Plataforma) participaram num total de 54 horas de forma\u00e7\u00e3o, dividida em 3 <em>workshops, <\/em>de 18 horas cada.<\/p>\n<p style=\"text-align: justify\">&#8220;Lideran\u00e7a, Capacita\u00e7\u00e3o e Advocacy&#8221; focou-se no desenvolvimento de compet\u00eancias pessoais para trabalhar as quest\u00f5es relacionadas com a CPD e funcionamentos dos n\u00facleos de trabalho criados; &#8220;A Coopera\u00e7\u00e3o para o Desenvolvimento: Perspetiva hist\u00f3ria e cultural&#8221; centrou-se na estrat\u00e9gia pol\u00edtica da CPD, tentando sensibilizar os t\u00e9cnicos para a import\u00e2ncia da CPD na efici\u00eancia, efetividade e sustentabilidade da Ajuda; e &#8220;A Coer\u00eancia das Pol\u00edticas para o Desenvolvimento&#8221;, que incidiu na CPD como instrumento de monitoriza\u00e7\u00e3o.<\/p>\n","protected":false},"excerpt":{"rendered":"<p>AT\u00c9 AGORA&#8230; Durante o passado m\u00eas de outubro, decorreram tr\u00eas workshops de sensibiliza\u00e7\u00e3o dos deputados municipais e l\u00edderes comunit\u00e1rios sobre a import\u00e2ncia da monitoriza\u00e7\u00e3o da Coer\u00eancia das Pol\u00edticas para o Desenvolvimento. Durante os workshops\u00a0foram divulgados: os objetivos do projeto Coer\u00eancia das Pol\u00edticas para o Desenvolvimento: o desafio para uma cidadania ativa em Cabo-Verde; as atividades [&hellip;]<\/p>\n","protected":false},"author":102,"featured_media":0,"parent":32,"menu_order":5,"comment_status":"closed","ping_status":"open","template":"","meta":{"footnotes":""},"class_list":["post-46","page","type-page","status-publish","hentry"],"_links":{"self":[{"href":"https:\/\/sites.ipleiria.pt\/coerenciacv\/wp-json\/wp\/v2\/pages\/46","targetHints":{"allow":["GET"]}}],"collection":[{"href":"https:\/\/sites.ipleiria.pt\/coerenciacv\/wp-json\/wp\/v2\/pages"}],"about":[{"href":"https:\/\/sites.ipleiria.pt\/coerenciacv\/wp-json\/wp\/v2\/types\/page"}],"author":[{"embeddable":true,"href":"https:\/\/sites.ipleiria.pt\/coerenciacv\/wp-json\/wp\/v2\/users\/102"}],"replies":[{"embeddable":true,"href":"https:\/\/sites.ipleiria.pt\/coerenciacv\/wp-json\/wp\/v2\/comments?post=46"}],"version-history":[{"count":14,"href":"https:\/\/sites.ipleiria.pt\/coerenciacv\/wp-json\/wp\/v2\/pages\/46\/revisions"}],"predecessor-version":[{"id":439,"href":"https:\/\/sites.ipleiria.pt\/coerenciacv\/wp-json\/wp\/v2\/pages\/46\/revisions\/439"}],"up":[{"embeddable":true,"href":"https:\/\/sites.ipleiria.pt\/coerenciacv\/wp-json\/wp\/v2\/pages\/32"}],"wp:attachment":[{"href":"https:\/\/sites.ipleiria.pt\/coerenciacv\/wp-json\/wp\/v2\/media?parent=46"}],"curies":[{"name":"wp","href":"https:\/\/api.w.org\/{rel}","templated":true}]}}