{"id":48,"date":"2013-05-24T15:39:27","date_gmt":"2013-05-24T15:39:27","guid":{"rendered":"http:\/\/sites.ipleiria.pt\/coerenciacv\/?page_id=48"},"modified":"2014-08-14T17:35:36","modified_gmt":"2014-08-14T17:35:36","slug":"manual-de-boas-praticas","status":"publish","type":"page","link":"https:\/\/sites.ipleiria.pt\/coerenciacv\/recursos\/manual-de-boas-praticas\/","title":{"rendered":"Manual de Boas Pr\u00e1ticas"},"content":{"rendered":"<p style=\"text-align: justify\"><strong>CONSULTOR MANUAL DE BOAS PR\u00c1TICAS<\/strong><\/p>\n<p style=\"text-align: justify\">Recrutamento de um Consultor para a elabora\u00e7\u00e3o do <strong>Manual de Boas Pr\u00e1ticas<\/strong> na \u00e1rea da <strong>Coer\u00eancia das Pol\u00edticas para o Desenvolvimento.<\/strong><\/p>\n<p style=\"text-align: justify\">O principal objetivo do Estudo \u00e9 a <strong>documenta\u00e7\u00e3o de Boas Pr\u00e1ticas implementadas e correntemente em execu\u00e7\u00e3o<\/strong> tendo em vista uma maior Coer\u00eancia das Pol\u00edticas para o Desenvolvimento em Cabo Verde.<\/p>\n<p style=\"text-align: justify\">Os candidatos devem apresentar a <strong>proposta t\u00e9cnica e financeira<\/strong>, incluindo o <strong>Curriculum Vitae<\/strong> atualizado e <strong>Proposta de Calend\u00e1rio de Trabalho<\/strong> e uma <strong>carta de motiva\u00e7\u00e3o<\/strong>, at\u00e9 \u00e0s <strong>16H de dia 8 de setembro de 2014<\/strong> para os seguintes endere\u00e7os eletr\u00f3nicos: hribeiro@imvf.org; mario.moniz@platongs.org.cv e silva.ana@plataongs.org.cv. Os mesmos documentos poder\u00e3o tamb\u00e9m ser entregues, em envelope fechado, na sede da Plataforma das ONG, em Achada S\u00e3o Filipe, cidade da Praia, Cabo Verde.<\/p>\n<p style=\"text-align: justify\">Consulte os <a href=\"http:\/\/sites.ipleiria.pt\/coerenciacv\/files\/2013\/05\/Relat\u00f3rio_Workshop_Deputados.pdf\">Termos de Refer\u00eancia<\/a><\/p>\n<p style=\"text-align: justify\"><strong>2 Exemplos de Boas Pr\u00e1ticas da Coer\u00eancia das Pol\u00edticas para o Desenvolvimento&#8230;<\/strong><\/p>\n<p style=\"text-align: justify\"><strong>SU\u00c9CIA <\/strong>e a aplica\u00e7\u00e3o dos <strong>3 Pilares da Coer\u00eancia das Pol\u00edticas para o Desenvolvimento<\/strong><\/p>\n<ol style=\"text-align: justify\">\n<li>Compromisso pol\u00edtico e declara\u00e7\u00f5es de orienta\u00e7\u00e3o;<\/li>\n<li>Mecanismos de coordena\u00e7\u00e3o pol\u00edtica;<\/li>\n<li>Sistemas de acompanhamento, an\u00e1lise e comunica\u00e7\u00e3o de informa\u00e7\u00e3o.<\/li>\n<\/ol>\n<p style=\"text-align: justify\"><strong>PILAR 1: Engajamento Pol\u00edtico<\/strong><\/p>\n<ul style=\"text-align: justify\">\n<li>2003 \u2013 O Projeto de lei \u201cResponsabilidade partilhada para o desenvolvimento mundial\u201d<\/li>\n<li>2008 \u2013 Relan\u00e7amento da pol\u00edtica sueca para o desenvolvimento mundial<\/li>\n<\/ul>\n<p style=\"text-align: justify\"><strong>PILAR 2: Mecanismos de Coordena\u00e7\u00e3o<\/strong><\/p>\n<ul style=\"text-align: justify\">\n<li>Coordena\u00e7\u00e3o estrat\u00e9gica de 6 desafios globais e dos seus 18 dom\u00ednios de interven\u00e7\u00e3o;<\/li>\n<li>Uma rede de pontos focais de CPD;<\/li>\n<li>Dire\u00e7\u00e3o formal; cartas anuais das ag\u00eancias;<\/li>\n<li>\u201cEquipa da Su\u00e9cia\u201d e \u201cConselho do Com\u00e9rcio e do Desenvolvimento\u201d \u2013 refer\u00eancia suplementar e grupos de colabora\u00e7\u00e3o;<\/li>\n<\/ul>\n<p style=\"text-align: justify\"><strong>PILAR 3: Sistemas de acompanhamento, an\u00e1lise e comunica\u00e7\u00e3o de informa\u00e7\u00e3o<\/strong><\/p>\n<ul style=\"text-align: justify\">\n<li>Relat\u00f3rio anual ao Parlamento;<\/li>\n<li>Relat\u00f3rios focados nos resultados \u2013 um modelo de performance estabelecido em 2009;<\/li>\n<li>Elabora\u00e7\u00e3o de ferramentas de avalia\u00e7\u00e3o para avalia\u00e7\u00e3o de impacto;<\/li>\n<li>Parcerias com a ECDPM e com o Centro para o Desenvolvimento Global.<\/li>\n<\/ul>\n<p style=\"text-align: justify\"><strong>O BRASIL e o plano de erradica\u00e7\u00e3o da pobreza extrema<\/strong><\/p>\n<p style=\"text-align: justify\"><strong>Objetivos:<\/strong><\/p>\n<ul style=\"text-align: justify\">\n<li>Aumentar as receitas por habitante da popula\u00e7\u00e3o-alvo;<\/li>\n<li>Aumentar o acesso a bens e servi\u00e7os p\u00fablicos;<\/li>\n<li>Fornecer acesso ao emprego e a receitas gra\u00e7as a iniciativas de inclus\u00e3o produtivas.<\/li>\n<\/ul>\n<p style=\"text-align: justify\"><strong>\u00a0Como?<\/strong><\/p>\n<ul style=\"text-align: justify\">\n<li>Defini\u00e7\u00e3o clara da agenda, dos objetivos e dos indicadores (revis\u00e3o peri\u00f3dica pelo presidente e ministros);<\/li>\n<li>Utilizar as inst\u00e2ncias pol\u00edticas e t\u00e9cnicas para identificar e resolver os conflitos.<\/li>\n<li><strong>3 N\u00edveis:<\/strong> pol\u00edtico (ministros); dire\u00e7\u00e3o (secret\u00e1rios de estado); t\u00e9cnico (representantes dos minist\u00e9rios); Revis\u00e3o peri\u00f3dica do mandato do presidente do grupo interministerial (pelo presidente);<\/li>\n<li>Divis\u00e3o dos ganhos pol\u00edticos potenciais entre todos os atores pol\u00edticos;<\/li>\n<li>Transpar\u00eancia &#8211; tornar todos os indicadores de acompanhamento e dados dispon\u00edveis.<\/li>\n<\/ul>\n<p style=\"text-align: justify\"><strong>Li\u00e7\u00f5es:<\/strong><\/p>\n<ul>\n<li style=\"text-align: justify\">Lideran\u00e7a \u00e9 fundamental;<\/li>\n<li style=\"text-align: justify\">A economia pol\u00edtica da implementa\u00e7\u00e3o das pol\u00edticas globais tem de ser coerente;<\/li>\n<li style=\"text-align: justify\">O papel desempenhado pelos f\u00f3runs t\u00e9cnico-pol\u00edticos: identifica\u00e7\u00e3o dos problemas, produ\u00e7\u00e3o de solu\u00e7\u00f5es (jur\u00eddicas, administrativas, financeiras, etc.);<\/li>\n<li style=\"text-align: justify\">Dados e evid\u00eancias s\u00e3o cruciais para a pol\u00edtica e para o seguimento das pol\u00edticas;<\/li>\n<li style=\"text-align: justify\">Estrat\u00e9gia de comunica\u00e7\u00e3o para: os benefici\u00e1rios, os parceiros, os atores pol\u00edticos, os contribuintes;<\/li>\n<li style=\"text-align: justify\">Alian\u00e7as internacionais.<\/li>\n<\/ul>\n","protected":false},"excerpt":{"rendered":"<p>CONSULTOR MANUAL DE BOAS PR\u00c1TICAS Recrutamento de um Consultor para a elabora\u00e7\u00e3o do Manual de Boas Pr\u00e1ticas na \u00e1rea da Coer\u00eancia das Pol\u00edticas para o Desenvolvimento. O principal objetivo do Estudo \u00e9 a documenta\u00e7\u00e3o de Boas Pr\u00e1ticas implementadas e correntemente em execu\u00e7\u00e3o tendo em vista uma maior Coer\u00eancia das Pol\u00edticas para o Desenvolvimento em Cabo [&hellip;]<\/p>\n","protected":false},"author":102,"featured_media":0,"parent":32,"menu_order":7,"comment_status":"closed","ping_status":"open","template":"","meta":{"footnotes":""},"class_list":["post-48","page","type-page","status-publish","hentry"],"_links":{"self":[{"href":"https:\/\/sites.ipleiria.pt\/coerenciacv\/wp-json\/wp\/v2\/pages\/48","targetHints":{"allow":["GET"]}}],"collection":[{"href":"https:\/\/sites.ipleiria.pt\/coerenciacv\/wp-json\/wp\/v2\/pages"}],"about":[{"href":"https:\/\/sites.ipleiria.pt\/coerenciacv\/wp-json\/wp\/v2\/types\/page"}],"author":[{"embeddable":true,"href":"https:\/\/sites.ipleiria.pt\/coerenciacv\/wp-json\/wp\/v2\/users\/102"}],"replies":[{"embeddable":true,"href":"https:\/\/sites.ipleiria.pt\/coerenciacv\/wp-json\/wp\/v2\/comments?post=48"}],"version-history":[{"count":10,"href":"https:\/\/sites.ipleiria.pt\/coerenciacv\/wp-json\/wp\/v2\/pages\/48\/revisions"}],"predecessor-version":[{"id":405,"href":"https:\/\/sites.ipleiria.pt\/coerenciacv\/wp-json\/wp\/v2\/pages\/48\/revisions\/405"}],"up":[{"embeddable":true,"href":"https:\/\/sites.ipleiria.pt\/coerenciacv\/wp-json\/wp\/v2\/pages\/32"}],"wp:attachment":[{"href":"https:\/\/sites.ipleiria.pt\/coerenciacv\/wp-json\/wp\/v2\/media?parent=48"}],"curies":[{"name":"wp","href":"https:\/\/api.w.org\/{rel}","templated":true}]}}