{"id":50,"date":"2013-05-24T15:39:58","date_gmt":"2013-05-24T15:39:58","guid":{"rendered":"http:\/\/sites.ipleiria.pt\/coerenciacv\/?page_id=50"},"modified":"2013-07-23T16:05:10","modified_gmt":"2013-07-23T16:05:10","slug":"galeria","status":"publish","type":"page","link":"https:\/\/sites.ipleiria.pt\/coerenciacv\/galeria\/","title":{"rendered":"Galeria"},"content":{"rendered":"<p style=\"text-align: justify\">Neste espa\u00e7o poder\u00e1 visualizar as fotografias dos diversos encontros, reuni\u00f5es e forma\u00e7\u00f5es realizadas no \u00e2mbito do projecto Coer\u00eancia das Pol\u00edticas para o Desenvolvimento &#8211; o desafio para uma cidadania activa em Cabo Verde.<\/p>\n","protected":false},"excerpt":{"rendered":"<p>Neste espa\u00e7o poder\u00e1 visualizar as fotografias dos diversos encontros, reuni\u00f5es e forma\u00e7\u00f5es realizadas no \u00e2mbito do projecto Coer\u00eancia das Pol\u00edticas para o Desenvolvimento &#8211; o desafio para uma cidadania activa em Cabo Verde.<\/p>\n","protected":false},"author":102,"featured_media":0,"parent":0,"menu_order":4,"comment_status":"closed","ping_status":"open","template":"","meta":{"footnotes":""},"class_list":["post-50","page","type-page","status-publish","hentry"],"_links":{"self":[{"href":"https:\/\/sites.ipleiria.pt\/coerenciacv\/wp-json\/wp\/v2\/pages\/50","targetHints":{"allow":["GET"]}}],"collection":[{"href":"https:\/\/sites.ipleiria.pt\/coerenciacv\/wp-json\/wp\/v2\/pages"}],"about":[{"href":"https:\/\/sites.ipleiria.pt\/coerenciacv\/wp-json\/wp\/v2\/types\/page"}],"author":[{"embeddable":true,"href":"https:\/\/sites.ipleiria.pt\/coerenciacv\/wp-json\/wp\/v2\/users\/102"}],"replies":[{"embeddable":true,"href":"https:\/\/sites.ipleiria.pt\/coerenciacv\/wp-json\/wp\/v2\/comments?post=50"}],"version-history":[{"count":4,"href":"https:\/\/sites.ipleiria.pt\/coerenciacv\/wp-json\/wp\/v2\/pages\/50\/revisions"}],"predecessor-version":[{"id":182,"href":"https:\/\/sites.ipleiria.pt\/coerenciacv\/wp-json\/wp\/v2\/pages\/50\/revisions\/182"}],"wp:attachment":[{"href":"https:\/\/sites.ipleiria.pt\/coerenciacv\/wp-json\/wp\/v2\/media?parent=50"}],"curies":[{"name":"wp","href":"https:\/\/api.w.org\/{rel}","templated":true}]}}