{"id":101,"date":"2013-11-29T22:25:02","date_gmt":"2013-11-29T22:25:02","guid":{"rendered":"http:\/\/insia.wordpress.forinsia.com\/comacesso\/?page_id=101"},"modified":"2020-09-08T21:45:49","modified_gmt":"2020-09-08T21:45:49","slug":"servicos","status":"publish","type":"page","link":"https:\/\/sites.ipleiria.pt\/comAcesso\/servicos\/","title":{"rendered":"Servi\u00e7os"},"content":{"rendered":"\n<p>A comAcesso pretende \u201cpro-mover\u201d a import\u00e2ncia da acessibilidade Web e digital. Para tal, disponibiliza servi\u00e7os de consultoria de sites, de Apps e de produtos, forma\u00e7\u00e3o e iniciativas de sensibiliza\u00e7\u00e3o.<\/p>\n\n\n\n<h2 class=\"wp-block-heading\">Consultoria em Acessibilidade<\/h2>\n\n\n\n<p>Prestamos consultoria em acessibilidade de p\u00e1ginas web, Apps e conte\u00fados digitais. Este servi\u00e7o consiste na realiza\u00e7\u00e3o de testes de acessibilidade com base na valida\u00e7\u00e3o autom\u00e1tica e an\u00e1lise manual pormenorizada, de modo a identificar todos os erros existentes, ajudando-o a encontrar as solu\u00e7\u00f5es para eliminar essas barreiras de acessibilidade.<\/p>\n\n\n\n<h2 class=\"wp-block-heading\">Cria\u00e7\u00e3o de p\u00e1ginas Web e conte\u00fados digitais acess\u00edveis<\/h2>\n\n\n\n<p>Desenvolvemos p\u00e1ginas Web e produtos digitais em v\u00e1rios formatos, num trabalho conjunto com os nossos parceiros, garantindo assim uma qualidade de excel\u00eancia cumulada com a plena acessibilidade.<\/p>\n\n\n\n<h2 class=\"wp-block-heading\">Forma\u00e7\u00e3o<\/h2>\n\n\n\n<p>Ministramos a\u00e7\u00f5es de forma\u00e7\u00e3o em acessibilidade, abrangendo diferentes n\u00edveis de conhecimento adequados ao perfil dos formandos. Al\u00e9m da forma\u00e7\u00e3o de car\u00e1ter t\u00e9cnico promovemos tamb\u00e9m forma\u00e7\u00e3o e workshops de sensibiliza\u00e7\u00e3o que visam a redu\u00e7\u00e3o do n\u00famero de sites e conte\u00fados digitais inacess\u00edveis.<\/p>\n\n\n\n<h2 class=\"wp-block-heading\">Valida\u00e7\u00e3o de Acessibilidade Web e Digital<\/h2>\n\n\n\n<p>Realizamos a peritagem completa de um Site ou produto digital, que inclui testes autom\u00e1ticos e manuais pormenorizados, relat\u00f3rios com os erros de acessibilidade e sugest\u00f5es de corre\u00e7\u00e3o, acompanhamento da implementa\u00e7\u00e3o das sugest\u00f5es propostas para a obten\u00e7\u00e3o do n\u00edvel de acessibilidade m\u00ednimo, interm\u00e9dio ou m\u00e1ximo, conforme o objetivo do cliente, sendo afixado no Site da comAcesso o n\u00edvel de conformidade alcan\u00e7ado e a data da valida\u00e7\u00e3o.<\/p>\n","protected":false},"excerpt":{"rendered":"A comAcesso pretende \u201cpro-mover\u201d a import\u00e2ncia da acessibilidade Web e digital. Para tal, disponibiliza servi\u00e7os de consultoria de sites, de Apps e de produtos, forma\u00e7\u00e3o e iniciativas de sensibiliza\u00e7\u00e3o. Consultoria em Acessibilidade Prestamos consultoria em acessibilidade de p\u00e1ginas web, Apps e conte\u00fados digitais. Este servi\u00e7o consiste na realiza\u00e7\u00e3o de testes de acessibilidade com base na [&hellip;]","protected":false},"author":539,"featured_media":0,"parent":0,"menu_order":0,"comment_status":"closed","ping_status":"closed","template":"","meta":{"footnotes":""},"class_list":["post-101","page","type-page","status-publish","hentry"],"_links":{"self":[{"href":"https:\/\/sites.ipleiria.pt\/comAcesso\/wp-json\/wp\/v2\/pages\/101","targetHints":{"allow":["GET"]}}],"collection":[{"href":"https:\/\/sites.ipleiria.pt\/comAcesso\/wp-json\/wp\/v2\/pages"}],"about":[{"href":"https:\/\/sites.ipleiria.pt\/comAcesso\/wp-json\/wp\/v2\/types\/page"}],"author":[{"embeddable":true,"href":"https:\/\/sites.ipleiria.pt\/comAcesso\/wp-json\/wp\/v2\/users\/539"}],"replies":[{"embeddable":true,"href":"https:\/\/sites.ipleiria.pt\/comAcesso\/wp-json\/wp\/v2\/comments?post=101"}],"version-history":[{"count":1,"href":"https:\/\/sites.ipleiria.pt\/comAcesso\/wp-json\/wp\/v2\/pages\/101\/revisions"}],"predecessor-version":[{"id":347,"href":"https:\/\/sites.ipleiria.pt\/comAcesso\/wp-json\/wp\/v2\/pages\/101\/revisions\/347"}],"wp:attachment":[{"href":"https:\/\/sites.ipleiria.pt\/comAcesso\/wp-json\/wp\/v2\/media?parent=101"}],"curies":[{"name":"wp","href":"https:\/\/api.w.org\/{rel}","templated":true}]}}