{"id":105,"date":"2017-11-03T22:36:20","date_gmt":"2017-11-03T22:36:20","guid":{"rendered":"http:\/\/insia.wordpress.forinsia.com\/comacesso\/?page_id=105"},"modified":"2020-09-10T21:53:13","modified_gmt":"2020-09-10T21:53:13","slug":"portfolio","status":"publish","type":"page","link":"https:\/\/sites.ipleiria.pt\/comAcesso\/portfolio\/","title":{"rendered":"Portf\u00f3lio"},"content":{"rendered":"\n<p>Os clientes da comAcesso s\u00e3o convidados a cumprir com o mais alto n\u00edvel de conformidade de acessibilidade, triplo A (AAA). Mas porque sabemos que este desafio \u00e9 ambicioso, podem contar com o nosso profissionalismo e acompanhamento durante todo o processo de implementa\u00e7\u00e3o e valida\u00e7\u00e3o para conseguirem superar o maior n\u00famero de crit\u00e9rios de sucesso poss\u00edvel.<\/p>\n\n\n\n<p>Neste espa\u00e7o encontra os Sites e as Apps que superaram as baterias de testes dos validadores autom\u00e1ticos e os testes de valida\u00e7\u00e3o da peritagem manual da comAcesso. Encontra ainda uma sec\u00e7\u00e3o  com o restante portf\u00f3lio, o qual inclui trabalhos que n\u00e3o alcan\u00e7aram os n\u00edveis mais altos de  conformidade ou foram realizados sob a coordena\u00e7\u00e3o de outras entidades.<\/p>\n\n\n\n<p>Para al\u00e9m da amostra aqui apresentada a comAcesso j\u00e1 colaborou com outras entidades e na melhoria de acessibilidade de diversos produtos digitais. No entanto, estes n\u00e3o s\u00e3o aqui referidos por terem sido apenas um trabalho de consultoria ou por n\u00e3o terem sido conclu\u00eddos os trabalhos de implementa\u00e7\u00e3o e, consequentemente, n\u00e3o terem sido superados os n\u00edveis de conformidade propostos.<\/p>\n\n\n\n<p>Inspire-se, contacte-nos e v\u00e1 ainda mais longe!<\/p>\n\n\n\n<h2 class=\"wp-block-heading\">Declara\u00e7\u00f5es de conformidade comAcesso<\/h2>\n\n\n\n<p>A publica\u00e7\u00e3o de uma declara\u00e7\u00e3o de conformidade de acessibilidade de um Site nesta p\u00e1gina certifica que esse Site foi alvo dos exigentes e rigorosos testes de acessibilidade da comAcesso estando, portanto, realmente acess\u00edvel.<\/p>\n\n\n\n<p>Desde o surgimento da declara\u00e7\u00e3o autom\u00e1tica de acessibilidade e usabilidade da AMA &#8211; Ag\u00eancia para a Moderniza\u00e7\u00e3o Administrativa, I.P na sequ\u00eancia do Dl83\/2018 que obriga \u00e0 integra\u00e7\u00e3o da declara\u00e7\u00e3o no respetivo Site, em vez da publica\u00e7\u00e3o da declara\u00e7\u00e3o na \u00edntegra s\u00e3o referidos apenas dados relevantes que n\u00e3o constam na declara\u00e7\u00e3o e o n\u00edvel de conformidade.<\/p>\n\n\n\n<p><a href=\"https:\/\/sites.ipleiria.pt\/comAcesso\/conformidade-de-acessibilidade-padrao-dos-descobrimentos\/\">Conformidade de acessibilidade Padr\u00e3o dos Descobrimentos<\/a><\/p>\n\n\n\n<p><a href=\"https:\/\/sites.ipleiria.pt\/comAcesso\/conformidade-de-acessibilidade-luca-teatro-luis-de-camoes\/\">Conformidade de acessibilidade LuCa \u2013 Teatro Lu\u00eds de Cam\u00f5es<\/a><\/p>\n\n\n\n<p><a href=\"https:\/\/sites.ipleiria.pt\/comAcesso\/conformidade-de-acessibilidade-teatro-sao-luiz\/\">Conformidade de acessibilidade Teatro S\u00e3o Luiz<\/a><\/p>\n\n\n\n<p><a href=\"https:\/\/sites.ipleiria.pt\/comAcesso\/conformidade-de-acessibilidade-cultura-acessivel\/\">Conformidade de acessibilidade Cultura acess\u00edvel<\/a><\/p>\n\n\n\n<p><span style=\"text-decoration: underline;\"><a href=\"https:\/\/sites.ipleiria.pt\/comAcesso\/declaracao-de-conformidade-de-acessibilidade-teatro-maria-matos\/\">Conformidade de acessibilidade teatro Maria Matos<\/a><\/span><\/p>\n\n\n\n<h2 class=\"wp-block-heading\">Outros trabalhos<\/h2>\n\n\n\n<p>App museu do a\u00e7\u00facar<\/p>\n\n\n\n<p>App museu Francisco Franco<\/p>\n\n\n\n<p>Casa Fernando pessoa<\/p>\n\n\n\n<p>Museu da Comunidade Concelhia da Batalha<\/p>\n","protected":false},"excerpt":{"rendered":"Os clientes da comAcesso s\u00e3o convidados a cumprir com o mais alto n\u00edvel de conformidade de acessibilidade, triplo A (AAA). Mas porque sabemos que este desafio \u00e9 ambicioso, podem contar com o nosso profissionalismo e acompanhamento durante todo o processo de implementa\u00e7\u00e3o e valida\u00e7\u00e3o para conseguirem superar o maior n\u00famero de crit\u00e9rios de sucesso poss\u00edvel. [&hellip;]","protected":false},"author":539,"featured_media":0,"parent":0,"menu_order":0,"comment_status":"closed","ping_status":"closed","template":"","meta":{"footnotes":""},"class_list":["post-105","page","type-page","status-publish","hentry"],"_links":{"self":[{"href":"https:\/\/sites.ipleiria.pt\/comAcesso\/wp-json\/wp\/v2\/pages\/105","targetHints":{"allow":["GET"]}}],"collection":[{"href":"https:\/\/sites.ipleiria.pt\/comAcesso\/wp-json\/wp\/v2\/pages"}],"about":[{"href":"https:\/\/sites.ipleiria.pt\/comAcesso\/wp-json\/wp\/v2\/types\/page"}],"author":[{"embeddable":true,"href":"https:\/\/sites.ipleiria.pt\/comAcesso\/wp-json\/wp\/v2\/users\/539"}],"replies":[{"embeddable":true,"href":"https:\/\/sites.ipleiria.pt\/comAcesso\/wp-json\/wp\/v2\/comments?post=105"}],"version-history":[{"count":5,"href":"https:\/\/sites.ipleiria.pt\/comAcesso\/wp-json\/wp\/v2\/pages\/105\/revisions"}],"predecessor-version":[{"id":405,"href":"https:\/\/sites.ipleiria.pt\/comAcesso\/wp-json\/wp\/v2\/pages\/105\/revisions\/405"}],"wp:attachment":[{"href":"https:\/\/sites.ipleiria.pt\/comAcesso\/wp-json\/wp\/v2\/media?parent=105"}],"curies":[{"name":"wp","href":"https:\/\/api.w.org\/{rel}","templated":true}]}}