{"id":107,"date":"2013-11-29T22:39:20","date_gmt":"2013-11-29T22:39:20","guid":{"rendered":"http:\/\/insia.wordpress.forinsia.com\/comacesso\/?page_id=107"},"modified":"2020-09-14T23:37:25","modified_gmt":"2020-09-14T23:37:25","slug":"parceiros","status":"publish","type":"page","link":"https:\/\/sites.ipleiria.pt\/comAcesso\/parceiros\/","title":{"rendered":"Parceiros"},"content":{"rendered":"\n<p>Pretendendo consolidar o pioneirismo e qualidade na presta\u00e7\u00e3o de servi\u00e7os de acessibilidade Web e Digital, a comAcesso tem planeado a celebra\u00e7\u00e3o de parcerias a m\u00e9dio e longo prazo.<br>Neste momento os nossos parceiros:<\/p>\n\n\n\n<div class=\"wp-block-columns is-layout-flex wp-container-core-columns-is-layout-1 wp-block-columns-is-layout-flex\">\n<div class=\"wp-block-column is-layout-flow wp-block-column-is-layout-flow\">\n<figure class=\"wp-block-image size-large\"><a class=\"block\" href=\"https:\/\/www.google.pt\" target=\"_blank\" rel=\"noopener noreferrer\"><img decoding=\"async\" src=\"https:\/\/sites.ipleiria.pt\/comAcesso\/files\/2020\/07\/Insia.svg\" alt=\"INSIA - Sistemas de Informa\u00e7\u00e3o\" class=\"wp-image-292\"\/><\/a><\/figure>\n\n\n\n<p><\/p>\n<\/div>\n\n\n\n<div class=\"wp-block-column is-layout-flow wp-block-column-is-layout-flow\"><\/div>\n\n\n\n<div class=\"wp-block-column is-layout-flow wp-block-column-is-layout-flow\"><\/div>\n<\/div>\n\n\n\n<h2 class=\"wp-block-heading\">comAcesso recomenda<\/h2>\n\n\n\n<div style=\"height:20px\" aria-hidden=\"true\" class=\"wp-block-spacer\"><\/div>\n\n\n\n<div class=\"wp-block-columns is-layout-flex wp-container-core-columns-is-layout-2 wp-block-columns-is-layout-flex\">\n<div class=\"wp-block-column d-flex flex-column justify-content-center is-layout-flow wp-block-column-is-layout-flow\">\n<div class=\"wp-block-image\"><figure class=\"aligncenter size-full\"><a class=\"block\" href=\"http:\/\/www.museubatalha.com\" target=\"_blank\" rel=\"noopener noreferrer\"><img loading=\"lazy\" decoding=\"async\" width=\"188\" height=\"84\" src=\"https:\/\/sites.ipleiria.pt\/comAcesso\/files\/2020\/09\/mccb.png\" alt=\"Museu da Comunidade Concelhia da Batalha\" class=\"wp-image-398\"\/><\/a><\/figure><\/div>\n\n\n\n<p><\/p>\n<\/div>\n\n\n\n<div class=\"wp-block-column d-flex flex-column justify-content-center is-layout-flow wp-block-column-is-layout-flow\">\n<div class=\"wp-block-image\"><figure class=\"aligncenter size-full\"><a class=\"block\" href=\"http:\/\/coloradd.net\/\" target=\"_blank\" rel=\"noopener noreferrer\"><img loading=\"lazy\" decoding=\"async\" width=\"210\" height=\"42\" src=\"https:\/\/sites.ipleiria.pt\/comAcesso\/files\/2020\/09\/logos-colorADD.png\" alt=\"colorADD\" class=\"wp-image-399\"\/><\/a><\/figure><\/div>\n<\/div>\n\n\n\n<div class=\"wp-block-column d-flex flex-column justify-content-center is-layout-flow wp-block-column-is-layout-flow\">\n<div class=\"wp-block-image\"><figure class=\"aligncenter size-large\"><a class=\"block\" href=\"http:\/\/www.lerparaver.com\/\" target=\"_blank\" rel=\"noopener noreferrer\"><img loading=\"lazy\" decoding=\"async\" width=\"130\" height=\"90\" src=\"https:\/\/sites.ipleiria.pt\/comAcesso\/files\/2020\/09\/lpv_logo.gif\" alt=\"\" class=\"wp-image-397\"\/><\/a><\/figure><\/div>\n<\/div>\n<\/div>\n\n\n\n<p><\/p>\n","protected":false},"excerpt":{"rendered":"Pretendendo consolidar o pioneirismo e qualidade na presta\u00e7\u00e3o de servi\u00e7os de acessibilidade Web e Digital, a comAcesso tem planeado a celebra\u00e7\u00e3o de parcerias a m\u00e9dio e longo prazo.Neste momento os nossos parceiros: comAcesso recomenda","protected":false},"author":539,"featured_media":0,"parent":0,"menu_order":0,"comment_status":"closed","ping_status":"closed","template":"","meta":{"footnotes":""},"class_list":["post-107","page","type-page","status-publish","hentry"],"_links":{"self":[{"href":"https:\/\/sites.ipleiria.pt\/comAcesso\/wp-json\/wp\/v2\/pages\/107","targetHints":{"allow":["GET"]}}],"collection":[{"href":"https:\/\/sites.ipleiria.pt\/comAcesso\/wp-json\/wp\/v2\/pages"}],"about":[{"href":"https:\/\/sites.ipleiria.pt\/comAcesso\/wp-json\/wp\/v2\/types\/page"}],"author":[{"embeddable":true,"href":"https:\/\/sites.ipleiria.pt\/comAcesso\/wp-json\/wp\/v2\/users\/539"}],"replies":[{"embeddable":true,"href":"https:\/\/sites.ipleiria.pt\/comAcesso\/wp-json\/wp\/v2\/comments?post=107"}],"version-history":[{"count":19,"href":"https:\/\/sites.ipleiria.pt\/comAcesso\/wp-json\/wp\/v2\/pages\/107\/revisions"}],"predecessor-version":[{"id":439,"href":"https:\/\/sites.ipleiria.pt\/comAcesso\/wp-json\/wp\/v2\/pages\/107\/revisions\/439"}],"wp:attachment":[{"href":"https:\/\/sites.ipleiria.pt\/comAcesso\/wp-json\/wp\/v2\/media?parent=107"}],"curies":[{"name":"wp","href":"https:\/\/api.w.org\/{rel}","templated":true}]}}