{"id":109,"date":"2014-03-27T22:52:51","date_gmt":"2014-03-27T22:52:51","guid":{"rendered":"http:\/\/insia.wordpress.forinsia.com\/comacesso\/?page_id=109"},"modified":"2020-09-09T21:43:45","modified_gmt":"2020-09-09T21:43:45","slug":"estrutura-do-site-e-dicas-de-navegacao","status":"publish","type":"page","link":"https:\/\/sites.ipleiria.pt\/comAcesso\/estrutura-do-site-e-dicas-de-navegacao\/","title":{"rendered":"Estrutura do Site e dicas de navega\u00e7\u00e3o"},"content":{"rendered":"\n<h1 class=\"wp-block-heading\">Estrutura do Site e dicas de navega\u00e7\u00e3o<\/h1>\n\n\n\n<p>Este Site foi desenvolvido em conformidade com as diretrizes de acessibilidade WCAG 2.0, com as Web-standards, com os princ\u00edpios do Design Universal e com as normas de HTML e CSS. Para al\u00e9m disso foi alvo de uma minuciosa valida\u00e7\u00e3o manual de acessibilidade com diversos navegadores de Internet, leitores de ecr\u00e3, v\u00e1rios produtos de apoio e dispositivos m\u00f3veis para oferecer ao utilizador a melhor navega\u00e7\u00e3o poss\u00edvel nos diversos cen\u00e1rios.<\/p>\n\n\n\n<p>Contudo, conhecendo as incompatibilidades entre leitores de ecr\u00e3 e navegadores, bem como as diferen\u00e7as do modo de leitura e de&nbsp; interpreta\u00e7\u00e3o desse Software das novas t\u00e9cnicas de desenvolvimento Web e nos diferentes dispositivos, apresentamos nesta p\u00e1gina a estrutura b\u00e1sica do Site e dicas de navega\u00e7\u00e3o para tornar a sua visita ao Site mais confort\u00e1vel.<\/p>\n\n\n\n<h2 class=\"wp-block-heading\">Estrutura do Site<\/h2>\n\n\n\n<p>Na parte superior de cada p\u00e1gina do Site existe uma \u00e1rea horizontal, Banner, constituido por:<br>no lado esquerdo, Log\u00f3tipo da comAcesso com um Link para voltar para a p\u00e1gina de entrada do Site; (Se tiver curiosidade sobre o log\u00f3tipo leia a descri\u00e7\u00e3o do log\u00f3tipo.)<br>no canto superior direito, menu de acessibilidade com \u00edcones da Estrutura e dicas de navega\u00e7\u00e3o, do mapa do Site e de altera\u00e7\u00e3o do tamanho de letra e de contraste;<br>Por baixo dos \u00edcones do menu de acessibilidade encontra-se o slogan da comAcesso: D\u00ea acesso, ganhe oportunidades.<br>A separar o Banner do resto do Site existe uma barra horizontal mais pequena, Navega\u00e7\u00e3o, com os Links do menu principal. Esta barra tem o fundo a azul e as letras a branco.<br>Por baixo do menu principal, no lado esquerdo \u00e9 apresentado o conte\u00fado do Site;<br>No lado direito existe uma coluna vertical de navega\u00e7\u00e3o.&nbsp; Embora a sec\u00e7\u00e3o: Mais sobre acessibilidade, que cont\u00e9m Links para&nbsp; informa\u00e7\u00f5es diversas sobre acessibilidade, seja fixa para todas as p\u00e1ginas, pode surgir nesta \u00e1rea novos blocos de informa\u00e7\u00e3o relacionados com a p\u00e1gina atual.<br>Na parte inferior do Site h\u00e1 dois blocos de informa\u00e7\u00e3o relacionada com a p\u00e1gina visitada. O t\u00edtulo dos blocos est\u00e1 escrito a branco com fundo azul.<\/p>\n\n\n\n<h2 class=\"wp-block-heading\">Dicas de navega\u00e7\u00e3o<\/h2>\n\n\n\n<p>Uma vez que as teclas de navega\u00e7\u00e3o r\u00e1pida e de atalho s\u00e3o diferentes para cada tecnologia de apoio, por vezes at\u00e9 de vers\u00e3o para vers\u00e3o do mesmo Software, faz-se apenas refer\u00eancia a formas de navega\u00e7\u00e3o e n\u00e3o a teclas de atalho de uma tecnologia de apoio espec\u00edfica.<\/p>\n\n\n\n<h2 class=\"wp-block-heading\">Navega\u00e7\u00e3o em computador com leitores de ecr\u00e3<\/h2>\n\n\n\n<p>Com as vers\u00f5es mais recentes de alguns leitores de ecr\u00e3 \u00e9 poss\u00edvel:<br>saltar entre as diferentes regi\u00f5es, landmarks e listas com informa\u00e7\u00e3o imediata do nome atribu\u00eddo \u00e0 regi\u00e3o ou lista;<br>Navegar com a tecla Tab e obter imediatamente mais informa\u00e7\u00e3o sobre o Link.<\/p>\n","protected":false},"excerpt":{"rendered":"Estrutura do Site e dicas de navega\u00e7\u00e3o Este Site foi desenvolvido em conformidade com as diretrizes de acessibilidade WCAG 2.0, com as Web-standards, com os princ\u00edpios do Design Universal e com as normas de HTML e CSS. Para al\u00e9m disso foi alvo de uma minuciosa valida\u00e7\u00e3o manual de acessibilidade com diversos navegadores de Internet, leitores [&hellip;]","protected":false},"author":539,"featured_media":0,"parent":0,"menu_order":0,"comment_status":"closed","ping_status":"closed","template":"","meta":{"footnotes":""},"class_list":["post-109","page","type-page","status-publish","hentry"],"_links":{"self":[{"href":"https:\/\/sites.ipleiria.pt\/comAcesso\/wp-json\/wp\/v2\/pages\/109","targetHints":{"allow":["GET"]}}],"collection":[{"href":"https:\/\/sites.ipleiria.pt\/comAcesso\/wp-json\/wp\/v2\/pages"}],"about":[{"href":"https:\/\/sites.ipleiria.pt\/comAcesso\/wp-json\/wp\/v2\/types\/page"}],"author":[{"embeddable":true,"href":"https:\/\/sites.ipleiria.pt\/comAcesso\/wp-json\/wp\/v2\/users\/539"}],"replies":[{"embeddable":true,"href":"https:\/\/sites.ipleiria.pt\/comAcesso\/wp-json\/wp\/v2\/comments?post=109"}],"version-history":[{"count":2,"href":"https:\/\/sites.ipleiria.pt\/comAcesso\/wp-json\/wp\/v2\/pages\/109\/revisions"}],"predecessor-version":[{"id":389,"href":"https:\/\/sites.ipleiria.pt\/comAcesso\/wp-json\/wp\/v2\/pages\/109\/revisions\/389"}],"wp:attachment":[{"href":"https:\/\/sites.ipleiria.pt\/comAcesso\/wp-json\/wp\/v2\/media?parent=109"}],"curies":[{"name":"wp","href":"https:\/\/api.w.org\/{rel}","templated":true}]}}