{"id":118,"date":"2014-03-26T21:33:21","date_gmt":"2014-03-26T21:33:21","guid":{"rendered":"http:\/\/insia.wordpress.forinsia.com\/comacesso\/?page_id=118"},"modified":"2020-09-10T21:40:44","modified_gmt":"2020-09-10T21:40:44","slug":"o-que-e","status":"publish","type":"page","link":"https:\/\/sites.ipleiria.pt\/comAcesso\/conhecer\/o-que-e\/","title":{"rendered":"Acessibilidade Web e digital: o que \u00e9"},"content":{"rendered":"\n<h2 class=\"wp-block-heading\">O que \u00e9?<\/h2>\n\n\n\n<p>Acessibilidade Web e digital consiste na cria\u00e7\u00e3o de p\u00e1ginas Web, conte\u00fados ou ferramentas digitais que permitam o acesso \u00e0 informa\u00e7\u00e3o por qualquer utilizador.<br>Um ficheiro num determinado formato \u00e9 acess\u00edvel quando este disponibiliza conte\u00fado textual com possibilidade de ser utilizado por tecnologias de apoio e quando \u00e9 assegurada a correcta estrutura\u00e7\u00e3o desse texto.<\/p>\n\n\n\n<h2 class=\"wp-block-heading\">Para quem?<\/h2>\n\n\n\n<p>Sendo a acessibilidade um valor acrescentado, os benef\u00edcios s\u00e3o m\u00fatuos. Por um lado qualquer utilizador, independentemente de ter ou n\u00e3o uma defici\u00eancia ou incapacidade, tem acesso garantido \u00e0 informa\u00e7\u00e3o, servi\u00e7o ou produto digital e, por outro lado, as empresas aumentam a visibilidade. Entre outros casos, podem usufruir de acessibilidade pessoas que:<\/p>\n\n\n\n<ul class=\"wp-block-list\"><li>derivado a uma defici\u00eancia, apresentam incapacidade do tipo sensorial (visual, auditiva, da fala), motora ou cognitiva e neurol\u00f3gica;<\/li><li>derivado \u00e0 idade avan\u00e7ada apresentam diversas dificuldades sensoriais e\/ou motoras;<\/li><li>enfrentam incompatibilidades entre os servi\u00e7os ou produtos e os dispositivos de consulta;<\/li><li>defrontam-se com problemas t\u00e9cnicos relacionados com as redes de comunica\u00e7\u00e3o.<\/li><\/ul>\n\n\n\n<p><\/p>\n","protected":false},"excerpt":{"rendered":"O que \u00e9? Acessibilidade Web e digital consiste na cria\u00e7\u00e3o de p\u00e1ginas Web, conte\u00fados ou ferramentas digitais que permitam o acesso \u00e0 informa\u00e7\u00e3o por qualquer utilizador.Um ficheiro num determinado formato \u00e9 acess\u00edvel quando este disponibiliza conte\u00fado textual com possibilidade de ser utilizado por tecnologias de apoio e quando \u00e9 assegurada a correcta estrutura\u00e7\u00e3o desse texto. [&hellip;]","protected":false},"author":539,"featured_media":0,"parent":191,"menu_order":0,"comment_status":"closed","ping_status":"closed","template":"","meta":{"footnotes":""},"class_list":["post-118","page","type-page","status-publish","hentry"],"_links":{"self":[{"href":"https:\/\/sites.ipleiria.pt\/comAcesso\/wp-json\/wp\/v2\/pages\/118","targetHints":{"allow":["GET"]}}],"collection":[{"href":"https:\/\/sites.ipleiria.pt\/comAcesso\/wp-json\/wp\/v2\/pages"}],"about":[{"href":"https:\/\/sites.ipleiria.pt\/comAcesso\/wp-json\/wp\/v2\/types\/page"}],"author":[{"embeddable":true,"href":"https:\/\/sites.ipleiria.pt\/comAcesso\/wp-json\/wp\/v2\/users\/539"}],"replies":[{"embeddable":true,"href":"https:\/\/sites.ipleiria.pt\/comAcesso\/wp-json\/wp\/v2\/comments?post=118"}],"version-history":[{"count":2,"href":"https:\/\/sites.ipleiria.pt\/comAcesso\/wp-json\/wp\/v2\/pages\/118\/revisions"}],"predecessor-version":[{"id":403,"href":"https:\/\/sites.ipleiria.pt\/comAcesso\/wp-json\/wp\/v2\/pages\/118\/revisions\/403"}],"up":[{"embeddable":true,"href":"https:\/\/sites.ipleiria.pt\/comAcesso\/wp-json\/wp\/v2\/pages\/191"}],"wp:attachment":[{"href":"https:\/\/sites.ipleiria.pt\/comAcesso\/wp-json\/wp\/v2\/media?parent=118"}],"curies":[{"name":"wp","href":"https:\/\/api.w.org\/{rel}","templated":true}]}}