{"id":121,"date":"2014-03-26T21:51:00","date_gmt":"2014-03-26T21:51:00","guid":{"rendered":"http:\/\/insia.wordpress.forinsia.com\/comacesso\/?page_id=121"},"modified":"2020-08-14T22:15:41","modified_gmt":"2020-08-14T22:15:41","slug":"porque-e-vantagens","status":"publish","type":"page","link":"https:\/\/sites.ipleiria.pt\/comAcesso\/conhecer\/porque-e-vantagens\/","title":{"rendered":"Porqu\u00ea e vantagens"},"content":{"rendered":"\n<p>A ideia da cria\u00e7\u00e3o de um Site para marcar presen\u00e7a no mundo virtual e servir de montra para atrair os cibernautas j\u00e1 n\u00e3o \u00e9 suficiente. A exig\u00eancia crescente dos consumidores na qualidade e rapidez de acesso \u00e0quilo que procura requer que um Site ofere\u00e7a a plica\u00e7\u00f5es interativas eficazes e satisfat\u00f3rias. Do mesmo modo que o cliente procura lojas organizadas que lhe garantam o conforto, facilidade e rapidez nas suas compras, procura tamb\u00e9m esse conceito no Site.<br>A import\u00e2ncia deste conceito para as pessoas com defici\u00eancia \u00e9 ainda mais relevante, dado que, muitas vezes, o Site \u00e9 o principal canal de acesso e conhecimento&nbsp;dos produtos e servi\u00e7os de uma empresa.<\/p>\n\n\n\n<p>Segundo os censos de 2010, em apenas dois pa\u00edses de l\u00edngua portuguesa, Brasil e Portugal, o n\u00famero de pessoas com algum tipo de defici\u00eancia est\u00e1 a crescer,dissolvendo-se a ideia que este \u00e9 um nicho de mercado com pouca import\u00e2ncia. Os dados preliminares apontam para quase 45,6 milh\u00f5es de pessoas com defici\u00eancia&nbsp;no Brasil e 1 milh\u00e3o em Portugal. E, segundo a Organiza\u00e7\u00e3o Mundial de Sa\u00fade, este n\u00famero ascende a 1 milhar de milh\u00e3o em todo o mundo. Associar pessoas&nbsp;com defici\u00eancia a pessoas inv\u00e1lidas h\u00e1 muito que tem vindo a desvanecer, crescendo, pelo contr\u00e1rio, o n\u00famero de pessoas com defici\u00eancia independentes e&nbsp;a viverem sozinhas.<\/p>\n\n\n\n<p>O envelhecimento da popula\u00e7\u00e3o tamb\u00e9m n\u00e3o deve ser menosprezado, pois as dificuldades resultantes desta transforma\u00e7\u00e3o natural n\u00e3o significa inatividade.<\/p>\n\n\n\n<p>Justifica-se, assim, a import\u00e2ncia de apostar nos produtos e servi\u00e7os acess\u00edveis a estes p\u00fablicos, n\u00e3o s\u00f3 pelo potencial mercado, por ser objetivo comum&nbsp;de qualquer empresa satisfazer as necessidades relevantes dos clientes, como tamb\u00e9m pela sua responsabilidade social e pelo facto de a acessibilidade ser&nbsp;um valor acrescentado que favorece todos os clientes. Proporcionar o acesso a produtos e servi\u00e7os \u00e9 efetivamente uma oportunidade para as empresas alargarem&nbsp;o leque de clientes e, simultaneamente, servirem todas as pessoas com a mesma qualidade e igualdade de oportunidades sem que para isso necessitem de grandes&nbsp;esfor\u00e7os financeiros.<\/p>\n","protected":false},"excerpt":{"rendered":"A ideia da cria\u00e7\u00e3o de um Site para marcar presen\u00e7a no mundo virtual e servir de montra para atrair os cibernautas j\u00e1 n\u00e3o \u00e9 suficiente. A exig\u00eancia crescente dos consumidores na qualidade e rapidez de acesso \u00e0quilo que procura requer que um Site ofere\u00e7a a plica\u00e7\u00f5es interativas eficazes e satisfat\u00f3rias. Do mesmo modo que o [&hellip;]","protected":false},"author":539,"featured_media":0,"parent":191,"menu_order":0,"comment_status":"closed","ping_status":"closed","template":"","meta":{"footnotes":""},"class_list":["post-121","page","type-page","status-publish","hentry"],"_links":{"self":[{"href":"https:\/\/sites.ipleiria.pt\/comAcesso\/wp-json\/wp\/v2\/pages\/121","targetHints":{"allow":["GET"]}}],"collection":[{"href":"https:\/\/sites.ipleiria.pt\/comAcesso\/wp-json\/wp\/v2\/pages"}],"about":[{"href":"https:\/\/sites.ipleiria.pt\/comAcesso\/wp-json\/wp\/v2\/types\/page"}],"author":[{"embeddable":true,"href":"https:\/\/sites.ipleiria.pt\/comAcesso\/wp-json\/wp\/v2\/users\/539"}],"replies":[{"embeddable":true,"href":"https:\/\/sites.ipleiria.pt\/comAcesso\/wp-json\/wp\/v2\/comments?post=121"}],"version-history":[{"count":6,"href":"https:\/\/sites.ipleiria.pt\/comAcesso\/wp-json\/wp\/v2\/pages\/121\/revisions"}],"predecessor-version":[{"id":355,"href":"https:\/\/sites.ipleiria.pt\/comAcesso\/wp-json\/wp\/v2\/pages\/121\/revisions\/355"}],"up":[{"embeddable":true,"href":"https:\/\/sites.ipleiria.pt\/comAcesso\/wp-json\/wp\/v2\/pages\/191"}],"wp:attachment":[{"href":"https:\/\/sites.ipleiria.pt\/comAcesso\/wp-json\/wp\/v2\/media?parent=121"}],"curies":[{"name":"wp","href":"https:\/\/api.w.org\/{rel}","templated":true}]}}