{"id":125,"date":"2014-03-19T22:00:44","date_gmt":"2014-03-19T22:00:44","guid":{"rendered":"http:\/\/insia.wordpress.forinsia.com\/comacesso\/?page_id=125"},"modified":"2020-08-14T23:34:01","modified_gmt":"2020-08-14T23:34:01","slug":"diretrizes-acessibilidade","status":"publish","type":"page","link":"https:\/\/sites.ipleiria.pt\/comAcesso\/conhecer\/diretrizes-acessibilidade\/","title":{"rendered":"Diretrizes de acessibilidade para o conte\u00fado Web"},"content":{"rendered":"\n<p>As <span lang=\"en\">Web Content Accessibility Guidelines<\/span> (WCAG) 2.0 definem como tornar o conte\u00fado web mais acess\u00edvel a pessoas com defici\u00eancia. A acessibilidade envolve uma ampla gama de defici\u00eancias, incluindo discurso, visual, auditivo, f\u00edsico, cognitivo, linguagem, aprendizagem e defici\u00eancias neurol\u00f3gicas. Embora estas orienta\u00e7\u00f5es abranjam uma vasta&nbsp;diversidade de quest\u00f5es, n\u00e3o conseguem responder \u00e0s necessidades de pessoas com todos os tipos, graus e combina\u00e7\u00f5es de incapacidades. Estas orienta\u00e7\u00f5es tamb\u00e9m fazem o conte\u00fado web mais utiliz\u00e1vel por indiv\u00edduos mais velhos com a mudan\u00e7a de habilidades devido ao envelhecimento e muitas vezes melhoram a usabilidade para todos os utilizadores.<\/p>\n\n\n\n<p>As WCAG 2.0 foram desenvolvidas atrav\u00e9s de um processo de colabora\u00e7\u00e3o entre o W3C e indiv\u00edduos e organiza\u00e7\u00f5es de todo o mundo, com o objetivo de fornecer um padr\u00e3o compartilhado para a acessibilidade do conte\u00fado da Web que atende \u00e0s necessidades de indiv\u00edduos, organiza\u00e7\u00f5es e governos internacionalmente. As WCAG 2.0 baseiam-se nas WCAG 1.0 e s\u00e3o projetadas para serem aplicadas, em linhas gerais, a diferentes tecnologias Web, agora e no futuro e para serem test\u00e1veis com uma combina\u00e7\u00e3o de testes autom\u00e1ticos e avalia\u00e7\u00e3o humana.<\/p>\n\n\n\n<p>A acessibilidade da Web depende n\u00e3o s\u00f3 de conte\u00fado acess\u00edvel, mas tamb\u00e9m de navegadores acess\u00edveis e outros agentes de utilizador. As ferramentas de autor tamb\u00e9m t\u00eam um papel importante na acessibilidade da Web. Por isso o W3C desenvolveu diretrizes espec\u00edficas para os agentes de utilizador (UAAG) e para as ferramentas de Autor (ATAG).<\/p>\n\n\n\n<p>As WCAG, quer na 1\u00aa vers\u00e3o, em 1999, quer na 2\u00aa vers\u00e3o, em 2008, como tamb\u00e9m na vers\u00e3o 2.1 em 2014 apresentam 4 princ\u00edpios fundamentais:<\/p>\n\n\n\n<ol class=\"wp-block-list\"><li>Percet\u00edvel &#8211; toda a informa\u00e7\u00e3o e interface deve ser leg\u00edvel e percebida por todos;<\/li><li>Oper\u00e1vel &#8211; a navega\u00e7\u00e3o e o acesso a todas as funcionalidades deve ser garantida, independentemente do perfil do utilizador e dos dispositivos de navega\u00e7\u00e3o que utiliza;<\/li><li>Compreens\u00edvel &#8211; toda a informa\u00e7\u00e3o deve ser compreendida por todos e prever toler\u00e2ncia ao erro;<\/li><li>Robusto &#8211; deve garantir a interoperabilidade entre sistemas e compatibilidade tecnol\u00f3gica.<\/li><\/ol>\n\n\n\n<p>Descubra os detalhes das diretrizes para o conte\u00fado Web na <a href=\"https:\/\/www.w3.org\/Translations\/WCAG20-pt-PT\/WCAG20-pt-PT-20141024\/\">vers\u00e3o autorizada da tradu\u00e7\u00e3o das WCAG 2.0.<\/a><\/p>\n\n\n\n<p>Ou consulte as <a href=\"https:\/\/www.w3.org\/TR\/WCAG21\/\">WCAG 2.1 em ingl\u00eas que incluem novos crit\u00e9rios destinados aos dispositivos m\u00f3veis.<\/a><\/p>\n\n\n\n<p><\/p>\n","protected":false},"excerpt":{"rendered":"As Web Content Accessibility Guidelines (WCAG) 2.0 definem como tornar o conte\u00fado web mais acess\u00edvel a pessoas com defici\u00eancia. A acessibilidade envolve uma ampla gama de defici\u00eancias, incluindo discurso, visual, auditivo, f\u00edsico, cognitivo, linguagem, aprendizagem e defici\u00eancias neurol\u00f3gicas. Embora estas orienta\u00e7\u00f5es abranjam uma vasta&nbsp;diversidade de quest\u00f5es, n\u00e3o conseguem responder \u00e0s necessidades de pessoas com todos [&hellip;]","protected":false},"author":539,"featured_media":0,"parent":191,"menu_order":0,"comment_status":"closed","ping_status":"closed","template":"","meta":{"footnotes":""},"class_list":["post-125","page","type-page","status-publish","hentry"],"_links":{"self":[{"href":"https:\/\/sites.ipleiria.pt\/comAcesso\/wp-json\/wp\/v2\/pages\/125","targetHints":{"allow":["GET"]}}],"collection":[{"href":"https:\/\/sites.ipleiria.pt\/comAcesso\/wp-json\/wp\/v2\/pages"}],"about":[{"href":"https:\/\/sites.ipleiria.pt\/comAcesso\/wp-json\/wp\/v2\/types\/page"}],"author":[{"embeddable":true,"href":"https:\/\/sites.ipleiria.pt\/comAcesso\/wp-json\/wp\/v2\/users\/539"}],"replies":[{"embeddable":true,"href":"https:\/\/sites.ipleiria.pt\/comAcesso\/wp-json\/wp\/v2\/comments?post=125"}],"version-history":[{"count":6,"href":"https:\/\/sites.ipleiria.pt\/comAcesso\/wp-json\/wp\/v2\/pages\/125\/revisions"}],"predecessor-version":[{"id":357,"href":"https:\/\/sites.ipleiria.pt\/comAcesso\/wp-json\/wp\/v2\/pages\/125\/revisions\/357"}],"up":[{"embeddable":true,"href":"https:\/\/sites.ipleiria.pt\/comAcesso\/wp-json\/wp\/v2\/pages\/191"}],"wp:attachment":[{"href":"https:\/\/sites.ipleiria.pt\/comAcesso\/wp-json\/wp\/v2\/media?parent=125"}],"curies":[{"name":"wp","href":"https:\/\/api.w.org\/{rel}","templated":true}]}}