{"id":127,"date":"2014-03-26T22:07:00","date_gmt":"2014-03-26T22:07:00","guid":{"rendered":"http:\/\/insia.wordpress.forinsia.com\/comacesso\/?page_id=127"},"modified":"2020-08-12T22:57:45","modified_gmt":"2020-08-12T22:57:45","slug":"ferramentas-de-validacao-automatica","status":"publish","type":"page","link":"https:\/\/sites.ipleiria.pt\/comAcesso\/biblioteca\/ferramentas-de-validacao-automatica\/","title":{"rendered":"Ferramentas de valida\u00e7\u00e3o autom\u00e1tica"},"content":{"rendered":"\n<p>Desde o aparecimento das Diretrizes de acessibilidade para conte\u00fados Web WCAG 1.0, houve v\u00e1rias tentativas de desenvolver validadores autom\u00e1ticos que tornassem a an\u00e1lise dos Sites mais eficiente e menos trabalhosa. Tal como as WCAG, os validadores t\u00eam sido atualizados e, assim, t\u00eam melhorado a sua efic\u00e1cia na dete\u00e7\u00e3o de erros j\u00e1 n\u00e3o s\u00f3 de acessibilidade, mas tamb\u00e9m de sintaxe HTML e de folhas de estilo CSS.<\/p>\n\n\n\n<p>Contudo, estes validadores autom\u00e1ticos n\u00e3o s\u00e3o suficientes para garantir que a interface de um site ou um conte\u00fado esteja totalmente acess\u00edvel. Por exemplo, no caso da descri\u00e7\u00e3o de uma imagem, os validadores n\u00e3o conseguem analisar o texto da descri\u00e7\u00e3o, podendo esse texto n\u00e3o descrever corretamente a imagem, n\u00e3o ser adequado ou at\u00e9 ser nulo. O mesmo se passa com a estrutura de cabe\u00e7alhos, podem existir mas n\u00e3o serem definidos corretamente ao longo do conte\u00fado. Como tal, esta avalia\u00e7\u00e3o dever\u00e1 sempre ser complementada de forma manual, com reais utilizadores com conhecimento profundo das WCAG e com diferentes produtos de apoio. A comAcesso garante-lhe essa avalia\u00e7\u00e3o profissional.<\/p>\n\n\n\n<p>Nas seguintes listas encontra alguns validadores e outras ferramentas de valida\u00e7\u00e3o autom\u00e1tica por ordem de prefer\u00eancia da comAcesso.<\/p>\n\n\n\n<h2 class=\"wp-block-heading\">Validadores autom\u00e1ticos<\/h2>\n\n\n\n<p><a href=\"http:\/\/accessmonitor.acessibilidade.gov.pt\/amp\/\">AccessMonitor Plus<\/a><br>Validador em portugu\u00eas e ingl\u00eas para WCAG2.0<br><a href=\"https:\/\/fae.disability.illinois.edu\/anonymous\/?Anonymous%20Report=\/\">FAE \u2013 Functional Accessibility Evaluator<\/a><br>Validador em ingl\u00eas para WCAG2.0\/Section508<br><a href=\"https:\/\/wave.webaim.org\/\">Wave &#8211; Web Accessibility Tool<\/a><br>Validador em ingl\u00eas para WCAG1.0\/2.0\/Section508<\/p>\n\n\n\n<h2 class=\"wp-block-heading\">Outras ferramentas de valida\u00e7\u00e3o<\/h2>\n\n\n\n<p><a href=\"https:\/\/www.colorzilla.com\/\">colorzilla<\/a><br>Plug in para verificar hexadecimal da cor.<\/p>\n\n\n\n<p><a href=\"http:\/\/www.colorsontheweb.com\/Color-Tools\/Color-Contrast-Analyzer\">colorcontrast<\/a><br>Site para verificar o contraste<\/p>\n\n\n\n<p><a href=\"http:\/\/www.colororacle.org\/index.html\">Color Oracle<\/a><br>Software para simular vis\u00e3o de um site na perspetiva da pessoa com daltonismo<\/p>\n","protected":false},"excerpt":{"rendered":"Desde o aparecimento das Diretrizes de acessibilidade para conte\u00fados Web WCAG 1.0, houve v\u00e1rias tentativas de desenvolver validadores autom\u00e1ticos que tornassem a an\u00e1lise dos Sites mais eficiente e menos trabalhosa. Tal como as WCAG, os validadores t\u00eam sido atualizados e, assim, t\u00eam melhorado a sua efic\u00e1cia na dete\u00e7\u00e3o de erros j\u00e1 n\u00e3o s\u00f3 de acessibilidade, [&hellip;]","protected":false},"author":539,"featured_media":0,"parent":203,"menu_order":0,"comment_status":"closed","ping_status":"closed","template":"","meta":{"footnotes":""},"class_list":["post-127","page","type-page","status-publish","hentry"],"_links":{"self":[{"href":"https:\/\/sites.ipleiria.pt\/comAcesso\/wp-json\/wp\/v2\/pages\/127","targetHints":{"allow":["GET"]}}],"collection":[{"href":"https:\/\/sites.ipleiria.pt\/comAcesso\/wp-json\/wp\/v2\/pages"}],"about":[{"href":"https:\/\/sites.ipleiria.pt\/comAcesso\/wp-json\/wp\/v2\/types\/page"}],"author":[{"embeddable":true,"href":"https:\/\/sites.ipleiria.pt\/comAcesso\/wp-json\/wp\/v2\/users\/539"}],"replies":[{"embeddable":true,"href":"https:\/\/sites.ipleiria.pt\/comAcesso\/wp-json\/wp\/v2\/comments?post=127"}],"version-history":[{"count":3,"href":"https:\/\/sites.ipleiria.pt\/comAcesso\/wp-json\/wp\/v2\/pages\/127\/revisions"}],"predecessor-version":[{"id":345,"href":"https:\/\/sites.ipleiria.pt\/comAcesso\/wp-json\/wp\/v2\/pages\/127\/revisions\/345"}],"up":[{"embeddable":true,"href":"https:\/\/sites.ipleiria.pt\/comAcesso\/wp-json\/wp\/v2\/pages\/203"}],"wp:attachment":[{"href":"https:\/\/sites.ipleiria.pt\/comAcesso\/wp-json\/wp\/v2\/media?parent=127"}],"curies":[{"name":"wp","href":"https:\/\/api.w.org\/{rel}","templated":true}]}}