{"id":136,"date":"2014-04-14T23:19:43","date_gmt":"2014-04-14T23:19:43","guid":{"rendered":"http:\/\/insia.wordpress.forinsia.com\/comacesso\/?page_id=136"},"modified":"2020-09-09T21:30:10","modified_gmt":"2020-09-09T21:30:10","slug":"produtos-de-apoio","status":"publish","type":"page","link":"https:\/\/sites.ipleiria.pt\/comAcesso\/biblioteca\/produtos-de-apoio\/","title":{"rendered":"Produtos de Apoio"},"content":{"rendered":"<p>De acordo com a <a href=\"https:\/\/www.iso.org\/standard\/38894.html\">Norma ISO 9999:2007<\/a>, entende-se por Produto de Apoio&nbsp;&#8220;Qualquer produto (incluindo dispositivos, equipamentos, instrumentos, tecnologia e software), especialmente produzido ou geralmente dispon\u00edvel, para prevenir, compensar, monitorizar, aliviar ou neutralizar as incapacidades, limita\u00e7\u00f5es das actividades e restri\u00e7\u00f5es na participa\u00e7\u00e3o&#8221;<br>O Despacho n.\u00ba 6133\/2012 apresenta a lista homologada de produtos de apoio, financiamentos e prescri\u00e7\u00e3o.<br>Consulte mais informa\u00e7\u00e3o na p\u00e1gina do <a href=\"http:\/\/www.inr.pt\/inicio\">Instituto Nacional para a Reabilita\u00e7\u00e3o (INR)<\/a>.<\/p>\n\n\n<p><\/p>\n","protected":false},"excerpt":{"rendered":"De acordo com a Norma ISO 9999:2007, entende-se por Produto de Apoio&nbsp;&#8220;Qualquer produto (incluindo dispositivos, equipamentos, instrumentos, tecnologia e software), especialmente produzido ou geralmente dispon\u00edvel, para prevenir, compensar, monitorizar, aliviar ou neutralizar as incapacidades, limita\u00e7\u00f5es das actividades e restri\u00e7\u00f5es na participa\u00e7\u00e3o&#8221;O Despacho n.\u00ba 6133\/2012 apresenta a lista homologada de produtos de apoio, financiamentos e prescri\u00e7\u00e3o.Consulte [&hellip;]","protected":false},"author":539,"featured_media":0,"parent":203,"menu_order":0,"comment_status":"closed","ping_status":"closed","template":"","meta":{"footnotes":""},"class_list":["post-136","page","type-page","status-publish","hentry"],"_links":{"self":[{"href":"https:\/\/sites.ipleiria.pt\/comAcesso\/wp-json\/wp\/v2\/pages\/136","targetHints":{"allow":["GET"]}}],"collection":[{"href":"https:\/\/sites.ipleiria.pt\/comAcesso\/wp-json\/wp\/v2\/pages"}],"about":[{"href":"https:\/\/sites.ipleiria.pt\/comAcesso\/wp-json\/wp\/v2\/types\/page"}],"author":[{"embeddable":true,"href":"https:\/\/sites.ipleiria.pt\/comAcesso\/wp-json\/wp\/v2\/users\/539"}],"replies":[{"embeddable":true,"href":"https:\/\/sites.ipleiria.pt\/comAcesso\/wp-json\/wp\/v2\/comments?post=136"}],"version-history":[{"count":3,"href":"https:\/\/sites.ipleiria.pt\/comAcesso\/wp-json\/wp\/v2\/pages\/136\/revisions"}],"predecessor-version":[{"id":387,"href":"https:\/\/sites.ipleiria.pt\/comAcesso\/wp-json\/wp\/v2\/pages\/136\/revisions\/387"}],"up":[{"embeddable":true,"href":"https:\/\/sites.ipleiria.pt\/comAcesso\/wp-json\/wp\/v2\/pages\/203"}],"wp:attachment":[{"href":"https:\/\/sites.ipleiria.pt\/comAcesso\/wp-json\/wp\/v2\/media?parent=136"}],"curies":[{"name":"wp","href":"https:\/\/api.w.org\/{rel}","templated":true}]}}