{"id":142,"date":"2015-02-19T00:01:46","date_gmt":"2015-02-19T00:01:46","guid":{"rendered":"http:\/\/insia.wordpress.forinsia.com\/comacesso\/?page_id=142"},"modified":"2020-09-15T21:27:03","modified_gmt":"2020-09-15T21:27:03","slug":"jogos","status":"publish","type":"page","link":"https:\/\/sites.ipleiria.pt\/comAcesso\/biblioteca\/jogos\/","title":{"rendered":"Jogos"},"content":{"rendered":"\n<p>Aproveite este espa\u00e7o para divertir-se com acessibilidade. Por agora tem dispon\u00edvel apenas um jogo, mas em breve ter\u00e1 mais escolha. Divirta-se!<\/p>\n\n\n\n<p><a href=\"https:\/\/sites.ipleiria.pt\/comAcesso\/biblioteca\/jogos\/adivinhar-numeros-1-a-10\/\">Adivinhar n\u00fameros 1 a 10<\/a><\/p>\n\n\n\n<p><a href=\"https:\/\/sites.ipleiria.pt\/comAcesso\/biblioteca\/jogos\/adivinhar-numeros-rotativo-1-a-10\/\">Adivinhar n\u00fameros rotativo 1 a 10<\/a><\/p>\n","protected":false},"excerpt":{"rendered":"Aproveite este espa\u00e7o para divertir-se com acessibilidade. Por agora tem dispon\u00edvel apenas um jogo, mas em breve ter\u00e1 mais escolha. Divirta-se! Adivinhar n\u00fameros 1 a 10 Adivinhar n\u00fameros rotativo 1 a 10","protected":false},"author":539,"featured_media":0,"parent":203,"menu_order":0,"comment_status":"closed","ping_status":"closed","template":"","meta":{"footnotes":""},"class_list":["post-142","page","type-page","status-publish","hentry"],"_links":{"self":[{"href":"https:\/\/sites.ipleiria.pt\/comAcesso\/wp-json\/wp\/v2\/pages\/142","targetHints":{"allow":["GET"]}}],"collection":[{"href":"https:\/\/sites.ipleiria.pt\/comAcesso\/wp-json\/wp\/v2\/pages"}],"about":[{"href":"https:\/\/sites.ipleiria.pt\/comAcesso\/wp-json\/wp\/v2\/types\/page"}],"author":[{"embeddable":true,"href":"https:\/\/sites.ipleiria.pt\/comAcesso\/wp-json\/wp\/v2\/users\/539"}],"replies":[{"embeddable":true,"href":"https:\/\/sites.ipleiria.pt\/comAcesso\/wp-json\/wp\/v2\/comments?post=142"}],"version-history":[{"count":4,"href":"https:\/\/sites.ipleiria.pt\/comAcesso\/wp-json\/wp\/v2\/pages\/142\/revisions"}],"predecessor-version":[{"id":442,"href":"https:\/\/sites.ipleiria.pt\/comAcesso\/wp-json\/wp\/v2\/pages\/142\/revisions\/442"}],"up":[{"embeddable":true,"href":"https:\/\/sites.ipleiria.pt\/comAcesso\/wp-json\/wp\/v2\/pages\/203"}],"wp:attachment":[{"href":"https:\/\/sites.ipleiria.pt\/comAcesso\/wp-json\/wp\/v2\/media?parent=142"}],"curies":[{"name":"wp","href":"https:\/\/api.w.org\/{rel}","templated":true}]}}