{"id":152,"date":"2016-10-23T00:21:11","date_gmt":"2016-10-23T00:21:11","guid":{"rendered":"http:\/\/insia.wordpress.forinsia.com\/comacesso\/?page_id=152"},"modified":"2020-09-16T11:18:31","modified_gmt":"2020-09-16T11:18:31","slug":"wai-aria","status":"publish","type":"page","link":"https:\/\/sites.ipleiria.pt\/comAcesso\/biblioteca\/testes\/wai-aria\/","title":{"rendered":"WAI-aria"},"content":{"rendered":"\n<p>Nesta p\u00e1gina s\u00e3o mostradas algumas implementa\u00e7\u00f5es do atributo aria-hidden.<\/p>\n\n\n\n<h2 class=\"wp-block-heading\">Texto oculto<\/h2>\n\n\n\n<p>O par\u00e1grafo seguinte est\u00e1 oculto para os leitores de ecr\u00e3.<\/p>\n\n\n\n<p>Este texto est\u00e1 oculto para os leitores de ecr\u00e3, mas \u00e9 vis\u00edvel na linha Braille.<\/p>\n\n\n\n<h2 class=\"wp-block-heading\">Links ocultos<\/h2>\n\n\n\n<p>O segundo Link da seguinte lista est\u00e1 oculto para os leitores de ecr\u00e3, mas \u00e9 focado ao navegar com o Tab, embora com diferentes comportamentos dependendo do leitor de ecr\u00e3 e do navegador, como tamb\u00e9m com a linha Braille.<\/p>\n\n\n\n<ul class=\"wp-block-list\"><li><a href=\"http:\/\/www.facebook.com\/comacesso.pt\/\">P\u00e1gina do facebook da comAcesso.<\/a><\/li><li><a href=\"http:\/\/www.comacesso.pt\/jogos\/\">Jogos da comAcesso<\/a><\/li><li><a href=\"http:\/\/www.comacesso.pt\/testemunhos\/\">Testemunhos da comAcesso.pt<\/a><\/li><\/ul>\n\n\n\n<h2 class=\"wp-block-heading\">Bloco div oculto<\/h2>\n\n\n\n<p>Este bloco de texto est\u00e1 oculto para os leitores de ecr\u00e3, mas os Links da lista seguinte s\u00e3o lidos ao navegar com o Tab.<\/p>\n\n\n\n<ul class=\"wp-block-list\"><li><a href=\"http:\/\/www.comacesso.pt\/\">Maria<\/a><\/li><li><a href=\"http:\/\/www.comacesso.pt\/\">Manuela<\/a><\/li><li><a href=\"http:\/\/www.comacesso.pt\/\">Joana<\/a><\/li><\/ul>\n\n\n\n<p><\/p>\n","protected":false},"excerpt":{"rendered":"Nesta p\u00e1gina s\u00e3o mostradas algumas implementa\u00e7\u00f5es do atributo aria-hidden. Texto oculto O par\u00e1grafo seguinte est\u00e1 oculto para os leitores de ecr\u00e3. Este texto est\u00e1 oculto para os leitores de ecr\u00e3, mas \u00e9 vis\u00edvel na linha Braille. Links ocultos O segundo Link da seguinte lista est\u00e1 oculto para os leitores de ecr\u00e3, mas \u00e9 focado ao [&hellip;]","protected":false},"author":539,"featured_media":0,"parent":140,"menu_order":0,"comment_status":"closed","ping_status":"closed","template":"","meta":{"footnotes":""},"class_list":["post-152","page","type-page","status-publish","hentry"],"_links":{"self":[{"href":"https:\/\/sites.ipleiria.pt\/comAcesso\/wp-json\/wp\/v2\/pages\/152","targetHints":{"allow":["GET"]}}],"collection":[{"href":"https:\/\/sites.ipleiria.pt\/comAcesso\/wp-json\/wp\/v2\/pages"}],"about":[{"href":"https:\/\/sites.ipleiria.pt\/comAcesso\/wp-json\/wp\/v2\/types\/page"}],"author":[{"embeddable":true,"href":"https:\/\/sites.ipleiria.pt\/comAcesso\/wp-json\/wp\/v2\/users\/539"}],"replies":[{"embeddable":true,"href":"https:\/\/sites.ipleiria.pt\/comAcesso\/wp-json\/wp\/v2\/comments?post=152"}],"version-history":[{"count":1,"href":"https:\/\/sites.ipleiria.pt\/comAcesso\/wp-json\/wp\/v2\/pages\/152\/revisions"}],"predecessor-version":[{"id":325,"href":"https:\/\/sites.ipleiria.pt\/comAcesso\/wp-json\/wp\/v2\/pages\/152\/revisions\/325"}],"up":[{"embeddable":true,"href":"https:\/\/sites.ipleiria.pt\/comAcesso\/wp-json\/wp\/v2\/pages\/140"}],"wp:attachment":[{"href":"https:\/\/sites.ipleiria.pt\/comAcesso\/wp-json\/wp\/v2\/media?parent=152"}],"curies":[{"name":"wp","href":"https:\/\/api.w.org\/{rel}","templated":true}]}}