{"id":156,"date":"2015-12-07T00:27:48","date_gmt":"2015-12-07T00:27:48","guid":{"rendered":"http:\/\/insia.wordpress.forinsia.com\/comacesso\/?page_id=156"},"modified":"2020-09-16T11:14:01","modified_gmt":"2020-09-16T11:14:01","slug":"pontuacao-e-leitores-de-ecra","status":"publish","type":"page","link":"https:\/\/sites.ipleiria.pt\/comAcesso\/biblioteca\/testes\/pontuacao-e-leitores-de-ecra\/","title":{"rendered":"Pontua\u00e7\u00e3o e leitores de ecr\u00e3"},"content":{"rendered":"\n<p>Os dispositivos m\u00f3veis vieram revolucionar o m\u00e9todo de navega\u00e7\u00e3o. Para quem utiliza leitores de ecr\u00e3 &#8211; e Tecnologias de Apoio &#8211; a navega\u00e7\u00e3o por gestos n\u00e3o \u00e9 t\u00e3o simples e funcional como a navega\u00e7\u00e3o no PC. Jaws, NVDA, Talkback e Shine Plus foram utilizados para comparar algumas diferen\u00e7as de comportamento de navega\u00e7\u00e3o e de leitura entre dispositivos e com diferentes navegadores Web.<\/p>\n\n\n\n<h2 class=\"wp-block-heading\">Frases com pontua\u00e7\u00e3o elementar<\/h2>\n\n\n\n<p>Temos novo governo.<\/p>\n\n\n\n<p>J\u00e1 n\u00e3o h\u00e1 Sites inacess\u00edveis!<\/p>\n\n\n\n<p>O galo p\u00f4s um ovo?<\/p>\n\n\n\n<p>Certamente chegamos a Marte&#8230;<\/p>\n\n\n\n<p>Que tal fazer um\u2026<\/p>\n\n\n\n<p>Ingredientes: farinha, a\u00e7\u00facar, \u00f3leo, ovos.<\/p>\n\n\n\n<p>Ingredientes: farinha; a\u00e7\u00facar; \u00f3leo; ovos.<\/p>\n\n\n\n<h2 class=\"wp-block-heading\">Frases com erros de pontua\u00e7\u00e3o<\/h2>\n\n\n\n<p>Temos novo governo..<\/p>\n\n\n\n<p>J\u00e1 n\u00e3o h\u00e1 Sites inacess\u00edveis?!<\/p>\n\n\n\n<p>O galo p\u00f4s um ovo ?<\/p>\n\n\n\n<p>Certamente chegamos a Marte&#8230;.<\/p>\n\n\n\n<p>Que tal fazer um\u2026.<\/p>\n\n\n\n<h2 class=\"wp-block-heading\">Express\u00f5es b\u00e1sicas de matem\u00e1tica<\/h2>\n\n\n\n<h3 class=\"wp-block-heading\">Adi\u00e7\u00e3o<\/h3>\n\n\n\n<p>1+1=2<\/p>\n\n\n\n<p>1 + 1 = 2<\/p>\n\n\n\n<p>1 +1 =2<\/p>\n\n\n\n<p>1+ 1= 2<\/p>\n\n\n\n<h3 class=\"wp-block-heading\">Subtra\u00e7\u00e3o<\/h3>\n\n\n\n<p>3-1=2<\/p>\n\n\n\n<p>3 &#8211; 1 = 2<\/p>\n\n\n\n<p>3 -1 =2<\/p>\n\n\n\n<p>3- 1= 2<\/p>\n\n\n\n<h3 class=\"wp-block-heading\">Multiplica\u00e7\u00e3o<\/h3>\n\n\n\n<p>2*1=2<\/p>\n\n\n\n<p>2 * 1 = 2<\/p>\n\n\n\n<p>2 *1 =2<\/p>\n\n\n\n<p>2* 1= 2<\/p>\n\n\n\n<h3 class=\"wp-block-heading\">Divis\u00e3o<\/h3>\n\n\n\n<p>2\/1=2<\/p>\n\n\n\n<p>2 \/ 1 = 2<\/p>\n\n\n\n<p>2 \/1 =2<\/p>\n\n\n\n<p>2\/ 1= 2<\/p>\n\n\n\n<h2 class=\"wp-block-heading\">Texto incluindo Links<\/h2>\n\n\n\n<p>Alguns Links integram este par\u00e1grafo para exemplificar a interpreta\u00e7\u00e3o da pontua\u00e7\u00e3o pelos leitores de ecr\u00e3 implementada de diferentes formas. O <a href=\"www.lerparaver.com\">Ler Para Ver,<\/a> <a href=\"www.museudabatalha.pt\">Museu da Batalha<\/a>, <a href=\"www.iact.ipleiria.pt\">IAct<\/a> , Centro de Investiga\u00e7\u00e3o Acessibilidade em A\u00e7\u00e3o, o <a href=\"www.accessmonitor.gov.pt\">AccessMonitor<\/a> e o <a href=\"www.coloradd.org\">colorAdd<\/a>, s\u00e3o sites recomendados da <a href=\"www.comacesso.pt\">comAcesso<\/a>.<\/p>\n\n\n\n<h2 class=\"wp-block-heading\">Listas horizontais com carateres imprim\u00edveis de separa\u00e7\u00e3o<\/h2>\n\n\n\n<ul class=\"wp-block-list\"><li><a href=\"www.facebook.com\/comacesso.pt\">Facebook da comAcesso<\/a><\/li><\/ul>\n\n\n\n<p>\/<\/p>\n\n\n\n<ul class=\"wp-block-list\"><li><a href=\"www.youtube.com\">Youtube da comAcesso<\/a><\/li><\/ul>\n\n\n\n<p>\/<\/p>\n\n\n\n<ul class=\"wp-block-list\"><li><a href=\"www.twitter.com\">Twitter da comAcesso<\/a><\/li><\/ul>\n\n\n\n<ul class=\"wp-block-list\"><li><a href=\"www.facebook.com\/comacesso.pt\">Facebook da comAcesso<\/a><\/li><\/ul>\n\n\n\n<p>|<\/p>\n\n\n\n<ul class=\"wp-block-list\"><li><a href=\"www.youtube.com\">Youtube da comAcesso<\/a><\/li><\/ul>\n\n\n\n<p>|<\/p>\n\n\n\n<ul class=\"wp-block-list\"><li><a href=\"www.twitter.com\">Twitter da comAcesso<\/a><\/li><\/ul>\n\n\n\n<ul class=\"wp-block-list\"><li><a href=\"www.facebook.com\/comacesso.pt\">Facebook da comAcesso<\/a><\/li><\/ul>\n\n\n\n<p>|<\/p>\n\n\n\n<ul class=\"wp-block-list\"><li><a href=\"www.youtube.com\">Youtube da comAcesso<\/a><\/li><\/ul>\n\n\n\n<p>|<\/p>\n\n\n\n<ul class=\"wp-block-list\"><li><a href=\"www.twitter.com\">Twitter da comAcesso<\/a><\/li><\/ul>\n\n\n\n<h2 class=\"wp-block-heading\">Outros erros<\/h2>\n\n\n\n<p>O Jo\u00e3o, a Maria e o Ant\u00f3nio.<\/p>\n\n\n\n<p>O Jo\u00e3o, A Maria e o Ant\u00f3nio.<\/p>\n\n\n\n<p>A lnternet \u00e9 um mundo.<\/p>\n\n\n\n<p>A janelado navegador.<\/p>\n\n\n\n<p>O SHIFT + ENTER abre o Link noutra janela.<\/p>\n\n\n\n<h3 class=\"wp-block-heading\">Listas com title<\/h3>\n\n\n\n<ul class=\"wp-block-list\"><li>ABC<\/li><\/ul>\n\n\n\n<p>|<\/p>\n\n\n\n<ul class=\"wp-block-list\"><li>DEF<\/li><\/ul>\n\n\n\n<p>|<\/p>\n\n\n\n<ul class=\"wp-block-list\"><li>ghi<\/li><\/ul>\n\n\n\n<ul class=\"wp-block-list\"><li><a href=\"www.facebook.com\/comacesso.pt\">Facebook<\/a><\/li><\/ul>\n\n\n\n<p>|<\/p>\n\n\n\n<ul class=\"wp-block-list\"><li><a href=\"www.youtube.com\">Youtube<\/a><\/li><\/ul>\n\n\n\n<p>|<\/p>\n\n\n\n<ul class=\"wp-block-list\"><li><a href=\"www.twitter.com\">Twitter<\/a><\/li><\/ul>\n\n\n\n<ul class=\"wp-block-list\"><li><a href=\"www.facebook.com\/comacesso.pt\">Facebook da comAcesso<\/a><\/li><\/ul>\n\n\n\n<p>\/<\/p>\n\n\n\n<ul class=\"wp-block-list\"><li><a href=\"www.youtube.com\">Youtube da comAcesso<\/a><\/li><\/ul>\n\n\n\n<p>\/<\/p>\n\n\n\n<ul class=\"wp-block-list\"><li><a href=\"www.twitter.com\">Twitter da comAcesso<\/a><\/li><\/ul>\n\n\n\n<p><\/p>\n","protected":false},"excerpt":{"rendered":"Os dispositivos m\u00f3veis vieram revolucionar o m\u00e9todo de navega\u00e7\u00e3o. Para quem utiliza leitores de ecr\u00e3 &#8211; e Tecnologias de Apoio &#8211; a navega\u00e7\u00e3o por gestos n\u00e3o \u00e9 t\u00e3o simples e funcional como a navega\u00e7\u00e3o no PC. Jaws, NVDA, Talkback e Shine Plus foram utilizados para comparar algumas diferen\u00e7as de comportamento de navega\u00e7\u00e3o e de leitura [&hellip;]","protected":false},"author":539,"featured_media":0,"parent":140,"menu_order":0,"comment_status":"closed","ping_status":"closed","template":"","meta":{"footnotes":""},"class_list":["post-156","page","type-page","status-publish","hentry"],"_links":{"self":[{"href":"https:\/\/sites.ipleiria.pt\/comAcesso\/wp-json\/wp\/v2\/pages\/156","targetHints":{"allow":["GET"]}}],"collection":[{"href":"https:\/\/sites.ipleiria.pt\/comAcesso\/wp-json\/wp\/v2\/pages"}],"about":[{"href":"https:\/\/sites.ipleiria.pt\/comAcesso\/wp-json\/wp\/v2\/types\/page"}],"author":[{"embeddable":true,"href":"https:\/\/sites.ipleiria.pt\/comAcesso\/wp-json\/wp\/v2\/users\/539"}],"replies":[{"embeddable":true,"href":"https:\/\/sites.ipleiria.pt\/comAcesso\/wp-json\/wp\/v2\/comments?post=156"}],"version-history":[{"count":3,"href":"https:\/\/sites.ipleiria.pt\/comAcesso\/wp-json\/wp\/v2\/pages\/156\/revisions"}],"predecessor-version":[{"id":360,"href":"https:\/\/sites.ipleiria.pt\/comAcesso\/wp-json\/wp\/v2\/pages\/156\/revisions\/360"}],"up":[{"embeddable":true,"href":"https:\/\/sites.ipleiria.pt\/comAcesso\/wp-json\/wp\/v2\/pages\/140"}],"wp:attachment":[{"href":"https:\/\/sites.ipleiria.pt\/comAcesso\/wp-json\/wp\/v2\/media?parent=156"}],"curies":[{"name":"wp","href":"https:\/\/api.w.org\/{rel}","templated":true}]}}