{"id":222,"date":"2020-07-19T21:40:08","date_gmt":"2020-07-19T21:40:08","guid":{"rendered":"https:\/\/sites.ipleiria.pt\/comAcesso\/?page_id=222"},"modified":"2020-07-19T21:43:10","modified_gmt":"2020-07-19T21:43:10","slug":"mapa-do-site","status":"publish","type":"page","link":"https:\/\/sites.ipleiria.pt\/comAcesso\/mapa-do-site\/","title":{"rendered":"Mapa do site"},"content":{"rendered":"<div id=\"sitemap\"><h1 id=\"sitemap-title\" class=\"sr-only\">Mapa do site<\/h1><ul aria-labelledby=\"sitemap-title\"><li><h2>Menu principal<\/h2><div id=\"sitemap-menu\" class=\"sitemap-container\"><ul id=\"menu-menu-principal\" class=\" sitemap\"><li id=\"menu-item-279\" class=\"menu-item menu-item-type-post_type menu-item-object-page menu-item-279\"><a href=\"https:\/\/sites.ipleiria.pt\/comAcesso\/sobre-a-comacesso\/\">Sobre<\/a><\/li>\n<li id=\"menu-item-114\" class=\"menu-item menu-item-type-post_type menu-item-object-page menu-item-114\"><a href=\"https:\/\/sites.ipleiria.pt\/comAcesso\/servicos\/\">Servi\u00e7os<\/a><\/li>\n<li id=\"menu-item-189\" class=\"menu-item menu-item-type-post_type menu-item-object-page menu-item-189\"><a href=\"https:\/\/sites.ipleiria.pt\/comAcesso\/contactos\/\">Contactos<\/a><\/li>\n<li id=\"menu-item-113\" class=\"menu-item menu-item-type-post_type menu-item-object-page menu-item-113\"><a href=\"https:\/\/sites.ipleiria.pt\/comAcesso\/portfolio\/\">Portf\u00f3lio<\/a><\/li>\n<li id=\"menu-item-112\" class=\"menu-item menu-item-type-post_type menu-item-object-page menu-item-112\"><a href=\"https:\/\/sites.ipleiria.pt\/comAcesso\/parceiros\/\">Parceiros<\/a><\/li>\n<\/ul><\/div><\/li><li><h2>Outras liga\u00e7\u00f5es<\/h2><div id=\"sitemap-menu-other-links\" class=\"sitemap-container\"><ul id=\"menu-other-links\" class=\" sitemap\"><li id=\"menu-item-223\" class=\"menu-item menu-item-type-post_type menu-item-object-page menu-item-has-children menu-item-223\"><a href=\"https:\/\/sites.ipleiria.pt\/comAcesso\/conhecer\/\">Conhecer<\/a>\n<ul class=\"sub-menu\">\n\t<li id=\"menu-item-224\" class=\"menu-item menu-item-type-post_type menu-item-object-page menu-item-224\"><a href=\"https:\/\/sites.ipleiria.pt\/comAcesso\/conhecer\/diretrizes-acessibilidade\/\">Diretrizes de acessibilidade para o conte\u00fado Web<\/a><\/li>\n\t<li id=\"menu-item-225\" class=\"menu-item menu-item-type-post_type menu-item-object-page menu-item-225\"><a href=\"https:\/\/sites.ipleiria.pt\/comAcesso\/conhecer\/e-tao-facil\/\">\u00c9 t\u00e3o f\u00e1cil?<\/a><\/li>\n\t<li id=\"menu-item-226\" class=\"menu-item menu-item-type-post_type menu-item-object-page menu-item-226\"><a href=\"https:\/\/sites.ipleiria.pt\/comAcesso\/conhecer\/porque-e-vantagens\/\">Porqu\u00ea e vantagens<\/a><\/li>\n\t<li id=\"menu-item-227\" class=\"menu-item menu-item-type-post_type menu-item-object-page menu-item-227\"><a href=\"https:\/\/sites.ipleiria.pt\/comAcesso\/conhecer\/o-que-e\/\">Acessibilidade Web e digital: o que \u00e9<\/a><\/li>\n<\/ul>\n<\/li>\n<li id=\"menu-item-228\" class=\"menu-item menu-item-type-post_type menu-item-object-page menu-item-has-children menu-item-228\"><a href=\"https:\/\/sites.ipleiria.pt\/comAcesso\/biblioteca\/\">Biblioteca<\/a>\n<ul class=\"sub-menu\">\n\t<li id=\"menu-item-233\" class=\"menu-item menu-item-type-post_type menu-item-object-page menu-item-233\"><a href=\"https:\/\/sites.ipleiria.pt\/comAcesso\/biblioteca\/ferramentas-de-validacao-automatica\/\">Ferramentas de valida\u00e7\u00e3o autom\u00e1tica<\/a><\/li>\n\t<li id=\"menu-item-232\" class=\"menu-item menu-item-type-post_type menu-item-object-page menu-item-232\"><a href=\"https:\/\/sites.ipleiria.pt\/comAcesso\/biblioteca\/produtos-de-apoio\/\">Produtos de Apoio<\/a><\/li>\n\t<li id=\"menu-item-231\" class=\"menu-item menu-item-type-post_type menu-item-object-page menu-item-231\"><a href=\"https:\/\/sites.ipleiria.pt\/comAcesso\/biblioteca\/legislacao\/\">Legisla\u00e7\u00e3o<\/a><\/li>\n\t<li id=\"menu-item-230\" class=\"menu-item menu-item-type-post_type menu-item-object-page menu-item-230\"><a href=\"https:\/\/sites.ipleiria.pt\/comAcesso\/biblioteca\/testes\/\">Testes com TA<\/a><\/li>\n\t<li id=\"menu-item-229\" class=\"menu-item menu-item-type-post_type menu-item-object-page menu-item-229\"><a href=\"https:\/\/sites.ipleiria.pt\/comAcesso\/biblioteca\/jogos\/\">Jogos<\/a><\/li>\n<\/ul>\n<\/li>\n<\/ul><\/div><\/li><\/ul><\/div>","protected":false},"excerpt":{"rendered":"","protected":false},"author":5,"featured_media":0,"parent":0,"menu_order":0,"comment_status":"closed","ping_status":"closed","template":"","meta":{"footnotes":""},"class_list":["post-222","page","type-page","status-publish","hentry"],"_links":{"self":[{"href":"https:\/\/sites.ipleiria.pt\/comAcesso\/wp-json\/wp\/v2\/pages\/222","targetHints":{"allow":["GET"]}}],"collection":[{"href":"https:\/\/sites.ipleiria.pt\/comAcesso\/wp-json\/wp\/v2\/pages"}],"about":[{"href":"https:\/\/sites.ipleiria.pt\/comAcesso\/wp-json\/wp\/v2\/types\/page"}],"author":[{"embeddable":true,"href":"https:\/\/sites.ipleiria.pt\/comAcesso\/wp-json\/wp\/v2\/users\/5"}],"replies":[{"embeddable":true,"href":"https:\/\/sites.ipleiria.pt\/comAcesso\/wp-json\/wp\/v2\/comments?post=222"}],"version-history":[{"count":2,"href":"https:\/\/sites.ipleiria.pt\/comAcesso\/wp-json\/wp\/v2\/pages\/222\/revisions"}],"predecessor-version":[{"id":236,"href":"https:\/\/sites.ipleiria.pt\/comAcesso\/wp-json\/wp\/v2\/pages\/222\/revisions\/236"}],"wp:attachment":[{"href":"https:\/\/sites.ipleiria.pt\/comAcesso\/wp-json\/wp\/v2\/media?parent=222"}],"curies":[{"name":"wp","href":"https:\/\/api.w.org\/{rel}","templated":true}]}}