{"id":309,"date":"2017-11-01T00:33:19","date_gmt":"2017-11-01T00:33:19","guid":{"rendered":"https:\/\/sites.ipleiria.pt\/comAcesso\/?page_id=309"},"modified":"2020-09-08T22:00:13","modified_gmt":"2020-09-08T22:00:13","slug":"declaracao-de-conformidade-de-acessibilidade-teatro-maria-matos","status":"publish","type":"page","link":"https:\/\/sites.ipleiria.pt\/comAcesso\/declaracao-de-conformidade-de-acessibilidade-teatro-maria-matos\/","title":{"rendered":"Declara\u00e7\u00e3o de conformidade de acessibilidade teatro Maria Matos"},"content":{"rendered":"\n<p><strong>Nota<\/strong>: A declara\u00e7\u00e3o aqui apresentada refere-se ao antigo Site do Teatro Maria Matos e n\u00e3o ao atual.<\/p>\n\n\n\n<p>O Site do Teatro Maria Matos supera o n\u00edvel de conformidade de acessibilidade AA, cumpre com a maioria dos crit\u00e9rios de sucesso de triplo A e oferece uma navega\u00e7\u00e3o amig\u00e1vel e robusta.<\/p>\n\n\n\n<h2 class=\"wp-block-heading\">Contextualiza\u00e7\u00e3o do processo de valida\u00e7\u00e3o<\/h2>\n\n\n\n<p>O processo de valida\u00e7\u00e3o autom\u00e1tica e manual de acessibilidade ao <a href=\"https:\/\/teatromariamatos.pt\/\">Site do teatro Maria Matos<\/a> teve como base de trabalho as Diretrizes de Acessibilidade para Conte\u00fado Web (WCAG) 2.0 do W3C que podem ser encontradas em: https:\/\/www.w3.org\/Translations\/WCAG20-pt-PT\/<\/p>\n\n\n\n<p>Todas as p\u00e1ginas do Site a que se refere a presente declara\u00e7\u00e3o foram validadas automaticamente com recurso aos validadores AccessMonitor e do W3C superando todos os testes do n\u00edvel de conformidade AAA. No entanto, e uma vez que os validadores autom\u00e1ticos n\u00e3o t\u00eam capacidade de validar todos os crit\u00e9rios de sucesso das WCAG, foi efetuada uma peritagem de acessibilidade manual pela comAcesso \u2013 Acessibilidade Web e Digital \u2122 para que a acessibilidade da interface do Site e dos seus conte\u00fados fosse garantida.<br><\/p>\n\n\n\n<p>A peritagem manual de acessibilidade teve em considera\u00e7\u00e3o os diferentes perfis de utilizador, pelo que, foram realizados testes de navega\u00e7\u00e3o s\u00f3 por teclado, foram utilizados diferentes navegadores Web, v\u00e1rios dispositivos, incluindo PC e Smartphones e diversos produtos de apoio. Foram ainda despistadas carater\u00edsticas que pudessem colocar em causa o acesso aos conte\u00fados por parte de utilizadores com dislexia, daltonismo, dificuldade de leitura, surdez e baixa audi\u00e7\u00e3o e dos utilizadores em geral.<br><\/p>\n\n\n\n<p>Embora este processo tenha j\u00e1 permitido alcan\u00e7ar um n\u00edvel de conformidade elevado, a entidade respons\u00e1vel pelo Site continua a desenvolver esfor\u00e7os para implementar melhorias que garantam a acessibilidade a mais grupos de utilizadores<\/p>\n\n\n\n<h2 class=\"wp-block-heading\">N\u00edvel real de conformidade WCAG 2.0<\/h2>\n\n\n\n<p>\u00c0 data de 31 de outubro de 2017 todas as p\u00e1ginas do Site do teatro Maria Matos, \u00e0 exce\u00e7\u00e3o das subp\u00e1ginas acedidas a partir da p\u00e1gina de Explora\u00e7\u00e3o de materiais, http:\/\/www.teatromariamatos.pt\/explorar\/ cumpriam com o n\u00edvel de conformidade AA. Cumpriam ainda com v\u00e1rios crit\u00e9rios de sucesso do n\u00edvel de conformidade AAA. Por\u00e9m, as referidas subp\u00e1ginas cumpririam com o mesmo n\u00edvel de conformidade se fossem cumpridos os crit\u00e9rios relacionados com conte\u00fado multim\u00e9dia. De salientar, contudo, que alguns conte\u00fados multim\u00e9dia produzidos pelo teatro oferecem legendas e que alguns conte\u00fados em incumprimento s\u00e3o de fontes externas ao teatro.<\/p>\n\n\n\n<h2 class=\"wp-block-heading\">Crit\u00e9rios de sucesso n\u00e3o conformes e crit\u00e9rios superados<\/h2>\n\n\n\n<p>O Site do teatro Maria Matos n\u00e3o est\u00e1 conforme com o n\u00edvel AAA essencialmente por n\u00e3o oferecer audiodescri\u00e7\u00e3o e L\u00edngua gestual portuguesa. Todas as p\u00e1ginas do Site cumprem com os seguintes crit\u00e9rios de sucesso de n\u00edvel AAA:<br>1.4.8 Apresenta\u00e7\u00e3o Visual;<br>2.1.3 Teclado (Sem Exce\u00e7\u00e3o);<br>2.3.2 Tr\u00eas Flashes;<br>2.4.9 Finalidade da Hiperliga\u00e7\u00e3o (Apenas a Hiperliga\u00e7\u00e3o);<br>2.4.10 Cabe\u00e7alhos da Sec\u00e7\u00e3o;<br>3.2.5 Altera\u00e7\u00e3o a Pedido.<br>Foram ainda realizados esfor\u00e7os para cumprir ou disponibilizar alternativas para os seguintes crit\u00e9rios de sucesso:<br>1.4.6 Contraste (Melhorado);<br>3.1.4 Abreviaturas;<br>3.3.5 Ajuda;<br>3.3.6 Preven\u00e7\u00e3o de Erros (de qualquer tipo).<\/p>\n\n\n\n<h2 class=\"wp-block-heading\">Tecnologia utilizada na An\u00e1lise<\/h2>\n\n\n\n<p>Leitores de ecr\u00e3: Jaws R.18.0; NVDA 2017.3;<br>Navegadores: IE 11, Mozilla Firefox 56.0.1, Google Chrome 61.0.3;<br>Smartphones: sistema Android 7.0 e Ios 10.2;<br>Linha Braille: Braille Sense U2 mini;<br>Validadores de Acessibilidade: AccessMonitor e validador do W3C.<\/p>\n\n\n\n<h2 class=\"wp-block-heading\">Considera\u00e7\u00f5es finais<\/h2>\n\n\n\n<p>Embora n\u00e3o fossem cumpridos alguns crit\u00e9rios de sucesso de conformidade AAA aquando da publica\u00e7\u00e3o desta declara\u00e7\u00e3o, a peritagem manual de acessibilidade da comAcesso \u2122 permitiu garantir que o Site do teatro Maria Matos oferecesse uma navega\u00e7\u00e3o robusta em diferentes dispositivos. O teatro Maria Matos, a v-a Studio e a comAcesso \u2122 continuam a implementar solu\u00e7\u00f5es para aumentar o n\u00edvel de conformidade de acessibilidade do Site.<br>Sempre que se justifique esta declara\u00e7\u00e3o ser\u00e1 atualizada.<\/p>\n\n\n\n<h2 class=\"wp-block-heading\">Direitos reservados<\/h2>\n\n\n\n<p>O conte\u00fado desta declara\u00e7\u00e3o \u00e9 propriedade da comAcesso \u2122, os dados apresentados referem-se exclusivamente ao Site supracitado, n\u00e3o podendo ser copiado ou utilizado de forma alguma noutro dom\u00ednio que n\u00e3o o da comAcesso \u2122.<\/p>\n\n\n\n<p>31-10-2017<\/p>\n\n\n\n<p>Norberto Sousa<\/p>\n","protected":false},"excerpt":{"rendered":"Nota: A declara\u00e7\u00e3o aqui apresentada refere-se ao antigo Site do Teatro Maria Matos e n\u00e3o ao atual. O Site do Teatro Maria Matos supera o n\u00edvel de conformidade de acessibilidade AA, cumpre com a maioria dos crit\u00e9rios de sucesso de triplo A e oferece uma navega\u00e7\u00e3o amig\u00e1vel e robusta. Contextualiza\u00e7\u00e3o do processo de valida\u00e7\u00e3o O [&hellip;]","protected":false},"author":539,"featured_media":0,"parent":0,"menu_order":0,"comment_status":"closed","ping_status":"closed","template":"","meta":{"footnotes":""},"class_list":["post-309","page","type-page","status-publish","hentry"],"_links":{"self":[{"href":"https:\/\/sites.ipleiria.pt\/comAcesso\/wp-json\/wp\/v2\/pages\/309","targetHints":{"allow":["GET"]}}],"collection":[{"href":"https:\/\/sites.ipleiria.pt\/comAcesso\/wp-json\/wp\/v2\/pages"}],"about":[{"href":"https:\/\/sites.ipleiria.pt\/comAcesso\/wp-json\/wp\/v2\/types\/page"}],"author":[{"embeddable":true,"href":"https:\/\/sites.ipleiria.pt\/comAcesso\/wp-json\/wp\/v2\/users\/539"}],"replies":[{"embeddable":true,"href":"https:\/\/sites.ipleiria.pt\/comAcesso\/wp-json\/wp\/v2\/comments?post=309"}],"version-history":[{"count":1,"href":"https:\/\/sites.ipleiria.pt\/comAcesso\/wp-json\/wp\/v2\/pages\/309\/revisions"}],"predecessor-version":[{"id":310,"href":"https:\/\/sites.ipleiria.pt\/comAcesso\/wp-json\/wp\/v2\/pages\/309\/revisions\/310"}],"wp:attachment":[{"href":"https:\/\/sites.ipleiria.pt\/comAcesso\/wp-json\/wp\/v2\/media?parent=309"}],"curies":[{"name":"wp","href":"https:\/\/api.w.org\/{rel}","templated":true}]}}