{"id":31,"date":"2017-11-29T14:33:24","date_gmt":"2017-11-29T14:33:24","guid":{"rendered":"http:\/\/insia.wordpress.forinsia.com\/comacesso\/?page_id=2"},"modified":"2020-08-14T22:02:51","modified_gmt":"2020-08-14T22:02:51","slug":"pagina-exemplo","status":"publish","type":"page","link":"https:\/\/sites.ipleiria.pt\/comAcesso\/","title":{"rendered":"D\u00ea acesso, ganhe oportunidades!"},"content":{"rendered":"\n<p>O seu Site n\u00e3o aparece nos primeiros resultados dos motores de pesquisa?<\/p>\n\n\n\n<p>A informa\u00e7\u00e3o que disponibiliza n\u00e3o chega a alguns grupos de clientes?<br><\/p>\n\n\n\n<p>Quer aumentar a visibilidade, a acessibilidade e a usabilidade do seu Site ou produto digital?<br><\/p>\n\n\n\n<p>Contacte-nos, escolha o servi\u00e7o mais adequado, otimize o seu Site ou produto digital e abra as portas ao sucesso!<\/p>\n\n\n\n<p><a href=\"https:\/\/sites.ipleiria.pt\/comAcesso\/servicos\/\">Conhe\u00e7a os nossos servi\u00e7os&#8230;<\/a><\/p>\n\n\n\n<h2 class=\"wp-block-heading\">Novidades comAcesso <\/h2>\n\n\n\n<p><\/p>\n","protected":false},"excerpt":{"rendered":"O seu Site n\u00e3o aparece nos primeiros resultados dos motores de pesquisa? A informa\u00e7\u00e3o que disponibiliza n\u00e3o chega a alguns grupos de clientes? Quer aumentar a visibilidade, a acessibilidade e a usabilidade do seu Site ou produto digital? Contacte-nos, escolha o servi\u00e7o mais adequado, otimize o seu Site ou produto digital e abra as portas [&hellip;]","protected":false},"author":539,"featured_media":0,"parent":0,"menu_order":0,"comment_status":"closed","ping_status":"open","template":"themetemplates_main-templates\/front-page","meta":{"footnotes":""},"class_list":["post-31","page","type-page","status-publish","hentry"],"_links":{"self":[{"href":"https:\/\/sites.ipleiria.pt\/comAcesso\/wp-json\/wp\/v2\/pages\/31","targetHints":{"allow":["GET"]}}],"collection":[{"href":"https:\/\/sites.ipleiria.pt\/comAcesso\/wp-json\/wp\/v2\/pages"}],"about":[{"href":"https:\/\/sites.ipleiria.pt\/comAcesso\/wp-json\/wp\/v2\/types\/page"}],"author":[{"embeddable":true,"href":"https:\/\/sites.ipleiria.pt\/comAcesso\/wp-json\/wp\/v2\/users\/539"}],"replies":[{"embeddable":true,"href":"https:\/\/sites.ipleiria.pt\/comAcesso\/wp-json\/wp\/v2\/comments?post=31"}],"version-history":[{"count":4,"href":"https:\/\/sites.ipleiria.pt\/comAcesso\/wp-json\/wp\/v2\/pages\/31\/revisions"}],"predecessor-version":[{"id":285,"href":"https:\/\/sites.ipleiria.pt\/comAcesso\/wp-json\/wp\/v2\/pages\/31\/revisions\/285"}],"wp:attachment":[{"href":"https:\/\/sites.ipleiria.pt\/comAcesso\/wp-json\/wp\/v2\/media?parent=31"}],"curies":[{"name":"wp","href":"https:\/\/api.w.org\/{rel}","templated":true}]}}