{"id":311,"date":"2019-07-27T00:39:56","date_gmt":"2019-07-27T00:39:56","guid":{"rendered":"https:\/\/sites.ipleiria.pt\/comAcesso\/?page_id=311"},"modified":"2020-08-14T23:38:38","modified_gmt":"2020-08-14T23:38:38","slug":"conformidade-de-acessibilidade-teatro-sao-luiz","status":"publish","type":"page","link":"https:\/\/sites.ipleiria.pt\/comAcesso\/conformidade-de-acessibilidade-teatro-sao-luiz\/","title":{"rendered":"Conformidade de acessibilidade Teatro S\u00e3o Luiz"},"content":{"rendered":"\n<p>&#8220;Este Site supera o n\u00edvel de conformidade AA e cumpre com todos os crit\u00e9rios de acessibilidade de n\u00edvel AAA aplic\u00e1veis.<\/p>\n\n\n\n<p>Declara\u00e7\u00e3o de conformidade em elabora\u00e7\u00e3o.<\/p>\n\n\n\n<p>Peritagem de acessibilidade por:<br>Norberto Sousa<br>comAcesso.pt<br>15 de mar\u00e7o de 2019<\/p>\n","protected":false},"excerpt":{"rendered":"&#8220;Este Site supera o n\u00edvel de conformidade AA e cumpre com todos os crit\u00e9rios de acessibilidade de n\u00edvel AAA aplic\u00e1veis. Declara\u00e7\u00e3o de conformidade em elabora\u00e7\u00e3o. Peritagem de acessibilidade por:Norberto SousacomAcesso.pt15 de mar\u00e7o de 2019","protected":false},"author":539,"featured_media":0,"parent":0,"menu_order":0,"comment_status":"closed","ping_status":"closed","template":"","meta":{"footnotes":""},"class_list":["post-311","page","type-page","status-publish","hentry"],"_links":{"self":[{"href":"https:\/\/sites.ipleiria.pt\/comAcesso\/wp-json\/wp\/v2\/pages\/311","targetHints":{"allow":["GET"]}}],"collection":[{"href":"https:\/\/sites.ipleiria.pt\/comAcesso\/wp-json\/wp\/v2\/pages"}],"about":[{"href":"https:\/\/sites.ipleiria.pt\/comAcesso\/wp-json\/wp\/v2\/types\/page"}],"author":[{"embeddable":true,"href":"https:\/\/sites.ipleiria.pt\/comAcesso\/wp-json\/wp\/v2\/users\/539"}],"replies":[{"embeddable":true,"href":"https:\/\/sites.ipleiria.pt\/comAcesso\/wp-json\/wp\/v2\/comments?post=311"}],"version-history":[{"count":1,"href":"https:\/\/sites.ipleiria.pt\/comAcesso\/wp-json\/wp\/v2\/pages\/311\/revisions"}],"predecessor-version":[{"id":312,"href":"https:\/\/sites.ipleiria.pt\/comAcesso\/wp-json\/wp\/v2\/pages\/311\/revisions\/312"}],"wp:attachment":[{"href":"https:\/\/sites.ipleiria.pt\/comAcesso\/wp-json\/wp\/v2\/media?parent=311"}],"curies":[{"name":"wp","href":"https:\/\/api.w.org\/{rel}","templated":true}]}}