{"id":315,"date":"2019-06-04T00:48:04","date_gmt":"2019-06-04T00:48:04","guid":{"rendered":"https:\/\/sites.ipleiria.pt\/comAcesso\/?page_id=315"},"modified":"2020-08-14T23:48:48","modified_gmt":"2020-08-14T23:48:48","slug":"conformidade-de-acessibilidade-padrao-dos-descobrimentos","status":"publish","type":"page","link":"https:\/\/sites.ipleiria.pt\/comAcesso\/conformidade-de-acessibilidade-padrao-dos-descobrimentos\/","title":{"rendered":"Conformidade de acessibilidade Padr\u00e3o dos Descobrimentos"},"content":{"rendered":"\n<p>&#8220;Este Site supera o n\u00edvel de conformidade AA e cumpre com todos os crit\u00e9rios de acessibilidade de n\u00edvel AAA aplic\u00e1veis.<\/p>\n\n\n\n<p>Declara\u00e7\u00e3o de conformidade em elabora\u00e7\u00e3o.<\/p>\n\n\n\n<p>Peritagem de acessibilidade por:<br>Norberto Sousa<br>comAcesso.pt<\/p>\n\n\n\n<p>25\/06\/2019<\/p>\n","protected":false},"excerpt":{"rendered":"&#8220;Este Site supera o n\u00edvel de conformidade AA e cumpre com todos os crit\u00e9rios de acessibilidade de n\u00edvel AAA aplic\u00e1veis. Declara\u00e7\u00e3o de conformidade em elabora\u00e7\u00e3o. Peritagem de acessibilidade por:Norberto SousacomAcesso.pt 25\/06\/2019","protected":false},"author":539,"featured_media":0,"parent":0,"menu_order":0,"comment_status":"closed","ping_status":"closed","template":"","meta":{"footnotes":""},"class_list":["post-315","page","type-page","status-publish","hentry"],"_links":{"self":[{"href":"https:\/\/sites.ipleiria.pt\/comAcesso\/wp-json\/wp\/v2\/pages\/315","targetHints":{"allow":["GET"]}}],"collection":[{"href":"https:\/\/sites.ipleiria.pt\/comAcesso\/wp-json\/wp\/v2\/pages"}],"about":[{"href":"https:\/\/sites.ipleiria.pt\/comAcesso\/wp-json\/wp\/v2\/types\/page"}],"author":[{"embeddable":true,"href":"https:\/\/sites.ipleiria.pt\/comAcesso\/wp-json\/wp\/v2\/users\/539"}],"replies":[{"embeddable":true,"href":"https:\/\/sites.ipleiria.pt\/comAcesso\/wp-json\/wp\/v2\/comments?post=315"}],"version-history":[{"count":2,"href":"https:\/\/sites.ipleiria.pt\/comAcesso\/wp-json\/wp\/v2\/pages\/315\/revisions"}],"predecessor-version":[{"id":358,"href":"https:\/\/sites.ipleiria.pt\/comAcesso\/wp-json\/wp\/v2\/pages\/315\/revisions\/358"}],"wp:attachment":[{"href":"https:\/\/sites.ipleiria.pt\/comAcesso\/wp-json\/wp\/v2\/media?parent=315"}],"curies":[{"name":"wp","href":"https:\/\/api.w.org\/{rel}","templated":true}]}}