{"id":330,"date":"2018-09-25T22:24:06","date_gmt":"2018-09-25T22:24:06","guid":{"rendered":"https:\/\/sites.ipleiria.pt\/comAcesso\/?page_id=330"},"modified":"2020-09-11T22:11:15","modified_gmt":"2020-09-11T22:11:15","slug":"conformidade-de-acessibilidade-cultura-acessivel","status":"publish","type":"page","link":"https:\/\/sites.ipleiria.pt\/comAcesso\/conformidade-de-acessibilidade-cultura-acessivel\/","title":{"rendered":"Conformidade de acessibilidade Cultura Acess\u00edvel"},"content":{"rendered":"\n<h2 class=\"wp-block-heading\">Contextualiza\u00e7\u00e3o do processo de valida\u00e7\u00e3o<\/h2>\n\n\n\n<p>O processo de valida\u00e7\u00e3o autom\u00e1tica e manual de acessibilidade teve como base de trabalho as <a href=\"https:\/\/www.w3.org\/TR\/WCAG21\/\">Diretrizes de Acessibilidade para Conte\u00fado Web (WCAG) 2.1 do W3C\u00a0(vers\u00e3o em ingl\u00eas)<\/a>.<br>Pode consultar ainda a <a href=\"https:\/\/www.w3.org\/Translations\/WCAG20-pt-PT\/\">vers\u00e3o anterior das diretrizes, WCAG 2.0\u00a0(em portugu\u00eas)<\/a>.<br>Todas as p\u00e1ginas do website a que se refere a presente declara\u00e7\u00e3o foram validadas automaticamente com recurso aos validadores AccessMonitor e W3C, superando todos os testes do n\u00edvel de conformidade AAA. No entanto, e uma vez que os validadores autom\u00e1ticos n\u00e3o t\u00eam capacidade de validar todos os crit\u00e9rios de sucesso das WCAG, foi efetuada uma peritagem de acessibilidade manual para que a acessibilidade da interface do website e dos seus conte\u00fados fosse garantida.<\/p>\n\n\n\n<p>A peritagem manual de acessibilidade teve em considera\u00e7\u00e3o os diferentes perfis de utilizador, pelo que foram realizados testes de navega\u00e7\u00e3o s\u00f3 por teclado, foram utilizados diferentes navegadores Web, v\u00e1rios dispositivos (incluindo PC e Smartphones) e diversos produtos de apoio. Foram ainda despistadas carater\u00edsticas que pudessem colocar em causa o acesso aos conte\u00fados por parte dos utilizadores, em especial pessoas com dislexia, daltonismo, dificuldade de leitura.<br>Foram ainda realizados testes de usabilidade com diferentes grupos de utilizadores para identificar se a consulta do site era fluida, se as formas de pesquisa e as informa\u00e7\u00f5es obtidas eram claras. Foram ainda efetuados v\u00e1rios testes t\u00e9cnicos para garantir que o website possa ser acedido facilmente nos diferentes navegadores, incluindo navegadores que n\u00e3o suportam JavaScript.<\/p>\n\n\n\n<h2 class=\"wp-block-heading\">N\u00edvel real de conformidade WCAG 2.1<\/h2>\n\n\n\n<p>\u00c0 data de 25 de setembro de 2018, todas as p\u00e1ginas do website Cultura Acess\u00edvel cumprem com o n\u00edvel de conformidade AA. Cumprem ainda com v\u00e1rios crit\u00e9rios de sucesso do n\u00edvel de conformidade AAA.<\/p>\n\n\n\n<h2 class=\"wp-block-heading\">Crit\u00e9rios de sucesso n\u00e3o conformes e crit\u00e9rios superados<\/h2>\n\n\n\n<p>Todas as p\u00e1ginas do website cumprem com todos os crit\u00e9rios de sucesso de n\u00edvel AAA das WCAG 2.1 aplic\u00e1veis.<br>De salientar o cumprimento ou disponibiliza\u00e7\u00e3o de alternativas para os seguintes crit\u00e9rios de sucesso:<br>1.4.6 Contraste (Melhorado);<br>3.1.4 Abreviaturas;<br>3.3.5 Ajuda;<br>4.1.3 Mensagens de estado.<\/p>\n\n\n\n<h2 class=\"wp-block-heading\">Tecnologia utilizada na An\u00e1lise<\/h2>\n\n\n\n<p>Leitores de ecr\u00e3: Jaws R.2018; NVDA 2018.2;<br>Navegadores: IE 11, Mozilla Firefox 61.0.2, Google Chrome 68.0.3; Microsoft Edge;<br>Smartphones: sistema Android 7.1 e Ios 11.2;<br>Linha Braille: Braille Sense U2 mini;<br>Validadores de Acessibilidade: AccessMonitor e validador do W3C.<\/p>\n\n\n\n<h2 class=\"wp-block-heading\">Considera\u00e7\u00f5es finais<\/h2>\n\n\n\n<p>\u00c0 data de publica\u00e7\u00e3o desta declara\u00e7\u00e3o, o website Cultura Acess\u00edvel cumpre todos os crit\u00e9rios de sucesso de conformidade AAA aplic\u00e1veis e oferece uma navega\u00e7\u00e3o robusta em diferentes dispositivos. De destacar que todos os crit\u00e9rios de sucesso aplic\u00e1veis da recente vers\u00e3o das Diretrizes de Acessibilidade de Conte\u00fados Web, WCAG 2.1, foram cumpridos. Todavia, o website continuar\u00e1 a ser monitorizado para manter o n\u00edvel de conformidade de acessibilidade.<\/p>\n\n\n\n<p>Sempre que se justifique esta declara\u00e7\u00e3o ser\u00e1 atualizada.<\/p>\n\n\n\n<p>O conte\u00fado desta declara\u00e7\u00e3o refere-se exclusivamente ao website Cultura Acess\u00edvel, n\u00e3o podendo ser copiado ou utilizado de forma alguma noutro dom\u00ednio, a menos que seja concedida permiss\u00e3o.<\/p>\n\n\n\n<p>Norberto Sousa<\/p>\n\n\n\n<p>comAcesso<\/p>\n\n\n\n<p>25 de setembro de 2018<\/p>\n","protected":false},"excerpt":{"rendered":"Contextualiza\u00e7\u00e3o do processo de valida\u00e7\u00e3o O processo de valida\u00e7\u00e3o autom\u00e1tica e manual de acessibilidade teve como base de trabalho as Diretrizes de Acessibilidade para Conte\u00fado Web (WCAG) 2.1 do W3C\u00a0(vers\u00e3o em ingl\u00eas).Pode consultar ainda a vers\u00e3o anterior das diretrizes, WCAG 2.0\u00a0(em portugu\u00eas).Todas as p\u00e1ginas do website a que se refere a presente declara\u00e7\u00e3o foram validadas [&hellip;]","protected":false},"author":539,"featured_media":0,"parent":0,"menu_order":0,"comment_status":"closed","ping_status":"closed","template":"","meta":{"footnotes":""},"class_list":["post-330","page","type-page","status-publish","hentry"],"_links":{"self":[{"href":"https:\/\/sites.ipleiria.pt\/comAcesso\/wp-json\/wp\/v2\/pages\/330","targetHints":{"allow":["GET"]}}],"collection":[{"href":"https:\/\/sites.ipleiria.pt\/comAcesso\/wp-json\/wp\/v2\/pages"}],"about":[{"href":"https:\/\/sites.ipleiria.pt\/comAcesso\/wp-json\/wp\/v2\/types\/page"}],"author":[{"embeddable":true,"href":"https:\/\/sites.ipleiria.pt\/comAcesso\/wp-json\/wp\/v2\/users\/539"}],"replies":[{"embeddable":true,"href":"https:\/\/sites.ipleiria.pt\/comAcesso\/wp-json\/wp\/v2\/comments?post=330"}],"version-history":[{"count":4,"href":"https:\/\/sites.ipleiria.pt\/comAcesso\/wp-json\/wp\/v2\/pages\/330\/revisions"}],"predecessor-version":[{"id":409,"href":"https:\/\/sites.ipleiria.pt\/comAcesso\/wp-json\/wp\/v2\/pages\/330\/revisions\/409"}],"wp:attachment":[{"href":"https:\/\/sites.ipleiria.pt\/comAcesso\/wp-json\/wp\/v2\/media?parent=330"}],"curies":[{"name":"wp","href":"https:\/\/api.w.org\/{rel}","templated":true}]}}