{"id":99,"date":"2013-11-29T22:09:19","date_gmt":"2013-11-29T22:09:19","guid":{"rendered":"http:\/\/insia.wordpress.forinsia.com\/comacesso\/?page_id=99"},"modified":"2020-08-14T20:49:18","modified_gmt":"2020-08-14T20:49:18","slug":"sobre-a-comacesso","status":"publish","type":"page","link":"https:\/\/sites.ipleiria.pt\/comAcesso\/sobre-a-comacesso\/","title":{"rendered":"Sobre a comAcesso"},"content":{"rendered":"\n<p>Apresentado em janeiro de 2010 com o objetivo de sensibilizar as entidades educativas e culturais para a import\u00e2ncia da acessibilidade Web e digital, a comAcesso revalidou em 2014 a atualidade deste objetivo, com nova imagem e \u00e2mbito de a\u00e7\u00e3o mais alargado.<\/p>\n\n\n\n<h2 class=\"wp-block-heading\">Origem do projeto<\/h2>\n\n\n\n<p>O projeto comAcesso foi apresentado em Janeiro de 2010 no IV SemiME, Semin\u00e1rio &#8220;Exclus\u00e3o Digital na Sociedade de Informa\u00e7\u00e3o&#8221;, na Faculdade de Motricidade Humana de Lisboa. A cria\u00e7\u00e3o deste projeto foi a efetiva\u00e7\u00e3o de um sonho an\u00e1logo de Norberto Sousa e de Ricardo Monteiro de criar um espa\u00e7o Online onde se pudesse sensibilizar para a import\u00e2ncia da acessibilidade da Web. Os cerca de 10 anos de experi\u00eancia de Norberto Sousa em utiliza\u00e7\u00e3o de v\u00e1rios leitores de ecr\u00e3 e outras tecnologias de apoio na intera\u00e7\u00e3o com os diferentes navegadores de Internet, juntamente com os conhecimentos de Ricardo Monteiro em acessibilidade e design adquiridos na p\u00f3s-gradua\u00e7\u00e3o em acessibilidade e no seu curso de Design, acrescido da experi\u00eancia conjunta em consultoria em acessibilidade, destacando-se os Sites do Banco de Portugal, do Continente Online e do Museu da Batalha, permitiu-lhes avan\u00e7ar para a cria\u00e7\u00e3o deste projeto com vista a colaborarem com institui\u00e7\u00f5es e empresas na redu\u00e7\u00e3o das barreiras de acessibilidade existentes nos seus Sites.<\/p>\n\n\n\n<p>O projeto comAcesso, inicialmente com o lema \u201cComunica\u00e7\u00e3o acess\u00edvel para todos, com diferen\u00e7as pela igualdade\u201d, tinha como objetivo fundamental a sensibiliza\u00e7\u00e3o para a import\u00e2ncia da acessibilidade Web e a disponibiliza\u00e7\u00e3o de servi\u00e7os de consultoria, principalmente a entidades educativas e culturais. Isto n\u00e3o significava que as barreiras de acessibilidade se restringissem a estas \u00e1reas, visto que a falta de acessibilidade era, e \u00e9, uma realidade nos mais variados sectores. Face a este problema, havia a necessidade de se selecionar um sector. Optou-se, assim, por come\u00e7ar por sectores fundamentais para a aprendizagem, integra\u00e7\u00e3o e comunica\u00e7\u00e3o do ser humano.<\/p>\n\n\n\n<h2 class=\"wp-block-heading\">Um novo Slogan, um novo \u00e2mbito<\/h2>\n\n\n\n<p>Desde a apresenta\u00e7\u00e3o do projeto, a equipa comAcesso analisou v\u00e1rios sites de empresas e teve acesso a v\u00e1rios estudos que revelaram que a maioria dos sites do sector comercial apresenta grandes lacunas de acessibilidade que impedem o acesso a v\u00e1rios grupos de clientes, a produtos e servi\u00e7os. Foi por esse motivo que a comAcesso, aproveitando a remodela\u00e7\u00e3o do Site, alargou o seu \u00e2mbito de a\u00e7\u00e3o e os seus servi\u00e7os. Surge assim, em 2014, a comAcesso com uma nova imagem e um novo slogan, \u201cD\u00ea acesso, ganhe oportunidades!\u201d, tentando despertar as empresas para a import\u00e2ncia da acessibilidade nos seus produtos digitais e servi\u00e7os Online.<\/p>\n\n\n\n<p>Pretendendo consolidar o seu pioneirismo e qualidade na presta\u00e7\u00e3o de servi\u00e7os de acessibilidade Web e Digital e oferecer cada vez mais solu\u00e7\u00f5es aos seus clientes, a comAcesso tem planeado a inclus\u00e3o de novos servi\u00e7os e a celebra\u00e7\u00e3o de parcerias a m\u00e9dio e longo prazo.<\/p>\n\n\n\n<hr class=\"wp-block-separator\"\/>\n\n\n\n<p><\/p>\n","protected":false},"excerpt":{"rendered":"Apresentado em janeiro de 2010 com o objetivo de sensibilizar as entidades educativas e culturais para a import\u00e2ncia da acessibilidade Web e digital, a comAcesso revalidou em 2014 a atualidade deste objetivo, com nova imagem e \u00e2mbito de a\u00e7\u00e3o mais alargado. Origem do projeto O projeto comAcesso foi apresentado em Janeiro de 2010 no IV [&hellip;]","protected":false},"author":539,"featured_media":0,"parent":0,"menu_order":0,"comment_status":"closed","ping_status":"closed","template":"","meta":{"footnotes":""},"class_list":["post-99","page","type-page","status-publish","hentry"],"_links":{"self":[{"href":"https:\/\/sites.ipleiria.pt\/comAcesso\/wp-json\/wp\/v2\/pages\/99","targetHints":{"allow":["GET"]}}],"collection":[{"href":"https:\/\/sites.ipleiria.pt\/comAcesso\/wp-json\/wp\/v2\/pages"}],"about":[{"href":"https:\/\/sites.ipleiria.pt\/comAcesso\/wp-json\/wp\/v2\/types\/page"}],"author":[{"embeddable":true,"href":"https:\/\/sites.ipleiria.pt\/comAcesso\/wp-json\/wp\/v2\/users\/539"}],"replies":[{"embeddable":true,"href":"https:\/\/sites.ipleiria.pt\/comAcesso\/wp-json\/wp\/v2\/comments?post=99"}],"version-history":[{"count":7,"href":"https:\/\/sites.ipleiria.pt\/comAcesso\/wp-json\/wp\/v2\/pages\/99\/revisions"}],"predecessor-version":[{"id":346,"href":"https:\/\/sites.ipleiria.pt\/comAcesso\/wp-json\/wp\/v2\/pages\/99\/revisions\/346"}],"wp:attachment":[{"href":"https:\/\/sites.ipleiria.pt\/comAcesso\/wp-json\/wp\/v2\/media?parent=99"}],"curies":[{"name":"wp","href":"https:\/\/api.w.org\/{rel}","templated":true}]}}