{"id":10,"date":"2013-05-08T16:20:59","date_gmt":"2013-05-08T16:20:59","guid":{"rendered":"http:\/\/sites.ipleiria.pt\/conferenciainternacionalobidoscriativa\/?page_id=10"},"modified":"2013-05-17T14:40:20","modified_gmt":"2013-05-17T14:40:20","slug":"apoios","status":"publish","type":"page","link":"https:\/\/sites.ipleiria.pt\/conferenciainternacionalobidoscriativa\/apoios\/","title":{"rendered":"Apoios"},"content":{"rendered":"<p>Munic\u00edpio de \u00d3bidos<br \/>\nEmpresa Municipal \u00d3bidos Criativa<br \/>\nAgrupamento de Escolas Josefa de \u00d3bidos<br \/>\nEscola Superior de Educa\u00e7\u00e3o e Ci\u00eancias Sociais do Instituto Polit\u00e9cnico e Leiria<br \/>\nAssocia\u00e7\u00e3o Nacional de Anima\u00e7\u00e3o e Educa\u00e7\u00e3o<br \/>\nAg\u00eancia Nacional PROALV &#8211; Programa Aprendizagem ao Longo da Vida<br \/>\nCentro Internacional Loris Malaguzzi<br \/>\nMunic\u00edpio de Reggio Emilia<\/p>\n","protected":false},"excerpt":{"rendered":"<p>Munic\u00edpio de \u00d3bidos Empresa Municipal \u00d3bidos Criativa Agrupamento de Escolas Josefa de \u00d3bidos Escola Superior de Educa\u00e7\u00e3o e Ci\u00eancias Sociais do Instituto Polit\u00e9cnico e Leiria Associa\u00e7\u00e3o Nacional de Anima\u00e7\u00e3o e Educa\u00e7\u00e3o Ag\u00eancia Nacional PROALV &#8211; Programa Aprendizagem ao Longo da Vida Centro Internacional Loris Malaguzzi Munic\u00edpio de Reggio Emilia<\/p>\n","protected":false},"author":102,"featured_media":0,"parent":0,"menu_order":6,"comment_status":"closed","ping_status":"closed","template":"","meta":{"footnotes":""},"class_list":["post-10","page","type-page","status-publish","hentry"],"_links":{"self":[{"href":"https:\/\/sites.ipleiria.pt\/conferenciainternacionalobidoscriativa\/wp-json\/wp\/v2\/pages\/10","targetHints":{"allow":["GET"]}}],"collection":[{"href":"https:\/\/sites.ipleiria.pt\/conferenciainternacionalobidoscriativa\/wp-json\/wp\/v2\/pages"}],"about":[{"href":"https:\/\/sites.ipleiria.pt\/conferenciainternacionalobidoscriativa\/wp-json\/wp\/v2\/types\/page"}],"author":[{"embeddable":true,"href":"https:\/\/sites.ipleiria.pt\/conferenciainternacionalobidoscriativa\/wp-json\/wp\/v2\/users\/102"}],"replies":[{"embeddable":true,"href":"https:\/\/sites.ipleiria.pt\/conferenciainternacionalobidoscriativa\/wp-json\/wp\/v2\/comments?post=10"}],"version-history":[{"count":6,"href":"https:\/\/sites.ipleiria.pt\/conferenciainternacionalobidoscriativa\/wp-json\/wp\/v2\/pages\/10\/revisions"}],"predecessor-version":[{"id":146,"href":"https:\/\/sites.ipleiria.pt\/conferenciainternacionalobidoscriativa\/wp-json\/wp\/v2\/pages\/10\/revisions\/146"}],"wp:attachment":[{"href":"https:\/\/sites.ipleiria.pt\/conferenciainternacionalobidoscriativa\/wp-json\/wp\/v2\/media?parent=10"}],"curies":[{"name":"wp","href":"https:\/\/api.w.org\/{rel}","templated":true}]}}