{"id":35,"date":"2013-05-09T16:22:41","date_gmt":"2013-05-09T16:22:41","guid":{"rendered":"http:\/\/sites.ipleiria.pt\/conferenciainternacionalobidoscriativa\/?page_id=35"},"modified":"2013-05-10T09:55:33","modified_gmt":"2013-05-10T09:55:33","slug":"esclarecimentos","status":"publish","type":"page","link":"https:\/\/sites.ipleiria.pt\/conferenciainternacionalobidoscriativa\/esclarecimentos\/","title":{"rendered":"D\u00favidas"},"content":{"rendered":"<p>Pode deixar, neste espa\u00e7o, d\u00favidas, quest\u00f5es ou coment\u00e1rios relativamente \u00e0 Confer\u00eancia Internacional \u00d3bidos Criativa.<\/p>\n","protected":false},"excerpt":{"rendered":"<p>Pode deixar, neste espa\u00e7o, d\u00favidas, quest\u00f5es ou coment\u00e1rios relativamente \u00e0 Confer\u00eancia Internacional \u00d3bidos Criativa.<\/p>\n","protected":false},"author":1553,"featured_media":0,"parent":0,"menu_order":7,"comment_status":"open","ping_status":"closed","template":"","meta":{"footnotes":""},"class_list":["post-35","page","type-page","status-publish","hentry"],"_links":{"self":[{"href":"https:\/\/sites.ipleiria.pt\/conferenciainternacionalobidoscriativa\/wp-json\/wp\/v2\/pages\/35","targetHints":{"allow":["GET"]}}],"collection":[{"href":"https:\/\/sites.ipleiria.pt\/conferenciainternacionalobidoscriativa\/wp-json\/wp\/v2\/pages"}],"about":[{"href":"https:\/\/sites.ipleiria.pt\/conferenciainternacionalobidoscriativa\/wp-json\/wp\/v2\/types\/page"}],"author":[{"embeddable":true,"href":"https:\/\/sites.ipleiria.pt\/conferenciainternacionalobidoscriativa\/wp-json\/wp\/v2\/users\/1553"}],"replies":[{"embeddable":true,"href":"https:\/\/sites.ipleiria.pt\/conferenciainternacionalobidoscriativa\/wp-json\/wp\/v2\/comments?post=35"}],"version-history":[{"count":4,"href":"https:\/\/sites.ipleiria.pt\/conferenciainternacionalobidoscriativa\/wp-json\/wp\/v2\/pages\/35\/revisions"}],"predecessor-version":[{"id":100,"href":"https:\/\/sites.ipleiria.pt\/conferenciainternacionalobidoscriativa\/wp-json\/wp\/v2\/pages\/35\/revisions\/100"}],"wp:attachment":[{"href":"https:\/\/sites.ipleiria.pt\/conferenciainternacionalobidoscriativa\/wp-json\/wp\/v2\/media?parent=35"}],"curies":[{"name":"wp","href":"https:\/\/api.w.org\/{rel}","templated":true}]}}